{"id":18130,"date":"2017-11-29T15:29:11","date_gmt":"2017-11-29T14:29:11","guid":{"rendered":"http:\/\/165.227.105.105\/tambores-motrices-drumo\/"},"modified":"2019-11-06T12:03:27","modified_gmt":"2019-11-06T11:03:27","slug":"tambores-motrices-drumo","status":"publish","type":"page","link":"https:\/\/www.mecadrum.com\/es\/tambores-motrices-drumo\/","title":{"rendered":"Tambores motrices DRUMO\u00ae"},"content":{"rendered":"<p>[vc_row css_animation=&#8221;&#8221; row_type=&#8221;row&#8221; use_row_as_full_screen_section=&#8221;yes&#8221; type=&#8221;full_width&#8221; angled_section=&#8221;no&#8221; text_align=&#8221;left&#8221; background_image_as_pattern=&#8221;without_pattern&#8221;][vc_column width=&#8221;2\/3&#8243;][vc_column_text]Mecadrum ofrece una completa gama de mototambores DRUMO\u00ae, de di\u00e1metros entre 166 y 630, y de entre 0,37 kW y 18 kW.[\/vc_column_text][\/vc_column][vc_column width=&#8221;1\/3&#8243;][vc_column_text css=&#8221;.vc_custom_1511822900253{padding-top: 10px !important;padding-right: 10px !important;padding-bottom: 10px !important;padding-left: 10px !important;background-color: #b22222 !important;}&#8221;]<\/p>\n<h5>Para cualquier solicitud de precio, por favor descarga, completa y envianos las fichas t\u00e9cnicas imprescindibles para un tratamiento rapido de su demanda.<\/h5>\n<p>[\/vc_column_text][vc_separator type=&#8221;transparent&#8221; down=&#8221;10&#8243;][vc_column_text]<a href=\"https:\/\/www.mecadrum.com\/wp-content\/uploads\/2017\/09\/cotes_d__encombrement_tm_et_tq.pdf\" target=\"_blank\" rel=\"noopener noreferrer\"><span data-type=\"normal\"  class=\"qode_icon_shortcode  q_font_awsome_icon   \" style=\" \"><i class=\"qode_icon_font_awesome fa fa-download qode_icon_element\" style=\"\" ><\/i><\/span>Cote d&#8217;encombrement des tambours moteurs et tambours libres <\/a><\/p>\n<p><a href=\"https:\/\/www.mecadrum.com\/wp-content\/uploads\/2017\/09\/tambour_moteur_fr.pdf\" target=\"_blank\" rel=\"noopener noreferrer\"><span data-type=\"normal\"  class=\"qode_icon_shortcode  q_font_awsome_icon   \" style=\" \"><i class=\"qode_icon_font_awesome fa fa-download qode_icon_element\" style=\"\" ><\/i><\/span>Plaquette tambour moteur Drumo<\/a>[\/vc_column_text][\/vc_column][\/vc_row][vc_row css_animation=&#8221;&#8221; row_type=&#8221;row&#8221; use_row_as_full_screen_section=&#8221;no&#8221; type=&#8221;full_width&#8221; angled_section=&#8221;no&#8221; text_align=&#8221;left&#8221; background_image_as_pattern=&#8221;without_pattern&#8221;][vc_column][vc_accordion active_tab=&#8221;false&#8221; collapsible=&#8221;yes&#8221; style=&#8221;accordion&#8221;][vc_accordion_tab title=&#8221;DRUMO\u00ae \u00f8166 Tipo RA&#8221; el_id=&#8221;tambour-DRUMO-166-type-RA&#8221;][vc_row_inner row_type=&#8221;row&#8221; type=&#8221;full_width&#8221; text_align=&#8221;left&#8221; css_animation=&#8221;&#8221;][vc_column_inner width=&#8221;2\/3&#8243;][vc_single_image image=&#8221;15549&#8243; img_size=&#8221;medium&#8221; qode_css_animation=&#8221;&#8221;][\/vc_column_inner][vc_column_inner width=&#8221;1\/3&#8243;][vc_column_text]<a href=\"https:\/\/www.mecadrum.com\/wp-content\/uploads\/2017\/09\/drumo_type_ra_diam_160.pdf\" target=\"_blank\" rel=\"noopener noreferrer\"><span data-type=\"normal\"  class=\"qode_icon_shortcode  q_font_awsome_icon   \" style=\" \"><i class=\"qode_icon_font_awesome fa fa-download qode_icon_element\" style=\"\" ><\/i><\/span>VUE ECLATEE TYPE RA<\/a><br \/>\n(Pour imprimer ajuster \u00e0 30%)[\/vc_column_text][\/vc_column_inner][\/vc_row_inner][\/vc_accordion_tab][vc_accordion_tab title=&#8221;DRUMO\u00ae \u00d8217 Tipo A et B&#8221;][vc_row_inner row_type=&#8221;row&#8221; type=&#8221;full_width&#8221; text_align=&#8221;left&#8221; css_animation=&#8221;&#8221;][vc_column_inner width=&#8221;2\/3&#8243;][vc_single_image image=&#8221;15626&#8243; img_size=&#8221;medium&#8221; qode_css_animation=&#8221;&#8221;][\/vc_column_inner][vc_column_inner width=&#8221;1\/3&#8243;][vc_column_text]<a href=\"https:\/\/www.mecadrum.com\/wp-content\/uploads\/2017\/09\/drumo_type_a_face_1.pdf\" target=\"_blank\" rel=\"noopener noreferrer\"><span data-type=\"normal\"  class=\"qode_icon_shortcode  q_font_awsome_icon   \" style=\" \"><i class=\"qode_icon_font_awesome fa fa-download qode_icon_element\" style=\"\" ><\/i><\/span>VUE ECLATEE Type A face 1<\/a><\/p>\n<p><a href=\"https:\/\/www.mecadrum.com\/wp-content\/uploads\/2017\/09\/drumo_type_a_face_2.pdf\" target=\"_blank\" rel=\"noopener noreferrer\"><span data-type=\"normal\"  class=\"qode_icon_shortcode  q_font_awsome_icon   \" style=\" \"><i class=\"qode_icon_font_awesome fa fa-download qode_icon_element\" style=\"\" ><\/i><\/span>VUE ECLATEE Type A face 2<\/a><\/p>\n<p><a href=\"https:\/\/www.mecadrum.com\/wp-content\/uploads\/2017\/09\/drumo_type_b_face_1.pdf\"><span data-type=\"normal\"  class=\"qode_icon_shortcode  q_font_awsome_icon   \" style=\" \"><i class=\"qode_icon_font_awesome fa fa-download qode_icon_element\" style=\"\" ><\/i><\/span>VUE ECLATEE Type B face 1<\/a><\/p>\n<p><a href=\"https:\/\/www.mecadrum.com\/wp-content\/uploads\/2017\/09\/drumo_type_b_face_2.pdf\"><span data-type=\"normal\"  class=\"qode_icon_shortcode  q_font_awsome_icon   \" style=\" \"><i class=\"qode_icon_font_awesome fa fa-download qode_icon_element\" style=\"\" ><\/i><\/span>VUE ECLATEE Type B face 2<\/a>[\/vc_column_text][\/vc_column_inner][\/vc_row_inner][\/vc_accordion_tab][vc_accordion_tab title=&#8221;DRUMO\u00ae \u00d8244 Tipo DA et DB&#8221;][vc_row_inner row_type=&#8221;row&#8221; type=&#8221;full_width&#8221; text_align=&#8221;left&#8221; css_animation=&#8221;&#8221;][vc_column_inner width=&#8221;2\/3&#8243;][vc_single_image image=&#8221;15627&#8243; img_size=&#8221;medium&#8221; qode_css_animation=&#8221;&#8221;][\/vc_column_inner][vc_column_inner width=&#8221;1\/3&#8243;][vc_column_text]<a href=\"https:\/\/www.mecadrum.com\/wp-content\/uploads\/2017\/09\/drumo_type_a_face_1.pdf\" target=\"_blank\" rel=\"noopener noreferrer\"><span data-type=\"normal\"  class=\"qode_icon_shortcode  q_font_awsome_icon   \" style=\" \"><i class=\"qode_icon_font_awesome fa fa-download qode_icon_element\" style=\"\" ><\/i><\/span>VUE ECLATEE Type DA face 1<\/a><\/p>\n<p><a href=\"https:\/\/www.mecadrum.com\/wp-content\/uploads\/2017\/09\/drumo_type_a_face_2.pdf\" target=\"_blank\" rel=\"noopener noreferrer\"><span data-type=\"normal\"  class=\"qode_icon_shortcode  q_font_awsome_icon   \" style=\" \"><i class=\"qode_icon_font_awesome fa fa-download qode_icon_element\" style=\"\" ><\/i><\/span>VUE ECLATEE Type DA face 2<\/a><\/p>\n<p><a href=\"https:\/\/www.mecadrum.com\/wp-content\/uploads\/2017\/09\/drumo_type_b_face_1.pdf\" target=\"_blank\" rel=\"noopener noreferrer\">\u00a0<span data-type=\"normal\"  class=\"qode_icon_shortcode  q_font_awsome_icon   \" style=\" \"><i class=\"qode_icon_font_awesome fa fa-download qode_icon_element\" style=\"\" ><\/i><\/span>VUE ECLATEE Type DB face 1<\/a><\/p>\n<p><a href=\"https:\/\/www.mecadrum.com\/wp-content\/uploads\/2017\/09\/drumo_type_b_face_2.pdf\" target=\"_blank\" rel=\"noopener noreferrer\"><span data-type=\"normal\"  class=\"qode_icon_shortcode  q_font_awsome_icon   \" style=\" \"><i class=\"qode_icon_font_awesome fa fa-download qode_icon_element\" style=\"\" ><\/i><\/span>VUE ECLATEE Type DB face 2<\/a>[\/vc_column_text][\/vc_column_inner][\/vc_row_inner][\/vc_accordion_tab][vc_accordion_tab title=&#8221;DRUMO\u00ae \u00d8320 Tipo CA et CB&#8221;][vc_row_inner row_type=&#8221;row&#8221; type=&#8221;full_width&#8221; text_align=&#8221;left&#8221; css_animation=&#8221;&#8221;][vc_column_inner width=&#8221;2\/3&#8243;][vc_column_text]<a href=\"https:\/\/www.mecadrum.com\/wp-content\/uploads\/2017\/09\/type320cacb.gif\" target=\"_blank\" rel=\"noopener noreferrer\"><img loading=\"lazy\" decoding=\"async\" class=\"alignnone wp-image-15628 size-medium\" src=\"https:\/\/www.mecadrum.com\/wp-content\/uploads\/2017\/09\/type320cacb-145x300.gif\" alt=\"\" width=\"145\" height=\"300\" srcset=\"https:\/\/www.mecadrum.com\/wp-content\/uploads\/2017\/09\/type320cacb-145x300.gif 145w, https:\/\/www.mecadrum.com\/wp-content\/uploads\/2017\/09\/type320cacb-276x570.gif 276w\" sizes=\"(max-width: 145px) 100vw, 145px\" \/><\/a>[\/vc_column_text][\/vc_column_inner][vc_column_inner width=&#8221;1\/3&#8243;][vc_column_text]<a href=\"https:\/\/www.mecadrum.com\/wp-content\/uploads\/2017\/09\/drumo_type_a_face_1.pdf\" target=\"_blank\" rel=\"noopener noreferrer\"><span data-type=\"normal\"  class=\"qode_icon_shortcode  q_font_awsome_icon   \" style=\" \"><i class=\"qode_icon_font_awesome fa fa-download qode_icon_element\" style=\"\" ><\/i><\/span>VUE ECLATEE Type CA face 1<\/a><\/p>\n<p><a href=\"https:\/\/www.mecadrum.com\/wp-content\/uploads\/2017\/09\/drumo_type_a_face_2.pdf\" target=\"_blank\" rel=\"noopener noreferrer\"><span data-type=\"normal\"  class=\"qode_icon_shortcode  q_font_awsome_icon   \" style=\" \"><i class=\"qode_icon_font_awesome fa fa-download qode_icon_element\" style=\"\" ><\/i><\/span>VUE ECLATEE Type CA face 2<\/a><\/p>\n<p><a href=\"https:\/\/www.mecadrum.com\/wp-content\/uploads\/2017\/09\/drumo_type_b_face_1.pdf\" target=\"_blank\" rel=\"noopener noreferrer\"><span data-type=\"normal\"  class=\"qode_icon_shortcode  q_font_awsome_icon   \" style=\" \"><i class=\"qode_icon_font_awesome fa fa-download qode_icon_element\" style=\"\" ><\/i><\/span>VUE ECLATEE Type CB face 1<\/a><\/p>\n<p><a href=\"https:\/\/www.mecadrum.com\/wp-content\/uploads\/2017\/09\/drumo_type_b_face_2.pdf\" target=\"_blank\" rel=\"noopener noreferrer\"><span data-type=\"normal\"  class=\"qode_icon_shortcode  q_font_awsome_icon   \" style=\" \"><i class=\"qode_icon_font_awesome fa fa-download qode_icon_element\" style=\"\" ><\/i><\/span>VUE ECLATEE Type CB face 2<\/a>[\/vc_column_text][\/vc_column_inner][\/vc_row_inner][\/vc_accordion_tab][vc_accordion_tab title=&#8221;DRUMO\u00ae \u00d8320 Tipo E&#8221;][vc_row_inner row_type=&#8221;row&#8221; type=&#8221;full_width&#8221; text_align=&#8221;left&#8221; css_animation=&#8221;&#8221;][vc_column_inner width=&#8221;2\/3&#8243;][vc_column_text]<a href=\"https:\/\/www.mecadrum.com\/wp-content\/uploads\/2017\/09\/type320cacb.gif\" target=\"_blank\" rel=\"noopener noreferrer\"><img loading=\"lazy\" decoding=\"async\" class=\"alignnone wp-image-15629\" src=\"https:\/\/www.mecadrum.com\/wp-content\/uploads\/2017\/09\/type320e-263x300.gif\" alt=\"\" width=\"200\" height=\"228\" \/><\/a>[\/vc_column_text][\/vc_column_inner][vc_column_inner width=&#8221;1\/3&#8243;][vc_column_text]<a href=\"https:\/\/www.mecadrum.com\/wp-content\/uploads\/2017\/09\/drumo_type_e.pdf\" target=\"_blank\" rel=\"noopener noreferrer\"><span data-type=\"normal\"  class=\"qode_icon_shortcode  q_font_awsome_icon   \" style=\" \"><i class=\"qode_icon_font_awesome fa fa-download qode_icon_element\" style=\"\" ><\/i><\/span>VUE ECLATEE Type E<\/a>[\/vc_column_text][\/vc_column_inner][\/vc_row_inner][\/vc_accordion_tab][vc_accordion_tab title=&#8221;DRUMO\u00ae \u00d8417 Tipo GA et GB&#8221;][vc_row_inner row_type=&#8221;row&#8221; type=&#8221;full_width&#8221; text_align=&#8221;left&#8221; css_animation=&#8221;&#8221;][vc_column_inner width=&#8221;2\/3&#8243;][vc_column_text]<a href=\"https:\/\/www.mecadrum.com\/wp-content\/uploads\/2017\/09\/type320cacb.gif\" target=\"_blank\" rel=\"noopener noreferrer\"><img loading=\"lazy\" decoding=\"async\" class=\"alignnone wp-image-15630 size-medium\" src=\"https:\/\/www.mecadrum.com\/wp-content\/uploads\/2017\/09\/type417gagb-191x300.gif\" alt=\"\" width=\"191\" height=\"300\" \/><\/a>[\/vc_column_text][\/vc_column_inner][vc_column_inner width=&#8221;1\/3&#8243;][vc_column_text]<a href=\"https:\/\/www.mecadrum.com\/wp-content\/uploads\/2017\/09\/drumo_type_ga_nomenclature.pdf\" target=\"_blank\" rel=\"noopener noreferrer\"><span data-type=\"normal\"  class=\"qode_icon_shortcode  q_font_awsome_icon   \" style=\" \"><i class=\"qode_icon_font_awesome fa fa-download qode_icon_element\" style=\"\" ><\/i><\/span>VUE ECLATEE Type GA<\/a><\/p>\n<p><a href=\"https:\/\/www.mecadrum.com\/wp-content\/uploads\/2017\/09\/drumo_type_gb.pdf\" target=\"_blank\" rel=\"noopener noreferrer\"><span data-type=\"normal\"  class=\"qode_icon_shortcode  q_font_awsome_icon   \" style=\" \"><i class=\"qode_icon_font_awesome fa fa-download qode_icon_element\" style=\"\" ><\/i><\/span>VUE ECLATEE Type GB<br \/>\n<\/a>(pour impression, ajuster \u00e0 30% paysage)[\/vc_column_text][\/vc_column_inner][\/vc_row_inner][\/vc_accordion_tab][vc_accordion_tab title=&#8221;DRUMO\u00ae \u00d8500 Tipo KA et KB&#8221;][vc_row_inner row_type=&#8221;row&#8221; type=&#8221;full_width&#8221; text_align=&#8221;left&#8221; css_animation=&#8221;&#8221;][vc_column_inner width=&#8221;2\/3&#8243;][vc_column_text]<a href=\"https:\/\/www.mecadrum.com\/wp-content\/uploads\/2017\/09\/type320cacb.gif\" target=\"_blank\" rel=\"noopener noreferrer\"><img loading=\"lazy\" decoding=\"async\" class=\"alignnone wp-image-15631 size-medium\" src=\"https:\/\/www.mecadrum.com\/wp-content\/uploads\/2017\/09\/type500-191x300.gif\" alt=\"\" width=\"191\" height=\"300\" \/><\/a>[\/vc_column_text][\/vc_column_inner][vc_column_inner width=&#8221;1\/3&#8243;][vc_column_text]<a class=\"lien4\" href=\"https:\/\/www.mecadrum.com\/wp-content\/uploads\/2017\/09\/drumo_type_ka.pdf\" target=\"_blank\" rel=\"noopener noreferrer\"><span data-type=\"normal\"  class=\"qode_icon_shortcode  q_font_awsome_icon   \" style=\" \"><i class=\"qode_icon_font_awesome fa fa-download qode_icon_element\" style=\"\" ><\/i><\/span>VUE ECLATEE Type KA<br \/>\n<\/a>(pour impression, ajuster \u00e0 30% paysage)<\/p>\n<p><a href=\"https:\/\/www.mecadrum.com\/wp-content\/uploads\/2017\/09\/drumo_type_kb_nomenclature.pdf\"><span data-type=\"normal\"  class=\"qode_icon_shortcode  q_font_awsome_icon   \" style=\" \"><i class=\"qode_icon_font_awesome fa fa-download qode_icon_element\" style=\"\" ><\/i><\/span>VUE ECLATEE Type KB\u00a0<\/a>[\/vc_column_text][\/vc_column_inner][\/vc_row_inner][\/vc_accordion_tab][vc_accordion_tab title=&#8221;DRUMO\u00ae \u00d8630 Tipo LA\/LB&#8221;][vc_row_inner row_type=&#8221;row&#8221; type=&#8221;full_width&#8221; text_align=&#8221;left&#8221; css_animation=&#8221;&#8221;][vc_column_inner width=&#8221;2\/3&#8243;][vc_column_text]<a href=\"https:\/\/www.mecadrum.com\/wp-content\/uploads\/2017\/09\/type320cacb.gif\" target=\"_blank\" rel=\"noopener noreferrer\"><img loading=\"lazy\" decoding=\"async\" class=\"alignnone wp-image-15632 size-medium\" src=\"https:\/\/www.mecadrum.com\/wp-content\/uploads\/2017\/09\/type630_la__lb_lr-160x300.gif\" alt=\"\" width=\"160\" height=\"300\" \/><\/a>[\/vc_column_text][\/vc_column_inner][vc_column_inner width=&#8221;1\/3&#8243;][vc_column_text][\/vc_column_text][\/vc_column_inner][\/vc_row_inner][\/vc_accordion_tab][vc_accordion_tab title=&#8221;Mantanimiento&#8221;][vc_row_inner row_type=&#8221;row&#8221; type=&#8221;full_width&#8221; text_align=&#8221;left&#8221; css_animation=&#8221;&#8221;][vc_column_inner width=&#8221;2\/3&#8243;][vc_column_text]Al cabo del primer mes o 500horas de servicio, se debe realizar un cambio de aceite al motor.<br \/>\nDespu\u00e9s se debe realizar este cambio cada 2000 horas.<\/p>\n<p>Cantidad de aceite necesario:<\/p>\n<p>\u00bc litro para \u00f8160mm<br \/>\n\u00bd litro para \u00f8250, \u00f8250 y \u00f8315mm<br \/>\n1 litro para \u00f8315mm tipo E<br \/>\n2 litros para \u00f8400, \u00f8500 y \u00f8630mm<\/p>\n<p>No sobrepasar las cantidades indicadas.<br \/>\nEs importante utilizar un aceite de extrema presi\u00f3n.<\/p>\n<p>Si Usted desea realizar el cambio de aceite de los Moto Tambores DRUMO\u00ae, podemos suministrarle un kit de mantenimiento compuesto de:<br \/>\n&#8211;\u00a0\u00a0\u00a0\u00a0\u00a0\u00a0\u00a0\u00a0\u00a0 Llave para desmontar la tapa del aceite<br \/>\n&#8211;\u00a0\u00a0\u00a0\u00a0\u00a0\u00a0\u00a0\u00a0\u00a0 Bid\u00f3n de aceite 1 Litro, adaptado para los Moto Tambores<br \/>\n&#8211;\u00a0\u00a0\u00a0\u00a0\u00a0\u00a0\u00a0\u00a0\u00a0 Tapa de la descarga de aceite<\/p>\n<p>[\/vc_column_text][\/vc_column_inner][vc_column_inner width=&#8221;1\/3&#8243;][vc_column_text]<a href=\"https:\/\/www.mecadrum.com\/wp-content\/uploads\/2017\/09\/notice_de_montage_fr.pdf\" target=\"_blank\" rel=\"noopener noreferrer\"><span data-type=\"normal\"  class=\"qode_icon_shortcode  q_font_awsome_icon   \" style=\" \"><i class=\"qode_icon_font_awesome fa fa-download qode_icon_element\" style=\"\" ><\/i><\/span>Instruction de Montage Tambour Moteur<\/a>[\/vc_column_text][\/vc_column_inner][\/vc_row_inner][\/vc_accordion_tab][\/vc_accordion][\/vc_column][\/vc_row][vc_row css_animation=&#8221;&#8221; row_type=&#8221;row&#8221; use_row_as_full_screen_section=&#8221;no&#8221; type=&#8221;full_width&#8221; angled_section=&#8221;no&#8221; text_align=&#8221;left&#8221; background_image_as_pattern=&#8221;without_pattern&#8221;][vc_column width=&#8221;2\/3&#8243;][\/vc_column][vc_column width=&#8221;1\/3&#8243;]<a id=\"Solicitud de precio\" itemprop=\"url\" href=\"\/es\/contacto\/\" target=\"_self\"  class=\"qbutton  large default\" style=\"\">Solicitud de precio<i class=\"qode_icon_font_awesome fa fa-arrow-right qode_button_icon_element\" style=\"\" ><\/i><\/a>[\/vc_column][\/vc_row]<\/p>\n","protected":false},"excerpt":{"rendered":"<p>[vc_row css_animation=&#8221;&#8221; row_type=&#8221;row&#8221; use_row_as_full_screen_section=&#8221;yes&#8221; type=&#8221;full_width&#8221; angled_section=&#8221;no&#8221; text_align=&#8221;left&#8221; background_image_as_pattern=&#8221;without_pattern&#8221;][vc_column width=&#8221;2\/3&#8243;][vc_column_text]Mecadrum ofrece una completa gama de mototambores DRUMO\u00ae, de di\u00e1metros entre 166 y 630, y de entre 0,37 kW y 18 kW.[\/vc_column_text][\/vc_column][vc_column width=&#8221;1\/3&#8243;][vc_column_text css=&#8221;.vc_custom_1511822900253{padding-top: 10px !important;padding-right: 10px !important;padding-bottom: 10px !important;padding-left: 10px !important;background-color: #b22222 !important;}&#8221;] Para cualquier solicitud&#8230;<\/p>\n","protected":false},"author":1,"featured_media":0,"parent":0,"menu_order":0,"comment_status":"closed","ping_status":"open","template":"","meta":{"_et_pb_use_builder":"","_et_pb_old_content":"","_et_gb_content_width":"","inline_featured_image":false,"footnotes":""},"class_list":["post-18130","page","type-page","status-publish","hentry"],"_links":{"self":[{"href":"https:\/\/www.mecadrum.com\/es\/wp-json\/wp\/v2\/pages\/18130"}],"collection":[{"href":"https:\/\/www.mecadrum.com\/es\/wp-json\/wp\/v2\/pages"}],"about":[{"href":"https:\/\/www.mecadrum.com\/es\/wp-json\/wp\/v2\/types\/page"}],"author":[{"embeddable":true,"href":"https:\/\/www.mecadrum.com\/es\/wp-json\/wp\/v2\/users\/1"}],"replies":[{"embeddable":true,"href":"https:\/\/www.mecadrum.com\/es\/wp-json\/wp\/v2\/comments?post=18130"}],"version-history":[{"count":26,"href":"https:\/\/www.mecadrum.com\/es\/wp-json\/wp\/v2\/pages\/18130\/revisions"}],"predecessor-version":[{"id":19592,"href":"https:\/\/www.mecadrum.com\/es\/wp-json\/wp\/v2\/pages\/18130\/revisions\/19592"}],"wp:attachment":[{"href":"https:\/\/www.mecadrum.com\/es\/wp-json\/wp\/v2\/media?parent=18130"}],"curies":[{"name":"wp","href":"https:\/\/api.w.org\/{rel}","templated":true}]}}