{"id":17507,"date":"2017-11-28T16:06:10","date_gmt":"2017-11-28T15:06:10","guid":{"rendered":"http:\/\/165.227.105.105\/mecadrum\/"},"modified":"2025-01-29T11:17:34","modified_gmt":"2025-01-29T10:17:34","slug":"mecadrum","status":"publish","type":"page","link":"https:\/\/www.mecadrum.com\/es\/mecadrum\/","title":{"rendered":"Mecadrum"},"content":{"rendered":"<p>[et_pb_section fb_built=&#8221;1&#8243; _builder_version=&#8221;4.16&#8243; global_colors_info=&#8221;{}&#8221;][et_pb_row disabled_on=&#8221;on|on|on&#8221; _builder_version=&#8221;4.16&#8243; background_size=&#8221;initial&#8221; background_position=&#8221;top_left&#8221; background_repeat=&#8221;repeat&#8221; disabled=&#8221;on&#8221; collapsed=&#8221;on&#8221; global_colors_info=&#8221;{}&#8221;][et_pb_column type=&#8221;4_4&#8243; _builder_version=&#8221;4.16&#8243; custom_padding=&#8221;|||&#8221; global_colors_info=&#8221;{}&#8221; custom_padding__hover=&#8221;|||&#8221;][et_pb_text _builder_version=&#8221;4.27.0&#8243; background_size=&#8221;initial&#8221; background_position=&#8221;top_left&#8221; background_repeat=&#8221;repeat&#8221; global_colors_info=&#8221;{}&#8221;]<\/p>\n<p>[vc_row row_type=&#8221;parallax&#8221; parallax_content_width=&#8221;in_grid&#8221; text_align=&#8221;left&#8221; full_screen_section_height=&#8221;yes&#8221; vertically_align_content_in_middle=&#8221;yes&#8221;][vc_column width=&#8221;1\/2&#8243;][vc_column_text]<\/p>\n<h3>Mecadrum, experiencia e innovaci\u00f3n<\/h3>\n<p>[\/vc_column_text][vc_separator type=&#8221;small&#8221; position=&#8221;left&#8221; up=&#8221;26&#8243; down=&#8221;26&#8243;][vc_column_text]Mecadrum procede de la fusi\u00f3n de las empresas\u00a0ORMETRA\u00a0y\u00a0AMV\u00a0(Talleres de Mec\u00e1nica de\u00a0Valenciennes). Acumula conocimientos y experiencia por partida doble, y cuenta con el reconocimiento de todas las industrias con elevados costos de explotaci\u00f3n y que persiguen la fiabilidad (minas, siderurgia, actividades portuarias, f\u00e1bricas de cemento, agroalimentaci\u00f3n, ramo del autom\u00f3vil, etc.).<\/p>\n<p>Mecadrum dise\u00f1a, fabrica y comercializa tambores, mototambores, asientos o soportes para cojinetes, as\u00ed como rodillos y raspadores para cintas transportadoras y elevadores.<br \/>\nMecadrum lleva 20 a\u00f1os desarrollando su propio software de c\u00e1lculo, e invierte constantemente en medios de producci\u00f3n muy eficaces (robots, maquinaria de control num\u00e9rico computerizado, etc.).<br \/>\nGracias a estas modernas herramientas, Mecadrum exporta a todo el mundo.[\/vc_column_text][\/vc_column][vc_column width=&#8221;1\/2&#8243;][vc_separator type=&#8221;transparent&#8221; up=&#8221;50&#8243;][vc_single_image image=&#8221;20474&#8243; img_size=&#8221;full&#8221; alignment=&#8221;center&#8221; qode_css_animation=&#8221;element_from_fade&#8221; transition_delay=&#8221;0.2&#8243;][\/vc_column][\/vc_row][vc_row row_type=&#8221;parallax&#8221; parallax_content_width=&#8221;in_grid&#8221; text_align=&#8221;left&#8221; full_screen_section_height=&#8221;no&#8221; css=&#8221;.vc_custom_1511529223203{background-color: #f7f7f7 !important;}&#8221;][vc_column width=&#8221;1\/2&#8243;][vc_single_image image=&#8221;20483&#8243; img_size=&#8221;full&#8221; alignment=&#8221;center&#8221; qode_css_animation=&#8221;element_from_fade&#8221; transition_delay=&#8221;0.4&#8243;][\/vc_column][vc_column width=&#8221;1\/2&#8243;][vc_column_text]<\/p>\n<h3>Nuestra Oficina de Ingenieros<\/h3>\n<p>[\/vc_column_text][vc_separator type=&#8221;small&#8221; position=&#8221;left&#8221; down=&#8221;26&#8243;][vc_column_text]Puede solicitar nuestra ayuda desde para elaborar el pliego de condiciones, hasta para fabricar componentes para sus transportadores de banda.<\/p>\n<p>Nuestros 50 a\u00f1os de experiencia y gran capacidad de innovaci\u00f3n nos permiten optimizar sus tambores para reducir los costos, y a la vez mejorar su fiabilidad.<\/p>\n<p>Reducir la cantidad de piezas de repuesto gracias a nuestra experiencia en el campo de la estandarizaci\u00f3n le permitir\u00e1 simplificar el mantenimiento de sus cintas transportadoras.<\/p>\n<p>De este modo, podemos calcular:<\/p>\n<ul>\n<li>El esfuerzo sobre los tambores<\/li>\n<li>Las distintas tensiones de los tambores<\/li>\n<li>La vida \u00fatil de los rodamientos de los asientos o soportes<\/li>\n<\/ul>\n<p>[\/vc_column_text][\/vc_column][\/vc_row][vc_row row_type=&#8221;parallax&#8221; parallax_content_width=&#8221;in_grid&#8221; text_align=&#8221;left&#8221; full_screen_section_height=&#8221;yes&#8221; vertically_align_content_in_middle=&#8221;yes&#8221;][vc_column width=&#8221;1\/2&#8243;][vc_separator type=&#8221;transparent&#8221; up=&#8221;44&#8243; down=&#8221;0&#8243;][vc_column_text]<\/p>\n<h3>Una herramienta de producci\u00f3n High Tech<\/h3>\n<p>[\/vc_column_text][vc_separator type=&#8221;small&#8221; position=&#8221;left&#8221; down=&#8221;26&#8243;][vc_column_text]Mecadrum ha conseguido contar con una herramienta de producci\u00f3n enormemente eficaz, debido a la pol\u00edtica de inversi\u00f3n que sostiene desde hace muchos a\u00f1os.<\/p>\n<p>Nuestras capacidades m\u00e1ximas de fabricaci\u00f3n son de 10 T de peso m\u00e1ximo por pieza.<\/p>\n<p>Mecadrum fabrica miles de tambores al a\u00f1o.[\/vc_column_text][\/vc_column][vc_column width=&#8221;1\/2&#8243;][vc_separator type=&#8221;transparent&#8221; up=&#8221;44&#8243; down=&#8221;0&#8243;][vc_single_image image=&#8221;20998&#8243; img_size=&#8221;full&#8221; alignment=&#8221;center&#8221; qode_css_animation=&#8221;element_from_fade&#8221; transition_delay=&#8221;0.4&#8243;][vc_separator type=&#8221;transparent&#8221; up=&#8221;44&#8243; down=&#8221;0&#8243;][\/vc_column][\/vc_row][vc_row css_animation=&#8221;&#8221; row_type=&#8221;row&#8221; use_row_as_full_screen_section=&#8221;no&#8221; type=&#8221;full_width&#8221; angled_section=&#8221;no&#8221; text_align=&#8221;left&#8221; background_image_as_pattern=&#8221;without_pattern&#8221;][vc_column width=&#8221;1\/2&#8243;][vc_single_image image=&#8221;16030&#8243; img_size=&#8221;200*200&#8243; alignment=&#8221;center&#8221; qode_css_animation=&#8221;element_from_fade&#8221; transition_delay=&#8221;0.4&#8243;][vc_single_image image=&#8221;16203&#8243; img_size=&#8221;200*100&#8243; alignment=&#8221;center&#8221; qode_css_animation=&#8221;&#8221;][\/vc_column][vc_column width=&#8221;1\/2&#8243;][vc_column_text]<\/p>\n<h3>Una Pol\u00edtica de Calidad<\/h3>\n<p>[\/vc_column_text][vc_separator type=&#8221;small&#8221; position=&#8221;left&#8221; down=&#8221;26&#8243;][vc_column_text]Gracias a su enfoque de calidad durante m\u00e1s de 25 a\u00f1os, Mecadrum cuenta con la certificaci\u00f3n ISO 9001:2015. Las aduanas francesas han concedido a Mecadrum el estatus de Operador Econ\u00f3mico Autorizado (OEA). Este estatuto atestigua la calidad de nuestra cadena de suministro y la solidez financiera de Mecadrum. Estas dos certificaciones facilitan el proceso de exportaci\u00f3n: <span data-type=\"normal\"  class=\"qode_icon_shortcode  q_font_awsome_icon   \" style=\" \"><i class=\"qode_icon_font_awesome fa fa-download qode_icon_element\" style=\"\" ><\/i><\/span><a href=\"https:\/\/www.mecadrum.com\/wp-content\/uploads\/CERTIFICAT-17865535-MECADRUM-9001.pdf\">Certificat_ISO_9001:2015<\/a> <span data-type=\"normal\"  class=\"qode_icon_shortcode  q_font_awsome_icon   \" style=\" \"><i class=\"qode_icon_font_awesome fa fa-download qode_icon_element\" style=\"\" ><\/i><\/span><a href=\"https:\/\/www.mecadrum.com\/wp-content\/uploads\/2018\/03\/Certificat-OEA-n\u00b0-FRAEOF00164661.pdf\" target=\"_blank\" rel=\"noopener\">Certificat_OEA<\/a> Retrouvez \u00e9galement nos conditions g\u00e9n\u00e9rales de vente (CGV) et conditions g\u00e9n\u00e9rales d&#8217;achat (CGA) : <span data-type=\"normal\"  class=\"qode_icon_shortcode  q_font_awsome_icon   \" style=\" \"><i class=\"qode_icon_font_awesome fa fa-download qode_icon_element\" style=\"\" ><\/i><\/span><a href=\"https:\/\/www.mecadrum.com\/wp-content\/uploads\/2021\/07\/Conditions-Generales-de-Vente.pdf\" target=\"_blank\" rel=\"noopener\">Condiciones generales de venta<\/a> <span data-type=\"normal\"  class=\"qode_icon_shortcode  q_font_awsome_icon   \" style=\" \"><i class=\"qode_icon_font_awesome fa fa-download qode_icon_element\" style=\"\" ><\/i><\/span><a href=\"https:\/\/www.mecadrum.com\/wp-content\/uploads\/2021\/07\/CONDITIONS-GENERALES-DACHAT.pdf\" target=\"_blank\" rel=\"noopener\">Condiciones de compra<\/a> [\/vc_column_text][vc_separator type=&#8221;large&#8221; up=&#8221;26&#8243; down=&#8221;26&#8243;][\/vc_column][\/vc_row][vc_row css_animation=&#8221;&#8221; row_type=&#8221;row&#8221; use_row_as_full_screen_section=&#8221;no&#8221; type=&#8221;full_width&#8221; angled_section=&#8221;no&#8221; text_align=&#8221;left&#8221; background_image_as_pattern=&#8221;without_pattern&#8221;][vc_column][vc_column_text] [\/vc_column_text][\/vc_column][\/vc_row]<\/p>\n<p>[vc_row css_animation=&#8221;&#8221; row_type=&#8221;row&#8221; use_row_as_full_screen_section=&#8221;no&#8221; type=&#8221;full_width&#8221; angled_section=&#8221;no&#8221; text_align=&#8221;left&#8221; background_image_as_pattern=&#8221;without_pattern&#8221;][vc_column][vc_column_text]<\/p>\n<p>[\/vc_column_text][\/vc_column][\/vc_row]<\/p>\n<p>[\/et_pb_text][\/et_pb_column][\/et_pb_row][et_pb_row column_structure=&#8221;1_2,1_2&#8243; _builder_version=&#8221;4.27.0&#8243; _module_preset=&#8221;default&#8221; global_colors_info=&#8221;{}&#8221;][et_pb_column type=&#8221;1_2&#8243; _builder_version=&#8221;4.27.0&#8243; _module_preset=&#8221;default&#8221; global_colors_info=&#8221;{}&#8221;][et_pb_text _builder_version=&#8221;4.27.0&#8243; _module_preset=&#8221;default&#8221; global_colors_info=&#8221;{}&#8221;]<\/p>\n<p><h3>Mecadrum, experiencia e innovaci\u00f3n<\/h3>\n<p>Creada a partir de la fusi\u00f3n de ORMETRA y AMV (Ateliers de M\u00e9canique de Valenciennes), Mecadrum combina dos \u00e1reas de especializaci\u00f3n y es reconocida en todas las industrias que utilizan tambores transportadores, donde el coste de las p\u00e9rdidas de explotaci\u00f3n es elevado y se requiere fiabilidad (miner\u00eda, siderurgia, zonas portuarias, cementeras, agroalimentarias, automoci\u00f3n, etc.). Mecadrum dise\u00f1a, fabrica y comercializa tambores, mototambores, rodamientos, rodillos y rascadores para transportadores y elevadores. Desde hace m\u00e1s de 20 a\u00f1os, Mecadrum desarrolla su propio software de c\u00e1lculo, dedicado a los tambores de control, e invierte constantemente en medios de producci\u00f3n de alto rendimiento (robots, m\u00e1quinas CNC, etc.). Gracias a estas modernas herramientas, Mecadrum exporta a todo el mundo. <\/p>\n<p>[\/et_pb_text][\/et_pb_column][et_pb_column type=&#8221;1_2&#8243; _builder_version=&#8221;4.27.0&#8243; _module_preset=&#8221;default&#8221; global_colors_info=&#8221;{}&#8221;][et_pb_image src=&#8221;https:\/\/www.mecadrum.com\/wp-content\/uploads\/2021\/07\/Enseigne-Mecadrum.jpg&#8221; alt=&#8221;Soci\u00e9t\u00e9 Mecadrum&#8221; title_text=&#8221;Enseigne Mecadrum&#8221; _builder_version=&#8221;4.27.0&#8243; _module_preset=&#8221;default&#8221; global_colors_info=&#8221;{}&#8221;][\/et_pb_image][\/et_pb_column][\/et_pb_row][et_pb_row _builder_version=&#8221;4.27.0&#8243; _module_preset=&#8221;default&#8221; global_colors_info=&#8221;{}&#8221;][et_pb_column type=&#8221;4_4&#8243; _builder_version=&#8221;4.27.0&#8243; _module_preset=&#8221;default&#8221; global_colors_info=&#8221;{}&#8221;][et_pb_text _builder_version=&#8221;4.27.0&#8243; _module_preset=&#8221;default&#8221; hover_enabled=&#8221;0&#8243; global_colors_info=&#8221;{}&#8221; sticky_enabled=&#8221;0&#8243;]<\/p>\n<h3>La experiencia de un grupo<\/h3>\n<p>Mecadrum forma parte del <a href=\"https:\/\/www.fideip.fr\" target=\"_blank\" rel=\"noopener\">Grupo FIDEIP<\/a> que se compone de una docena de empresas industriales en los \u00e1mbitos en torno a la metalurgia y la mec\u00e1nica. Las empresas est\u00e1n situadas principalmente en el oeste de Francia:<\/p>\n<ul>\n<li><a href=\"https:\/\/www.aivee.fr\/en\/\" target=\"_blank\" rel=\"noopener\">Aivee<\/a> : Bujes y componentes para bicicletas Made in France<\/li>\n<li><a href=\"https:\/\/www.lf-technologies.com\/\" target=\"_blank\" rel=\"noopener\">LF Technologies<\/a> : Fabricante de bancos de pruebas<\/li>\n<li><a href=\"https:\/\/www.mecaspin.com\/\" target=\"_blank\" rel=\"noopener\">Mecaspin<\/a> : Dise\u00f1ador de m\u00e1quinas de precableado el\u00e9ctrico<\/li>\n<li><a href=\"https:\/\/www.rolldrum.fr\/\" target=\"_blank\" rel=\"noopener\">Rolldrum<\/a> : Rodillo transportador, soporte y guirnalda para cintas transportadoras<\/li>\n<li><a href=\"https:\/\/www.fidemeca.com\/\" target=\"_blank\" rel=\"noopener\">Fidemeca<\/a> : Empresa de mecanizado de tornillos de precisi\u00f3n<\/li>\n<li><a href=\"https:\/\/www.jyga.fr\/\" target=\"_blank\" rel=\"noopener\">Jyga<\/a> : Fabricante de encajadoras y paletizadoras<\/li>\n<li><a href=\"https:\/\/www.palamaticprocess.es\/\" target=\"_blank\" rel=\"noopener\">Palamatic Prosse<\/a> : Soluciones de proceso para la automatizaci\u00f3n de l\u00edneas de producci\u00f3n, incluida una unidad en Estados Unidos y Canad\u00e1<\/li>\n<li><a href=\"https:\/\/www.epsilon-tolerie.fr\/\" target=\"_blank\" rel=\"noopener\">Epsilon<\/a> : Chapister\u00eda a medida<\/li>\n<li><a href=\"https:\/\/www.plix-design.fr\/\" target=\"_blank\" rel=\"noopener\">Plix<\/a> : Mobiliario urbano para una movilidad suave<\/li>\n<p>\u2026<\/li>\n<\/ul>\n<p>El Grupo FIDEIP promueve la realizaci\u00f3n de hombres y mujeres en las organizaciones a trav\u00e9s de la diversidad de los equipos, el compromiso de los empleados y el desarrollo del talento.<\/p>\n<\/p>\n<p>[\/et_pb_text][\/et_pb_column][\/et_pb_row][et_pb_row column_structure=&#8221;2_5,3_5&#8243; _builder_version=&#8221;4.27.0&#8243; _module_preset=&#8221;default&#8221; global_colors_info=&#8221;{}&#8221;][et_pb_column type=&#8221;2_5&#8243; _builder_version=&#8221;4.27.0&#8243; _module_preset=&#8221;default&#8221; global_colors_info=&#8221;{}&#8221;][et_pb_image src=&#8221;https:\/\/www.mecadrum.com\/wp-content\/uploads\/2021\/07\/tambour-convoyage-etude.jpg&#8221; alt=&#8221;tambour-convoyage-etude&#8221; title_text=&#8221;tambour-convoyage-etude&#8221; _builder_version=&#8221;4.27.0&#8243; _module_preset=&#8221;default&#8221; global_colors_info=&#8221;{}&#8221;][\/et_pb_image][\/et_pb_column][et_pb_column type=&#8221;3_5&#8243; _builder_version=&#8221;4.27.0&#8243; _module_preset=&#8221;default&#8221; global_colors_info=&#8221;{}&#8221;][et_pb_text _builder_version=&#8221;4.27.0&#8243; _module_preset=&#8221;default&#8221; global_colors_info=&#8221;{}&#8221;]<\/p>\n<h3>Nuestra oficina de dise\u00f1o<\/h3>\n<p>Podemos trabajar con usted desde la elaboraci\u00f3n del pliego de condiciones hasta la fabricaci\u00f3n de los componentes de sus transportadores de banda: tambores transportadores, tambores de control, <strong>tambores engomados, etc<\/strong>. Nuestros 50 a\u00f1os de experiencia y nuestra gran capacidad de innovaci\u00f3n nos permiten optimizar sus tambores para reducir su coste, mejorando al mismo tiempo su fiabilidad. Gracias a nuestra experiencia en normalizaci\u00f3n, podr\u00e1 reducir el n\u00famero de piezas de recambio necesarias y simplificar el mantenimiento de sus transportadores:<\/p>\n<ul>\n<li>las fuerzas sobre los tambores<\/li>\n<li>los diferentes esfuerzos sobre los tambores<\/li>\n<li>la vida \u00fatil de los rodamientos<\/li>\n<\/ul>\n<p>[\/et_pb_text][\/et_pb_column][\/et_pb_row][et_pb_row column_structure=&#8221;1_2,1_2&#8243; _builder_version=&#8221;4.27.0&#8243; _module_preset=&#8221;default&#8221; global_colors_info=&#8221;{}&#8221;][et_pb_column type=&#8221;1_2&#8243; _builder_version=&#8221;4.27.0&#8243; _module_preset=&#8221;default&#8221; global_colors_info=&#8221;{}&#8221;][et_pb_text _builder_version=&#8221;4.27.0&#8243; _module_preset=&#8221;default&#8221; global_colors_info=&#8221;{}&#8221;]<\/p>\n<h3>Una planta de producci\u00f3n dedicada a los tambores transportadores<\/h3>\n<p>Mecadrum ha construido una planta de producci\u00f3n de alto rendimiento dedicada a la fabricaci\u00f3n de tambores transportadores gracias a una pol\u00edtica de inversi\u00f3n sostenida durante muchos a\u00f1os. Nuestra capacidad m\u00e1xima de fabricaci\u00f3n es de 10 toneladas por pieza. Mecadrum produce varios miles de bidones al a\u00f1o.<\/p>\n<p>[\/et_pb_text][\/et_pb_column][et_pb_column type=&#8221;1_2&#8243; _builder_version=&#8221;4.27.0&#8243; _module_preset=&#8221;default&#8221; global_colors_info=&#8221;{}&#8221;][et_pb_image src=&#8221;https:\/\/www.mecadrum.com\/wp-content\/uploads\/renovation-tambour-min.jpg&#8221; alt=&#8221;Tambour de convoyeur en cours d&apos;usinage&#8221; title_text=&#8221;renovation-tambour-min&#8221; _builder_version=&#8221;4.27.0&#8243; _module_preset=&#8221;default&#8221; global_colors_info=&#8221;{}&#8221;][\/et_pb_image][\/et_pb_column][\/et_pb_row][et_pb_row column_structure=&#8221;2_5,3_5&#8243; _builder_version=&#8221;4.27.0&#8243; _module_preset=&#8221;default&#8221; global_colors_info=&#8221;{}&#8221;][et_pb_column type=&#8221;2_5&#8243; _builder_version=&#8221;4.27.0&#8243; _module_preset=&#8221;default&#8221; global_colors_info=&#8221;{}&#8221;][et_pb_image src=&#8221;https:\/\/www.mecadrum.com\/wp-content\/uploads\/2014\/05\/AEO-1.png&#8221; alt=&#8221;Certif AEO&#8221; title_text=&#8221;AEO&#8221; _builder_version=&#8221;4.27.0&#8243; _module_preset=&#8221;default&#8221; global_colors_info=&#8221;{}&#8221;][\/et_pb_image][et_pb_image src=&#8221;https:\/\/www.mecadrum.com\/wp-content\/uploads\/2014\/05\/veritas-iso-9001-2015-300&#215;168.png&#8221; alt=&#8221;Certif AEO&#8221; title_text=&#8221;veritas-iso-9001-2015&#8243; _builder_version=&#8221;4.27.0&#8243; _module_preset=&#8221;default&#8221; global_colors_info=&#8221;{}&#8221;][\/et_pb_image][\/et_pb_column][et_pb_column type=&#8221;3_5&#8243; _builder_version=&#8221;4.27.0&#8243; _module_preset=&#8221;default&#8221; global_colors_info=&#8221;{}&#8221;][et_pb_text _builder_version=&#8221;4.27.0&#8243; _module_preset=&#8221;default&#8221; global_colors_info=&#8221;{}&#8221;]<\/p>\n<h3>Un enfoque de calidad<\/h3>\n<p>Gracias a su enfoque de calidad durante m\u00e1s de 25 a\u00f1os, Mecadrum cuenta con la certificaci\u00f3n ISO 9001:2015. Las aduanas francesas han concedido a Mecadrum el estatus de Operador Econ\u00f3mico Autorizado (OEA). Este estatuto atestigua la calidad de nuestra cadena de suministro y la solidez financiera de Mecadrum. Estas dos certificaciones facilitan el proceso de exportaci\u00f3n: <span data-type=\"normal\"  class=\"qode_icon_shortcode  q_font_awsome_icon   \" style=\" \"><i class=\"qode_icon_font_awesome fa fa-download qode_icon_element\" style=\"\" ><\/i><\/span><a href=\"https:\/\/www.mecadrum.com\/wp-content\/uploads\/CERTIFICAT-17865535-MECADRUM-9001.pdf\">Certificat_ISO_9001:2015<\/a> <span data-type=\"normal\"  class=\"qode_icon_shortcode  q_font_awsome_icon   \" style=\" \"><i class=\"qode_icon_font_awesome fa fa-download qode_icon_element\" style=\"\" ><\/i><\/span><a href=\"https:\/\/www.mecadrum.com\/wp-content\/uploads\/2018\/03\/Certificat-OEA-n\u00b0-FRAEOF00164661.pdf\" target=\"_blank\" rel=\"noopener\">Certificat_OEA<\/a> Retrouvez \u00e9galement nos conditions g\u00e9n\u00e9rales de vente (CGV) et conditions g\u00e9n\u00e9rales d&#8217;achat (CGA) : <span data-type=\"normal\"  class=\"qode_icon_shortcode  q_font_awsome_icon   \" style=\" \"><i class=\"qode_icon_font_awesome fa fa-download qode_icon_element\" style=\"\" ><\/i><\/span><a href=\"https:\/\/www.mecadrum.com\/wp-content\/uploads\/2021\/07\/Conditions-Generales-de-Vente.pdf\" target=\"_blank\" rel=\"noopener\">Condiciones generales de venta<\/a> <span data-type=\"normal\"  class=\"qode_icon_shortcode  q_font_awsome_icon   \" style=\" \"><i class=\"qode_icon_font_awesome fa fa-download qode_icon_element\" style=\"\" ><\/i><\/span><a href=\"https:\/\/www.mecadrum.com\/wp-content\/uploads\/2021\/07\/CONDITIONS-GENERALES-DACHAT.pdf\" target=\"_blank\" rel=\"noopener\">Condiciones de compra<\/a> <\/p>\n<p>[\/et_pb_text][\/et_pb_column][\/et_pb_row][\/et_pb_section]<\/p>\n","protected":false},"excerpt":{"rendered":"<p>Mecadrum, experiencia e innovaci\u00f3n Creada a&#8230;<\/p>\n","protected":false},"author":1,"featured_media":0,"parent":0,"menu_order":0,"comment_status":"open","ping_status":"open","template":"full_width.php","meta":{"_et_pb_use_builder":"on","_et_pb_old_content":"","_et_gb_content_width":"","inline_featured_image":false,"footnotes":""},"class_list":["post-17507","page","type-page","status-publish","hentry"],"_links":{"self":[{"href":"https:\/\/www.mecadrum.com\/es\/wp-json\/wp\/v2\/pages\/17507"}],"collection":[{"href":"https:\/\/www.mecadrum.com\/es\/wp-json\/wp\/v2\/pages"}],"about":[{"href":"https:\/\/www.mecadrum.com\/es\/wp-json\/wp\/v2\/types\/page"}],"author":[{"embeddable":true,"href":"https:\/\/www.mecadrum.com\/es\/wp-json\/wp\/v2\/users\/1"}],"replies":[{"embeddable":true,"href":"https:\/\/www.mecadrum.com\/es\/wp-json\/wp\/v2\/comments?post=17507"}],"version-history":[{"count":49,"href":"https:\/\/www.mecadrum.com\/es\/wp-json\/wp\/v2\/pages\/17507\/revisions"}],"predecessor-version":[{"id":21114,"href":"https:\/\/www.mecadrum.com\/es\/wp-json\/wp\/v2\/pages\/17507\/revisions\/21114"}],"wp:attachment":[{"href":"https:\/\/www.mecadrum.com\/es\/wp-json\/wp\/v2\/media?parent=17507"}],"curies":[{"name":"wp","href":"https:\/\/api.w.org\/{rel}","templated":true}]}}