{"id":17474,"date":"2017-11-28T15:37:28","date_gmt":"2017-11-28T14:37:28","guid":{"rendered":"http:\/\/165.227.105.105\/maquinas-de-ensayo-de-bolas\/"},"modified":"2019-11-06T09:24:31","modified_gmt":"2019-11-06T08:24:31","slug":"maquinas-de-ensayo-de-bolas","status":"publish","type":"page","link":"https:\/\/www.mecadrum.com\/es\/maquinas-de-ensayo-de-bolas\/","title":{"rendered":"M\u00e1quinas de ensayo de bolas BRINELLA\u00ae"},"content":{"rendered":"<p>[vc_row css_animation=&#8221;&#8221; row_type=&#8221;row&#8221; use_row_as_full_screen_section=&#8221;yes&#8221; type=&#8221;full_width&#8221; angled_section=&#8221;no&#8221; text_align=&#8221;left&#8221; background_image_as_pattern=&#8221;without_pattern&#8221;][vc_column width=&#8221;2\/3&#8243;][vc_column_text]BRINELLA\u00ae es una marca de m\u00e1quina de ensayo de bolas registrada por Mecadrum.<\/p>\n<p>Permite llevar a cabo ensayos Brinell de gran precisi\u00f3n en piezas de formas y dimensiones variadas, en cualquier posici\u00f3n, y pr\u00e1cticamente en cualquier parte, incluso recintos peque\u00f1os. La m\u00e1quina est\u00e1ndar aplica una carga de 3.000 kg sobre una bola de carburo de 10 mm.<\/p>\n<p>Puede aplicar otras cargas, como por ejemplo 1.000 kg o 750 kg, y utilizar di\u00e1metros de bola de 5 mm y 2,5 mm.<\/p>\n<p>La m\u00e1quina de ensayos de bolas BRINELLA\u00ae es un instrumento de precisi\u00f3n ligero, resistente y seguro. Es port\u00e1til y se puede utilizar directamente en una zona de materiales. No es necesario tomar muestras, ya que el funcionamiento es muy sencillo.<\/p>\n<p>La huella de la bola se lee directamente sobre la pieza, con un microscopio de 30 aumentos, para una mayor precisi\u00f3n. No resulta preciso efectuar ning\u00fan c\u00e1lculo, porque la correspondencia de dureza se obtiene de inmediato en un cuadro que se facilita con la m\u00e1quina.[\/vc_column_text][vc_separator type=&#8221;transparent&#8221; down=&#8221;15&#8243;][\/vc_column][vc_column width=&#8221;1\/3&#8243;][vc_column_text]<a href=\"https:\/\/www.mecadrum.com\/wp-content\/uploads\/2018\/02\/tabla-750-de-las-durezas-ES.pdf\"><span data-type=\"normal\"  class=\"qode_icon_shortcode  q_font_awsome_icon   \" style=\" \"><i class=\"qode_icon_font_awesome fa fa-download qode_icon_element\" style=\"\" ><\/i><\/span>Tabla de las durezas Brinella 750<\/a><\/p>\n<p><a href=\"https:\/\/www.mecadrum.com\/wp-content\/uploads\/2018\/02\/tabla-1000-de-las-durezas-ES.pdf\"><span data-type=\"normal\"  class=\"qode_icon_shortcode  q_font_awsome_icon   \" style=\" \"><i class=\"qode_icon_font_awesome fa fa-download qode_icon_element\" style=\"\" ><\/i><\/span>Tabla de las durezas Brinella 1000<\/a><\/p>\n<p><a href=\"https:\/\/www.mecadrum.com\/wp-content\/uploads\/2018\/02\/tabla-750-de-las-durezas-ES.pdf\"><span data-type=\"normal\"  class=\"qode_icon_shortcode  q_font_awsome_icon   \" style=\" \"><i class=\"qode_icon_font_awesome fa fa-download qode_icon_element\" style=\"\" ><\/i><\/span>Tabla de las durezas Brinella 3000<\/a><br \/>\n<a href=\"https:\/\/www.mecadrum.com\/wp-content\/uploads\/2017\/10\/plaquette_mab.pdf\"><span data-type=\"normal\"  class=\"qode_icon_shortcode  q_font_awsome_icon   \" style=\" \"><i class=\"qode_icon_font_awesome fa fa-download qode_icon_element\" style=\"\" ><\/i><\/span>Documentacion de la maquina Brinella en Frances<\/a><br \/>\n<a href=\"https:\/\/www.mecadrum.com\/wp-content\/uploads\/2017\/10\/notice_brinella.pdf\"><span data-type=\"normal\"  class=\"qode_icon_shortcode  q_font_awsome_icon   \" style=\" \"><i class=\"qode_icon_font_awesome fa fa-download qode_icon_element\" style=\"\" ><\/i><\/span>Instrucciones de la maquina Brinella en Frances<\/a><br \/>\n<a href=\"https:\/\/www.mecadrum.com\/wp-content\/uploads\/2018\/02\/Plaquette-Microscope-ES.pdf\"><span data-type=\"normal\"  class=\"qode_icon_shortcode  q_font_awsome_icon   \" style=\" \"><i class=\"qode_icon_font_awesome fa fa-download qode_icon_element\" style=\"\" ><\/i><\/span>Documentacion del Microscopio<\/a>[\/vc_column_text][vc_separator type=&#8221;transparent&#8221; down=&#8221;15&#8243;][vc_single_image image=&#8221;17073&#8243; img_size=&#8221;medium&#8221; qode_css_animation=&#8221;&#8221;][vc_separator type=&#8221;transparent&#8221; down=&#8221;15&#8243;]<a id=\"Solicitud de precio\" itemprop=\"url\" href=\"\/es\/contacto\/\" target=\"_self\"  class=\"qbutton  large default\" style=\"\">Solicitud de precio<i class=\"qode_icon_font_awesome fa fa-arrow-right qode_button_icon_element\" style=\"\" ><\/i><\/a>[\/vc_column][\/vc_row]<\/p>\n","protected":false},"excerpt":{"rendered":"<p>[vc_row css_animation=&#8221;&#8221; row_type=&#8221;row&#8221; use_row_as_full_screen_section=&#8221;yes&#8221; type=&#8221;full_width&#8221; angled_section=&#8221;no&#8221; text_align=&#8221;left&#8221; background_image_as_pattern=&#8221;without_pattern&#8221;][vc_column width=&#8221;2\/3&#8243;][vc_column_text]BRINELLA\u00ae es una marca de m\u00e1quina de ensayo de bolas registrada por Mecadrum. Permite llevar a cabo ensayos Brinell de gran precisi\u00f3n en piezas de formas y dimensiones variadas, en cualquier posici\u00f3n, y pr\u00e1cticamente en cualquier parte,&#8230;<\/p>\n","protected":false},"author":1,"featured_media":0,"parent":0,"menu_order":0,"comment_status":"closed","ping_status":"open","template":"","meta":{"_et_pb_use_builder":"","_et_pb_old_content":"","_et_gb_content_width":"","inline_featured_image":false,"footnotes":""},"class_list":["post-17474","page","type-page","status-publish","hentry"],"_links":{"self":[{"href":"https:\/\/www.mecadrum.com\/es\/wp-json\/wp\/v2\/pages\/17474"}],"collection":[{"href":"https:\/\/www.mecadrum.com\/es\/wp-json\/wp\/v2\/pages"}],"about":[{"href":"https:\/\/www.mecadrum.com\/es\/wp-json\/wp\/v2\/types\/page"}],"author":[{"embeddable":true,"href":"https:\/\/www.mecadrum.com\/es\/wp-json\/wp\/v2\/users\/1"}],"replies":[{"embeddable":true,"href":"https:\/\/www.mecadrum.com\/es\/wp-json\/wp\/v2\/comments?post=17474"}],"version-history":[{"count":17,"href":"https:\/\/www.mecadrum.com\/es\/wp-json\/wp\/v2\/pages\/17474\/revisions"}],"predecessor-version":[{"id":18991,"href":"https:\/\/www.mecadrum.com\/es\/wp-json\/wp\/v2\/pages\/17474\/revisions\/18991"}],"wp:attachment":[{"href":"https:\/\/www.mecadrum.com\/es\/wp-json\/wp\/v2\/media?parent=17474"}],"curies":[{"name":"wp","href":"https:\/\/api.w.org\/{rel}","templated":true}]}}