{"id":17433,"date":"2017-11-28T14:54:03","date_gmt":"2017-11-28T13:54:03","guid":{"rendered":"http:\/\/165.227.105.105\/inicio\/"},"modified":"2025-11-24T17:37:37","modified_gmt":"2025-11-24T16:37:37","slug":"inicio","status":"publish","type":"page","link":"https:\/\/www.mecadrum.com\/es\/","title":{"rendered":"Inicio"},"content":{"rendered":"<p>[vc_row row_type=&#8221;parallax&#8221; parallax_content_width=&#8221;in_grid&#8221; anchor=&#8221;Sp\u00e9cialiste&#8221; text_align=&#8221;center&#8221; full_screen_section_height=&#8221;no&#8221;][vc_column][vc_separator type=&#8221;small&#8221; position=&#8221;center&#8221;][vc_column_text]<\/p>\n<h1 style=\"text-align: center; font-size: 30px;\">Una empresa internacional especializada en tambores y componentes para cintas transportadoras<\/h1>\n<p>[\/vc_column_text][vc_separator type=&#8221;small&#8221; position=&#8221;center&#8221;][vc_row_inner row_type=&#8221;row&#8221; type=&#8221;full_width&#8221; text_align=&#8221;left&#8221; css_animation=&#8221;&#8221;][vc_column_inner][vc_column_text]<br \/>\n<strong>Con m\u00e1s de 50 a\u00f1os de experiencia, Mecadrum combina un alto grado de ingenier\u00eda con una moderna t\u00e9cnica de producci\u00f3n.<\/strong><br \/>\n[\/vc_column_text][vc_separator type=&#8221;transparent&#8221;][\/vc_column_inner][\/vc_row_inner][\/vc_column][\/vc_row][vc_row css_animation=&#8221;&#8221; row_type=&#8221;row&#8221; use_row_as_full_screen_section=&#8221;no&#8221; type=&#8221;grid&#8221; angled_section=&#8221;no&#8221; text_align=&#8221;center&#8221; background_image_as_pattern=&#8221;without_pattern&#8221;][vc_column width=&#8221;1\/6&#8243;][vc_single_image image=&#8221;17004&#8243; alignment=&#8221;center&#8221; style=&#8221;vc_box_border_circle_2&#8243; qode_css_animation=&#8221;element_from_fade&#8221; transition_delay=&#8221;0.2&#8243;][vc_separator type=&#8221;transparent&#8221; up=&#8221;39&#8243; down=&#8221;0&#8243;][vc_column_text]<\/p>\n<h3>Tambores<\/h3>\n<p>[\/vc_column_text][vc_separator type=&#8221;transparent&#8221; up=&#8221;17&#8243; down=&#8221;0&#8243;][vc_column_text]Dise\u00f1o de tambores para cintas transportadoras, de acuerdos con sus pliegos de condiciones hasta esfuerzos de 1500 kN[\/vc_column_text][vc_separator type=&#8221;transparent&#8221; up=&#8221;30&#8243; down=&#8221;0&#8243;][\/vc_column][vc_column width=&#8221;1\/6&#8243;][vc_single_image image=&#8221;17100&#8243; img_size=&#8221;full&#8221; alignment=&#8221;center&#8221; style=&#8221;vc_box_border_circle_2&#8243; qode_css_animation=&#8221;element_from_fade&#8221; transition_delay=&#8221;0.3&#8243;][vc_separator type=&#8221;transparent&#8221; up=&#8221;39&#8243; down=&#8221;0&#8243;][vc_column_text]<\/p>\n<h3>Tambores Motrices<\/h3>\n<p>[\/vc_column_text][vc_separator type=&#8221;transparent&#8221; up=&#8221;17&#8243; down=&#8221;0&#8243;][vc_column_text]<\/p>\n<p style=\"text-align: center;\">Tambor motriz DRUMO\u00ae: desde \u00f8 166 a 630 &#8211; desde 0,37 kW a 18 kW<\/p>\n<p>[\/vc_column_text][vc_separator type=&#8221;transparent&#8221; up=&#8221;30&#8243; down=&#8221;0&#8243;][\/vc_column][vc_column width=&#8221;1\/6&#8243;][vc_single_image image=&#8221;17011&#8243; alignment=&#8221;center&#8221; style=&#8221;vc_box_border_circle_2&#8243; qode_css_animation=&#8221;element_from_fade&#8221; transition_delay=&#8221;0.4&#8243;][vc_separator type=&#8221;transparent&#8221; up=&#8221;39&#8243; down=&#8221;0&#8243;][vc_column_text]<\/p>\n<h3>Soportes<\/h3>\n<p>[\/vc_column_text][vc_separator type=&#8221;transparent&#8221; up=&#8221;17&#8243; down=&#8221;0&#8243;][vc_column_text]<\/p>\n<p style=\"text-align: center;\">Soportes est\u00e1ndar y soportes especiales<\/p>\n<p>[\/vc_column_text][vc_separator type=&#8221;transparent&#8221; up=&#8221;30&#8243; down=&#8221;0&#8243;][\/vc_column][vc_column width=&#8221;1\/6&#8243;][vc_single_image image=&#8221;16997&#8243; alignment=&#8221;center&#8221; style=&#8221;vc_box_border_circle_2&#8243; qode_css_animation=&#8221;element_from_fade&#8221; transition_delay=&#8221;0.5&#8243;][vc_separator type=&#8221;transparent&#8221; up=&#8221;39&#8243; down=&#8221;0&#8243;][vc_column_text]<\/p>\n<h3>Rodillos \/Polines<\/h3>\n<p>[\/vc_column_text][vc_separator type=&#8221;transparent&#8221; up=&#8221;17&#8243; down=&#8221;0&#8243;][vc_column_text]<\/p>\n<p style=\"text-align: center;\">Rodillos est\u00e1ndares para transportadores de banda y rodillos especiales<\/p>\n<p>[\/vc_column_text][vc_separator type=&#8221;transparent&#8221; up=&#8221;30&#8243; down=&#8221;0&#8243;][\/vc_column][vc_column width=&#8221;1\/6&#8243;][vc_single_image image=&#8221;19606&#8243; img_size=&#8221;full&#8221; alignment=&#8221;center&#8221; style=&#8221;vc_box_border_circle_2&#8243; qode_css_animation=&#8221;element_from_fade&#8221; transition_delay=&#8221;0.5&#8243;][vc_separator type=&#8221;transparent&#8221; up=&#8221;39&#8243; down=&#8221;0&#8243;][vc_column_text]<\/p>\n<h3 style=\"text-align: center;\">Limpiadores<\/h3>\n<p>[\/vc_column_text][vc_separator type=&#8221;transparent&#8221; up=&#8221;17&#8243; down=&#8221;0&#8243;][vc_column_text]Limpiadores primarios, limpiadores secundarios y rastrillos[\/vc_column_text][vc_separator type=&#8221;transparent&#8221; up=&#8221;39&#8243; down=&#8221;0&#8243;][\/vc_column][vc_column width=&#8221;1\/6&#8243;][vc_single_image image=&#8221;17071&#8243; img_size=&#8221;medium&#8221; alignment=&#8221;center&#8221; style=&#8221;vc_box_border_circle_2&#8243; qode_css_animation=&#8221;element_from_fade&#8221; transition_delay=&#8221;0.5&#8243;][vc_separator type=&#8221;transparent&#8221; up=&#8221;39&#8243; down=&#8221;0&#8243;][vc_column_text]<\/p>\n<h3 style=\"text-align: center;\">M\u00e1quinas de ensayo de bolas<\/h3>\n<p>[\/vc_column_text][vc_separator type=&#8221;transparent&#8221; up=&#8221;17&#8243; down=&#8221;0&#8243;][vc_column_text]Brinella\u00ae permite llevzar ensayos Brinell de gran precisi\u00f3n[\/vc_column_text][vc_separator type=&#8221;transparent&#8221; up=&#8221;39&#8243; down=&#8221;0&#8243;][\/vc_column][\/vc_row][vc_row css_animation=&#8221;&#8221; row_type=&#8221;row&#8221; use_row_as_full_screen_section=&#8221;no&#8221; type=&#8221;full_width&#8221; anchor=&#8221;export&#8221; angled_section=&#8221;no&#8221; text_align=&#8221;center&#8221; background_image_as_pattern=&#8221;without_pattern&#8221; padding_top=&#8221;30&#8243; padding_bottom=&#8221;30&#8243; css=&#8221;.vc_custom_1510937858356{padding-top: 30px !important;padding-bottom: 30px !important;}&#8221;][vc_column][vc_separator type=&#8221;small&#8221; position=&#8221;center&#8221;][vc_column_text]<\/p>\n<h2>Mecadrum exporta a todo el mundo.<\/h2>\n<p>[\/vc_column_text][vc_separator type=&#8221;small&#8221; position=&#8221;center&#8221;][vc_raw_html]PGRpdiBzdHlsZT0id2lkdGg6IDEyMDA7IG92ZXJmbG93OiBoaWRkZW47IGhlaWdodDogNDUwOyI+PGlmcmFtZSBzdHlsZT0iYm9yZGVyOiAwcHggY3VycmVudENvbG9yOyBtYXJnaW4tdG9wOiAtODBweDsgcG9pbnRlci1ldmVudHM6IG5vbmU7IiBzcmM9Imh0dHBzOi8vd3d3Lmdvb2dsZS5jb20vbWFwcy9kL3UvMC9lbWJlZD9taWQ9MUdiQ0NUaEY4ajNhNWM2eDJiNDFZbWNjNHV4VSIgd2lkdGg9IjEwMCUiIGhlaWdodD0iNDUwIiBmcmFtZWJvcmRlcj0iMCIgc2Nyb2xsaW5nPSJubyI+DQo8L2lmcmFtZT48L2Rpdj4=[\/vc_raw_html][vc_separator type=&#8221;transparent&#8221;][vc_column_text]<\/p>\n<h3 style=\"text-align: center;\">Una empresa internacional<\/h3>\n<p style=\"text-align: center;\">Mecadrum exporta tambores y componentes para transportadores de banda (desde algunos kW a m\u00e1s de 1.000 kW)&nbsp;a casi todos los continentes.<\/p>\n<h4 style=\"text-align: center;\">Europa<\/h4>\n<p style=\"text-align: center;\">Reino Unido, Italia, Alemania, Luxemburgo, B\u00e9lgica, Noruega, Espa\u00f1a, Polonia, Grecia, Suiza, Pa\u00edses Bajos, Finlandia, Eslovaquia, Rep\u00fablica Checa, Portugal, Ruman\u00eda y Ucrania.<\/p>\n<h4 style=\"text-align: center;\">\u00c1frica<\/h4>\n<p style=\"text-align: center;\">Argelia, T\u00fanez, Marruecos, Mauritania, Egipto, Sud\u00e1frica, Camer\u00fan, Costa de Marfil, Senegal, Rep\u00fablica de Guinea y Madagascar.<\/p>\n<h4 style=\"text-align: center;\">Asia<\/h4>\n<p style=\"text-align: center;\"><span lang=\"es-419\"><span style=\"color: #5d5d60; font-family: Times New Roman;\">China, Ir\u00e1n y Corea.<\/span><\/span><\/p>\n<h4 style=\"text-align: center;\">Am\u00e9rica<\/h4>\n<p style=\"text-align: center;\">Chile, Colombia y Per\u00fa.<\/p>\n<h4 style=\"text-align: center;\">Ocean\u00eda<\/h4>\n<p style=\"text-align: center;\">Desde hace m\u00e1s de 10 a\u00f1os, exportamos m\u00e1s del 60% de nuestros productos.<\/p>\n<p>[\/vc_column_text]<div class='testimonials_c_holder clearfix '><div class=\"testimonials_c testimonials_c_carousel\" data-show-navigation=\"no\" data-animation-speed=\"\" data-auto-rotate-slides=\"3\" data-number-per-slide=\"3\"><ul class=\"slides\"><li id=\"testimonials-c-17266\" class=\"testimonial_content\"><div class=\"testimonial_content_inner\"><div class=\"testimonial_text_holder\"><div class=\"testimonial_text_inner\" style=\"\"><p style='font-size:36px;'><\/p><p class=\"testimonial_author\" style=\"font-weight: 700;color: #b22222;\">Tereos<\/p><\/div><\/div><\/div><\/li><li id=\"testimonials-c-17267\" class=\"testimonial_content\"><div class=\"testimonial_content_inner\"><div class=\"testimonial_text_holder\"><div class=\"testimonial_text_inner\" style=\"\"><p style='font-size:36px;'><\/p><p class=\"testimonial_author\" style=\"font-weight: 700;color: #b22222;\">FLSmidth<\/p><\/div><\/div><\/div><\/li><li id=\"testimonials-c-17274\" class=\"testimonial_content\"><div class=\"testimonial_content_inner\"><div class=\"testimonial_text_holder\"><div class=\"testimonial_text_inner\" style=\"\"><p style='font-size:36px;'><\/p><p class=\"testimonial_author\" style=\"font-weight: 700;color: #b22222;\">Rio Tinto<\/p><\/div><\/div><\/div><\/li><li id=\"testimonials-c-17281\" class=\"testimonial_content\"><div class=\"testimonial_content_inner\"><div class=\"testimonial_text_holder\"><div class=\"testimonial_text_inner\" style=\"\"><p style='font-size:36px;'><\/p><p class=\"testimonial_author\" style=\"font-weight: 700;color: #b22222;\">Areva<\/p><\/div><\/div><\/div><\/li><li id=\"testimonials-c-17288\" class=\"testimonial_content\"><div class=\"testimonial_content_inner\"><div class=\"testimonial_text_holder\"><div class=\"testimonial_text_inner\" style=\"\"><p style='font-size:36px;'><\/p><p class=\"testimonial_author\" style=\"font-weight: 700;color: #b22222;\">Cargill<\/p><\/div><\/div><\/div><\/li><li id=\"testimonials-c-17296\" class=\"testimonial_content\"><div class=\"testimonial_content_inner\"><div class=\"testimonial_text_holder\"><div class=\"testimonial_text_inner\" style=\"\"><p style='font-size:36px;'><\/p><p class=\"testimonial_author\" style=\"font-weight: 700;color: #b22222;\">Beumer<\/p><\/div><\/div><\/div><\/li><li id=\"testimonials-c-17297\" class=\"testimonial_content\"><div class=\"testimonial_content_inner\"><div class=\"testimonial_text_holder\"><div class=\"testimonial_text_inner\" style=\"\"><p style='font-size:36px;'><\/p><p class=\"testimonial_author\" style=\"font-weight: 700;color: #b22222;\">Thyssen Krupp<\/p><\/div><\/div><\/div><\/li><li id=\"testimonials-c-17304\" class=\"testimonial_content\"><div class=\"testimonial_content_inner\"><div class=\"testimonial_text_holder\"><div class=\"testimonial_text_inner\" style=\"\"><p style='font-size:36px;'><\/p><p class=\"testimonial_author\" style=\"font-weight: 700;color: #b22222;\">Fives<\/p><\/div><\/div><\/div><\/li><li id=\"testimonials-c-17311\" class=\"testimonial_content\"><div class=\"testimonial_content_inner\"><div class=\"testimonial_text_holder\"><div class=\"testimonial_text_inner\" style=\"\"><p style='font-size:36px;'><\/p><p class=\"testimonial_author\" style=\"font-weight: 700;color: #b22222;\">BMW<\/p><\/div><\/div><\/div><\/li><li id=\"testimonials-c-17318\" class=\"testimonial_content\"><div class=\"testimonial_content_inner\"><div class=\"testimonial_text_holder\"><div class=\"testimonial_text_inner\" style=\"\"><p style='font-size:36px;'><\/p><p class=\"testimonial_author\" style=\"font-weight: 700;color: #b22222;\">Jaguar<\/p><\/div><\/div><\/div><\/li><li id=\"testimonials-c-17326\" class=\"testimonial_content\"><div class=\"testimonial_content_inner\"><div class=\"testimonial_text_holder\"><div class=\"testimonial_text_inner\" style=\"\"><p style='font-size:36px;'><\/p><p class=\"testimonial_author\" style=\"font-weight: 700;color: #b22222;\">Renault<\/p><\/div><\/div><\/div><\/li><li id=\"testimonials-c-17328\" class=\"testimonial_content\"><div class=\"testimonial_content_inner\"><div class=\"testimonial_text_holder\"><div class=\"testimonial_text_inner\" style=\"\"><p style='font-size:36px;'><\/p><p class=\"testimonial_author\" style=\"font-weight: 700;color: #b22222;\">Peugeot<\/p><\/div><\/div><\/div><\/li><li id=\"testimonials-c-17337\" class=\"testimonial_content\"><div class=\"testimonial_content_inner\"><div class=\"testimonial_text_holder\"><div class=\"testimonial_text_inner\" style=\"\"><p style='font-size:36px;'><\/p><p class=\"testimonial_author\" style=\"font-weight: 700;color: #b22222;\">Sea Invest<\/p><\/div><\/div><\/div><\/li><li id=\"testimonials-c-17344\" class=\"testimonial_content\"><div class=\"testimonial_content_inner\"><div class=\"testimonial_text_holder\"><div class=\"testimonial_text_inner\" style=\"\"><p style='font-size:36px;'><\/p><p class=\"testimonial_author\" style=\"font-weight: 700;color: #b22222;\">Lafarge Holcim<\/p><\/div><\/div><\/div><\/li><li id=\"testimonials-c-17351\" class=\"testimonial_content\"><div class=\"testimonial_content_inner\"><div class=\"testimonial_text_holder\"><div class=\"testimonial_text_inner\" style=\"\"><p style='font-size:36px;'><\/p><p class=\"testimonial_author\" style=\"font-weight: 700;color: #b22222;\">OCP<\/p><\/div><\/div><\/div><\/li><li id=\"testimonials-c-17359\" class=\"testimonial_content\"><div class=\"testimonial_content_inner\"><div class=\"testimonial_text_holder\"><div class=\"testimonial_text_inner\" style=\"\"><p style='font-size:36px;'><\/p><p class=\"testimonial_author\" style=\"font-weight: 700;color: #b22222;\">Codelco<\/p><\/div><\/div><\/div><\/li><li id=\"testimonials-c-17360\" class=\"testimonial_content\"><div class=\"testimonial_content_inner\"><div class=\"testimonial_text_holder\"><div class=\"testimonial_text_inner\" style=\"\"><p style='font-size:36px;'><\/p><p class=\"testimonial_author\" style=\"font-weight: 700;color: #b22222;\">Eramet<\/p><\/div><\/div><\/div><\/li><li id=\"testimonials-c-17367\" class=\"testimonial_content\"><div class=\"testimonial_content_inner\"><div class=\"testimonial_text_holder\"><div class=\"testimonial_text_inner\" style=\"\"><p style='font-size:36px;'><\/p><p class=\"testimonial_author\" style=\"font-weight: 700;color: #b22222;\">Glencore<\/p><\/div><\/div><\/div><\/li><li id=\"testimonials-c-17374\" class=\"testimonial_content\"><div class=\"testimonial_content_inner\"><div class=\"testimonial_text_holder\"><div class=\"testimonial_text_inner\" style=\"\"><p style='font-size:36px;'><\/p><p class=\"testimonial_author\" style=\"font-weight: 700;color: #b22222;\">Vale<\/p><\/div><\/div><\/div><\/li><\/ul><\/div><\/div>[\/vc_column][\/vc_row][vc_row css_animation=&#8221;&#8221; row_type=&#8221;row&#8221; use_row_as_full_screen_section=&#8221;no&#8221; type=&#8221;full_width&#8221; angled_section=&#8221;no&#8221; text_align=&#8221;center&#8221; background_image_as_pattern=&#8221;without_pattern&#8221; background_color=&#8221;#f2f2f2&#8243;][vc_column][vc_separator type=&#8221;small&#8221; position=&#8221;center&#8221;][vc_column_text]<\/p>\n<h2 style=\"text-align: center;\">Certificaci\u00f3n<\/h2>\n<p>[\/vc_column_text][vc_separator type=&#8221;small&#8221; position=&#8221;center&#8221;][vc_row_inner row_type=&#8221;row&#8221; type=&#8221;full_width&#8221; anchor=&#8221;certifications&#8221; text_align=&#8221;left&#8221; css_animation=&#8221;&#8221;][vc_column_inner width=&#8221;1\/2&#8243;][vc_column_text css=&#8221;.vc_custom_1510934881529{padding-right: 50px !important;padding-bottom: 0px !important;padding-left: 50px !important;}&#8221;]<\/p>\n<h3 style=\"text-align: center;\"><img loading=\"lazy\" decoding=\"async\" class=\"wp-image-16687 size-medium aligncenter\" src=\"https:\/\/www.mecadrum.com\/wp-content\/uploads\/2014\/05\/veritas-iso-9001-2015-300x168.png\" alt=\"\" width=\"300\" height=\"200\"><\/h3>\n<p>[\/vc_column_text][\/vc_column_inner][vc_column_inner width=&#8221;1\/2&#8243;][vc_column_text css=&#8221;.vc_custom_1510934606974{padding-right: 50px !important;padding-left: 50px !important;}&#8221;]<\/p>\n<h3 style=\"text-align: center;\"><img loading=\"lazy\" decoding=\"async\" class=\"aligncenter wp-image-16693\" src=\"https:\/\/www.mecadrum.com\/wp-content\/uploads\/2014\/05\/AEO-2-300x205.png\" alt=\"\" width=\"200\" height=\"136\" srcset=\"https:\/\/www.mecadrum.com\/wp-content\/uploads\/2014\/05\/AEO-2-300x205.png 300w, https:\/\/www.mecadrum.com\/wp-content\/uploads\/2014\/05\/AEO-2-768x524.png 768w, https:\/\/www.mecadrum.com\/wp-content\/uploads\/2014\/05\/AEO-2-700x478.png 700w, https:\/\/www.mecadrum.com\/wp-content\/uploads\/2014\/05\/AEO-2.png 793w\" sizes=\"(max-width: 200px) 100vw, 200px\" \/><\/h3>\n<h3 style=\"text-align: center;\"><\/h3>\n<p>[\/vc_column_text][\/vc_column_inner][\/vc_row_inner][vc_row_inner row_type=&#8221;row&#8221; type=&#8221;full_width&#8221; text_align=&#8221;left&#8221; css_animation=&#8221;&#8221;][vc_column_inner width=&#8221;1\/2&#8243;][vc_column_text]<\/p>\n<h4 style=\"text-align: center;\">MECADRUM esta certificada ISO 9001:2015<\/h4>\n<p>[\/vc_column_text][\/vc_column_inner][vc_column_inner width=&#8221;1\/2&#8243;][vc_column_text]<\/p>\n<h4 style=\"text-align: center;\">Mecadrum es un operador econ\u00f3mico homologado OEA, ante los servicios de aduanas franceses<\/h4>\n<p>[\/vc_column_text][\/vc_column_inner][\/vc_row_inner][vc_separator type=&#8221;transparent&#8221; down=&#8221;10&#8243;][\/vc_column][\/vc_row][vc_row css_animation=&#8221;&#8221; row_type=&#8221;row&#8221; use_row_as_full_screen_section=&#8221;no&#8221; type=&#8221;grid&#8221; angled_section=&#8221;no&#8221; text_align=&#8221;center&#8221; background_image_as_pattern=&#8221;without_pattern&#8221; padding_top=&#8221;30&#8243; padding_bottom=&#8221;30&#8243;][vc_column][vc_separator type=&#8221;small&#8221; position=&#8221;center&#8221;][vc_column_text]<\/p>\n<h2 style=\"text-align: center;\">Acuerdos de colaboraci\u00f3n<\/h2>\n<p>[\/vc_column_text][vc_separator type=&#8221;small&#8221; position=&#8221;center&#8221;]<div class='qode_carousels_holder clearfix'><div class='qode_carousels' data-number-of-visible-items='5'><ul class='slides'><li class='item'><div class=\"carousel_item_holder\"><span class='first_image_holder has_hover_image'><img decoding=\"async\" itemprop=\"image\" src=\"https:\/\/www.mecadrum.com\/wp-content\/uploads\/2017\/11\/TTA-GRIS.png\" alt=\"carousel image\" \/><\/span><span class='second_image_holder has_hover_image'><img decoding=\"async\" itemprop=\"image\" src=\"https:\/\/www.mecadrum.com\/wp-content\/uploads\/2017\/11\/TTA-COULEUR.png\" alt=\"carousel image\" \/><\/span><\/div><\/li><li class='item'><div class=\"carousel_item_holder\"><span class='first_image_holder has_hover_image'><img decoding=\"async\" itemprop=\"image\" src=\"https:\/\/www.mecadrum.com\/wp-content\/uploads\/2017\/11\/timken-gris.png\" alt=\"carousel image\" \/><\/span><span class='second_image_holder has_hover_image'><img decoding=\"async\" itemprop=\"image\" src=\"https:\/\/www.mecadrum.com\/wp-content\/uploads\/2017\/11\/timken-orange.png\" alt=\"carousel image\" \/><\/span><\/div><\/li><li class='item'><div class=\"carousel_item_holder\"><span class='first_image_holder has_hover_image'><img decoding=\"async\" itemprop=\"image\" src=\"https:\/\/www.mecadrum.com\/wp-content\/uploads\/2017\/11\/SKF-logo_GRIS.png\" alt=\"carousel image\" \/><\/span><span class='second_image_holder has_hover_image'><img decoding=\"async\" itemprop=\"image\" src=\"https:\/\/www.mecadrum.com\/wp-content\/uploads\/2017\/11\/SKF-logo-BLEU.png\" alt=\"carousel image\" \/><\/span><\/div><\/li><li class='item'><div class=\"carousel_item_holder\"><span class='first_image_holder has_hover_image'><img decoding=\"async\" itemprop=\"image\" src=\"https:\/\/www.mecadrum.com\/wp-content\/uploads\/2017\/11\/schulte-strathaus_GRIS.png\" alt=\"carousel image\" \/><\/span><span class='second_image_holder has_hover_image'><img decoding=\"async\" itemprop=\"image\" src=\"https:\/\/www.mecadrum.com\/wp-content\/uploads\/2017\/11\/schulte-strathaus_COULEUR.png\" alt=\"carousel image\" \/><\/span><\/div><\/li><li class='item'><div class=\"carousel_item_holder\"><span class='first_image_holder has_hover_image'><img decoding=\"async\" itemprop=\"image\" src=\"https:\/\/www.mecadrum.com\/wp-content\/uploads\/2017\/11\/Schaeffler_gris.png\" alt=\"carousel image\" \/><\/span><span class='second_image_holder has_hover_image'><img decoding=\"async\" itemprop=\"image\" src=\"https:\/\/www.mecadrum.com\/wp-content\/uploads\/2017\/11\/shaeffer-vert.png\" alt=\"carousel image\" \/><\/span><\/div><\/li><\/ul><\/div><\/div>[\/vc_column][\/vc_row]<\/p>\n","protected":false},"excerpt":{"rendered":"<p>[vc_row row_type=&#8221;parallax&#8221; parallax_content_width=&#8221;in_grid&#8221; anchor=&#8221;Sp\u00e9cialiste&#8221; text_align=&#8221;center&#8221; full_screen_section_height=&#8221;no&#8221;][vc_column][vc_separator type=&#8221;small&#8221; position=&#8221;center&#8221;][vc_column_text] Una empresa internacional especializada en tambores y componentes para cintas transportadoras [\/vc_column_text][vc_separator type=&#8221;small&#8221; position=&#8221;center&#8221;][vc_row_inner row_type=&#8221;row&#8221; type=&#8221;full_width&#8221; text_align=&#8221;left&#8221; css_animation=&#8221;&#8221;][vc_column_inner][vc_column_text] Con m\u00e1s de 50 a\u00f1os de experiencia, Mecadrum combina un alto grado de ingenier\u00eda con una moderna t\u00e9cnica de&#8230;<\/p>\n","protected":false},"author":1,"featured_media":0,"parent":0,"menu_order":0,"comment_status":"open","ping_status":"open","template":"full_width.php","meta":{"_et_pb_use_builder":"off","_et_pb_old_content":"","_et_gb_content_width":"","inline_featured_image":false,"footnotes":""},"class_list":["post-17433","page","type-page","status-publish","hentry"],"_links":{"self":[{"href":"https:\/\/www.mecadrum.com\/es\/wp-json\/wp\/v2\/pages\/17433"}],"collection":[{"href":"https:\/\/www.mecadrum.com\/es\/wp-json\/wp\/v2\/pages"}],"about":[{"href":"https:\/\/www.mecadrum.com\/es\/wp-json\/wp\/v2\/types\/page"}],"author":[{"embeddable":true,"href":"https:\/\/www.mecadrum.com\/es\/wp-json\/wp\/v2\/users\/1"}],"replies":[{"embeddable":true,"href":"https:\/\/www.mecadrum.com\/es\/wp-json\/wp\/v2\/comments?post=17433"}],"version-history":[{"count":85,"href":"https:\/\/www.mecadrum.com\/es\/wp-json\/wp\/v2\/pages\/17433\/revisions"}],"predecessor-version":[{"id":21152,"href":"https:\/\/www.mecadrum.com\/es\/wp-json\/wp\/v2\/pages\/17433\/revisions\/21152"}],"wp:attachment":[{"href":"https:\/\/www.mecadrum.com\/es\/wp-json\/wp\/v2\/media?parent=17433"}],"curies":[{"name":"wp","href":"https:\/\/api.w.org\/{rel}","templated":true}]}}