{"id":17327,"date":"2017-11-28T12:28:48","date_gmt":"2017-11-28T11:28:48","guid":{"rendered":"http:\/\/165.227.105.105\/limpiadores\/"},"modified":"2019-11-06T09:09:21","modified_gmt":"2019-11-06T08:09:21","slug":"limpiadores","status":"publish","type":"page","link":"https:\/\/www.mecadrum.com\/es\/otros-productos\/limpiadores\/","title":{"rendered":"Limpiadores"},"content":{"rendered":"<p>[vc_row css_animation=&#8221;&#8221; row_type=&#8221;row&#8221; use_row_as_full_screen_section=&#8221;yes&#8221; type=&#8221;full_width&#8221; angled_section=&#8221;no&#8221; text_align=&#8221;left&#8221; background_image_as_pattern=&#8221;without_pattern&#8221;][vc_column width=&#8221;1\/2&#8243;][vc_column_text]Mecadrum tiene un acuerdo de colaboraci\u00f3n con Schulte Strathaus para todo lo relativo a limpiadores, rastrillos, babetas de estanqueidad y estaciones autocentrantes.<br \/>\nEste aparato tan eficaz presenta la ventaja de seguir limpiando las bandas desgastadas sin deteriorarlas, gracias a unos elementos de raspado con varios grados de libertad (sistema STARCLEAN Twist Swing).<\/p>\n<p>Estos limpiadores tambi\u00e9n pueden equiparse en opci\u00f3n con un sistema de tensi\u00f3n autom\u00e1tica muy sencillo de ajustar que simplifica las operaciones de mantenimiento.<br \/>\nLos elementos de raspado se pueden desmontar, adem\u00e1s, con total facilidad y sin necesidad de herramientas.<\/p>\n<p>De este modo, bastan unos pocos minutos para cambiar los elementos de raspado, si no existen problemas de acceso.<\/p>\n<p><img loading=\"lazy\" decoding=\"async\" class=\"alignnone size-medium wp-image-16902\" src=\"https:\/\/www.mecadrum.com\/wp-content\/uploads\/2017\/10\/Capture-d\u2019e\u0301cran-2017-11-21-a\u0300-12.37.41-300x135.png\" alt=\"\" width=\"300\" height=\"135\">[\/vc_column_text][\/vc_column][vc_column width=&#8221;1\/2&#8243;][vc_raw_html]PGlmcmFtZSBzcmM9Imh0dHBzOi8vd3d3LnlvdXR1YmUuY29tL2VtYmVkL0I0YnBKc2F1dmQ4P3JlbD0wJmFtcDtzaG93aW5mbz0wIiB3aWR0aD0iNTYwIiBoZWlnaHQ9IjMxNSIgZnJhbWVib3JkZXI9IjAiIGFsbG93ZnVsbHNjcmVlbj0iYWxsb3dmdWxsc2NyZWVuIj48L2lmcmFtZT4=[\/vc_raw_html][vc_column_text]<a href=\"https:\/\/www.mecadrum.com\/wp-content\/uploads\/2018\/02\/DTM-Fiche-produit-racleur-GB.pdf\"><span data-type=\"normal\"  class=\"qode_icon_shortcode  q_font_awsome_icon   \" style=\" \"><i class=\"qode_icon_font_awesome fa fa-download qode_icon_element\" style=\"\" ><\/i><\/span> Scraper range<\/a><\/p>\n<p><a href=\"https:\/\/www.mecadrum.com\/wp-content\/uploads\/2018\/02\/DTM-Technical-index-to-be-completed.pdf\"><span data-type=\"normal\"  class=\"qode_icon_shortcode  q_font_awsome_icon   \" style=\" \"><i class=\"qode_icon_font_awesome fa fa-download qode_icon_element\" style=\"\" ><\/i><\/span> Quotation Support &#8211; Technical Form<\/a>[\/vc_column_text][\/vc_column][\/vc_row][vc_row css_animation=&#8221;&#8221; row_type=&#8221;row&#8221; use_row_as_full_screen_section=&#8221;no&#8221; type=&#8221;full_width&#8221; angled_section=&#8221;no&#8221; text_align=&#8221;left&#8221; background_image_as_pattern=&#8221;without_pattern&#8221;][vc_column width=&#8221;2\/3&#8243;][\/vc_column][vc_column width=&#8221;1\/3&#8243;]<a id=\"Solicitud de precio\" itemprop=\"url\" href=\"\/es\/contacto\/\" target=\"_self\"  class=\"qbutton  large default\" style=\"\">Solicitud de precio<i class=\"qode_icon_font_awesome fa fa-arrow-right qode_button_icon_element\" style=\"\" ><\/i><\/a>[\/vc_column][\/vc_row]<\/p>\n","protected":false},"excerpt":{"rendered":"<p>[vc_row css_animation=&#8221;&#8221; row_type=&#8221;row&#8221; use_row_as_full_screen_section=&#8221;yes&#8221; type=&#8221;full_width&#8221; angled_section=&#8221;no&#8221; text_align=&#8221;left&#8221; background_image_as_pattern=&#8221;without_pattern&#8221;][vc_column width=&#8221;1\/2&#8243;][vc_column_text]Mecadrum tiene un acuerdo de colaboraci\u00f3n con Schulte Strathaus para todo lo relativo a limpiadores, rastrillos, babetas de estanqueidad y estaciones autocentrantes. Este aparato tan eficaz presenta la ventaja de seguir limpiando las bandas desgastadas sin deteriorarlas,&#8230;<\/p>\n","protected":false},"author":1,"featured_media":0,"parent":17384,"menu_order":0,"comment_status":"closed","ping_status":"open","template":"","meta":{"_et_pb_use_builder":"","_et_pb_old_content":"","_et_gb_content_width":"","inline_featured_image":false,"footnotes":""},"class_list":["post-17327","page","type-page","status-publish","hentry"],"_links":{"self":[{"href":"https:\/\/www.mecadrum.com\/es\/wp-json\/wp\/v2\/pages\/17327"}],"collection":[{"href":"https:\/\/www.mecadrum.com\/es\/wp-json\/wp\/v2\/pages"}],"about":[{"href":"https:\/\/www.mecadrum.com\/es\/wp-json\/wp\/v2\/types\/page"}],"author":[{"embeddable":true,"href":"https:\/\/www.mecadrum.com\/es\/wp-json\/wp\/v2\/users\/1"}],"replies":[{"embeddable":true,"href":"https:\/\/www.mecadrum.com\/es\/wp-json\/wp\/v2\/comments?post=17327"}],"version-history":[{"count":12,"href":"https:\/\/www.mecadrum.com\/es\/wp-json\/wp\/v2\/pages\/17327\/revisions"}],"predecessor-version":[{"id":19573,"href":"https:\/\/www.mecadrum.com\/es\/wp-json\/wp\/v2\/pages\/17327\/revisions\/19573"}],"up":[{"embeddable":true,"href":"https:\/\/www.mecadrum.com\/es\/wp-json\/wp\/v2\/pages\/17384"}],"wp:attachment":[{"href":"https:\/\/www.mecadrum.com\/es\/wp-json\/wp\/v2\/media?parent=17327"}],"curies":[{"name":"wp","href":"https:\/\/api.w.org\/{rel}","templated":true}]}}