{"id":15863,"date":"2017-10-02T14:05:18","date_gmt":"2017-10-02T12:05:18","guid":{"rendered":"http:\/\/165.227.105.105\/the-drumo-range-of-drum-motors\/"},"modified":"2022-03-11T15:55:02","modified_gmt":"2022-03-11T14:55:02","slug":"the-drumo-range-of-drum-motors","status":"publish","type":"page","link":"https:\/\/www.mecadrum.com\/en\/the-drumo-range-of-drum-motors\/","title":{"rendered":"DRUMO\u00ae Drum motors"},"content":{"rendered":"<p>[vc_row css_animation=&#8221;&#8221; row_type=&#8221;row&#8221; use_row_as_full_screen_section=&#8221;yes&#8221; type=&#8221;full_width&#8221; angled_section=&#8221;no&#8221; text_align=&#8221;left&#8221; background_image_as_pattern=&#8221;without_pattern&#8221;][vc_column width=&#8221;2\/3&#8243;][vc_column_text]<\/p>\n<p style=\"margin-bottom: 15px;\">Mecadrum offers a complete range of DRUMO\u00ae motor drums from diameter 166 to diameter 630 and from 0.37 kW to 18 kW.<\/p>\n<h2 style=\"margin-bottom: 15px;\">Our range of DRUMO\u00ae motor drums<\/h2>\n<p style=\"margin-bottom: 15px;\">The DRUMO range of drum motors is an exclusive MECADRUM production.<\/p>\n<ul style=\"margin-bottom: 15px;\">\n<li>Small footprint<\/li>\n<li>Ease of assembly<\/li>\n<li>High efficiency<\/li>\n<li>Low maintenance<\/li>\n<li>Low cost<\/li>\n<li>Accumulated security<\/li>\n<\/ul>\n<p style=\"margin-bottom: 15px;\">DRUMO motor drums have their ideal use in modern conveyor belt handling installations.<\/p>\n<p style=\"margin-bottom: 15px;\">All the conventional components required to drive the installation (motor, gearbox, transmission, drum, bearing, protection) are combined in a single element. Therefore, the entire drum motor does not require more space than the drum alone. In addition, assembly and installation are extremely simple and take place in a minimum of time.<\/p>\n<p style=\"margin-bottom: 15px;\">You can therefore predict very exactly the cost price of your installation and the assembly and adjustment times.<\/p>\n<p style=\"margin-bottom: 15px;\">The design of the DRUMO drum motor makes it completely sealed against the lance and against fine dust: I.P. 65 protection according to certificate n \u00b0 204.633 L.C.I.E. It is therefore particularly suitable for outdoor installations, or in dusty and humid premises.<\/p>\n<h2 style=\"margin-bottom: 15px;\">Characteristics of the DRUMO\u00ae drum motor<\/h2>\n<p style=\"margin-bottom: 15px;\">Complete range: \u00d8160 to 630 \u2013 Power 0.25 to 30 KW \u2013 Speed \u200b\u200b0.27m \/ sec. at 4.51m \/ sec.<\/p>\n<p>Optional :<\/p>\n<ul style=\"margin-bottom: 15px;\">\n<li>Rubber coating \u2013 ceramic \u2013 knurling<\/li>\n<li>Backstop<\/li>\n<li>Special voltages (standard: 230\/400 V 50Hz)<\/li>\n<li>Brake<\/li>\n<li>Cable outlet (standard terminal box)<\/li>\n<li>Bi speed<\/li>\n<li>Stainless steel version<\/li>\n<li>Tropicalized motors<\/li>\n<li>Hypsothermic protection<\/li>\n<li>Speed \u200b\u200bvariator<\/li>\n<\/ul>\n<p style=\"margin-bottom: 15px;\"><strong>Quality<\/strong> : The choice of selected steels, machined, treated and rectified in our workshops, gives you a total mechanical guarantee \u201cparts and labor\u201d of one (excluding electrical connection errors).<\/p>\n<p style=\"margin-bottom: 15px;\"><strong>Simplicity <\/strong>: The DRUMO drum motor is fitted with standard motors. Its patented design allows dismantling of worn parts in a very short time.<\/p>\n<p style=\"margin-bottom: 15px;\"><strong>Robustness<\/strong> : More than 50 years of experience in the manufacture of DRUMO drum motors assure you that with very low maintenance you can obtain a very long operation of the drum. Alone, the reducer runs in extreme pressure oil and there are no wearing parts at the junction box.<\/p>\n<p style=\"margin-bottom: 15px;\">MECADRUM also provides you with efficient after-sales service. Repair within a week in our workshops.<\/p>\n<p>[\/vc_column_text][\/vc_column][vc_column width=&#8221;1\/3&#8243;][vc_column_text css=&#8221;.vc_custom_1511822900253{padding-top: 10px !important;padding-right: 10px !important;padding-bottom: 10px !important;padding-left: 10px !important;background-color: #b22222 !important;}&#8221;]<\/p>\n<h5 class=\"blockquote-text\">For any quotation, thank you for downloading, completing and of sending us data sheets essential to a prompt treatment of your demand.<\/h5>\n<p>[\/vc_column_text][vc_separator type=&#8221;transparent&#8221; down=&#8221;10&#8243;]<\/p>\n<p>[vc_column_text]<\/p>\n<p><a href=\"https:\/\/www.mecadrum.com\/wp-content\/uploads\/2017\/09\/cotes_d__encombrement_tm_et_tq.pdf\" target=\"_blank\" rel=\"noopener noreferrer\"><span data-type=\"normal\"  class=\"qode_icon_shortcode  q_font_awsome_icon   \" style=\" \"><i class=\"qode_icon_font_awesome fa fa-download qode_icon_element\" style=\"\" ><\/i><\/span>Dimensional drawings of motor drums and free drums <\/a><\/p>\n<p><a href=\"https:\/\/www.mecadrum.com\/wp-content\/uploads\/2017\/09\/tambour_moteur_fr.pdf\" target=\"_blank\" rel=\"noopener noreferrer\"><span data-type=\"normal\"  class=\"qode_icon_shortcode  q_font_awsome_icon   \" style=\" \"><i class=\"qode_icon_font_awesome fa fa-download qode_icon_element\" style=\"\" ><\/i><\/span> DRUMO\u00ae Drum motor brochure, <\/a>[\/vc_column_text]<\/p>\n<p>[vc_separator type=&#8221;transparent&#8221; down=&#8221;10&#8243;]<\/p>\n<p>[vc_column_text][vc_column_inner]<a id=\"Demande de devis\" itemprop=\"url\" href=\"\/en\/contact\/\" target=\"_self\"  class=\"qbutton  large default\" style=\"\">Request a quote<i class=\"qode_icon_font_awesome fa fa-arrow-right qode_button_icon_element\" style=\"\" ><\/i><\/a>[\/vc_column_inner][\/vc_column_text]<\/p>\n<p>[\/vc_column][\/vc_row][vc_row css_animation=&#8221;&#8221; row_type=&#8221;row&#8221; use_row_as_full_screen_section=&#8221;no&#8221; type=&#8221;full_width&#8221; angled_section=&#8221;no&#8221; text_align=&#8221;left&#8221; background_image_as_pattern=&#8221;without_pattern&#8221;][vc_column][vc_accordion active_tab=&#8221;false&#8221; collapsible=&#8221;yes&#8221; style=&#8221;accordion&#8221;][vc_accordion_tab title=&#8221;DRUMO\u00ae \u00f8166 Typ RA&#8221; el_id=&#8221;tambour-DRUMO-166-type-RA&#8221;][vc_row_inner row_type=&#8221;row&#8221; type=&#8221;full_width&#8221; text_align=&#8221;left&#8221; css_animation=&#8221;&#8221;][vc_column_inner width=&#8221;2\/3&#8243;][vc_single_image image=&#8221;16037&#8243; img_size=&#8221;medium&#8221; qode_css_animation=&#8221;&#8221;][\/vc_column_inner][vc_column_inner width=&#8221;1\/3&#8243;][vc_column_text]<a href=\"https:\/\/www.mecadrum.com\/wp-content\/uploads\/2017\/09\/drumo_type_ra_diam_160.pdf\" target=\"_blank\" rel=\"noopener noreferrer\"><span data-type=\"normal\"  class=\"qode_icon_shortcode  q_font_awsome_icon   \" style=\" \"><i class=\"qode_icon_font_awesome fa fa-download qode_icon_element\" style=\"\" ><\/i><\/span>EXPLODED VIEW TYPE RA<\/a><br \/>\n(Pour imprimer ajuster \u00e0 30%)[\/vc_column_text][\/vc_column_inner][\/vc_row_inner][\/vc_accordion_tab][vc_accordion_tab title=&#8221;DRUMO\u00ae \u00d8217 Typ A et B&#8221;][vc_row_inner row_type=&#8221;row&#8221; type=&#8221;full_width&#8221; text_align=&#8221;left&#8221; css_animation=&#8221;&#8221;][vc_column_inner width=&#8221;2\/3&#8243;][vc_single_image image=&#8221;16082&#8243; img_size=&#8221;medium&#8221; qode_css_animation=&#8221;&#8221;][\/vc_column_inner][vc_column_inner width=&#8221;1\/3&#8243;][vc_column_text]<a href=\"https:\/\/www.mecadrum.com\/wp-content\/uploads\/2017\/09\/drumo_type_a_face_1.pdf\" target=\"_blank\" rel=\"noopener noreferrer\"><span data-type=\"normal\"  class=\"qode_icon_shortcode  q_font_awsome_icon   \" style=\" \"><i class=\"qode_icon_font_awesome fa fa-download qode_icon_element\" style=\"\" ><\/i><\/span>EXPLODED VIEW Type A face 1<\/a><\/p>\n<p><a href=\"https:\/\/www.mecadrum.com\/wp-content\/uploads\/2017\/09\/drumo_type_a_face_2.pdf\" target=\"_blank\" rel=\"noopener noreferrer\"><span data-type=\"normal\"  class=\"qode_icon_shortcode  q_font_awsome_icon   \" style=\" \"><i class=\"qode_icon_font_awesome fa fa-download qode_icon_element\" style=\"\" ><\/i><\/span>EXPLODED VIEW Type A face 2<\/a><\/p>\n<p><a href=\"https:\/\/www.mecadrum.com\/wp-content\/uploads\/2017\/09\/drumo_type_b_face_1.pdf\"><span data-type=\"normal\"  class=\"qode_icon_shortcode  q_font_awsome_icon   \" style=\" \"><i class=\"qode_icon_font_awesome fa fa-download qode_icon_element\" style=\"\" ><\/i><\/span>EXPLODED VIEW Type B face 1<\/a><\/p>\n<p><a href=\"https:\/\/www.mecadrum.com\/wp-content\/uploads\/2017\/09\/drumo_type_b_face_2.pdf\"><span data-type=\"normal\"  class=\"qode_icon_shortcode  q_font_awsome_icon   \" style=\" \"><i class=\"qode_icon_font_awesome fa fa-download qode_icon_element\" style=\"\" ><\/i><\/span>EXPLODED VIEW Type B face 2<\/a>[\/vc_column_text][\/vc_column_inner][\/vc_row_inner][\/vc_accordion_tab][vc_accordion_tab title=&#8221;DRUMO\u00ae \u00d8244 Typ DA et DB&#8221;][vc_row_inner row_type=&#8221;row&#8221; type=&#8221;full_width&#8221; text_align=&#8221;left&#8221; css_animation=&#8221;&#8221;][vc_column_inner width=&#8221;2\/3&#8243;][vc_single_image image=&#8221;16085&#8243; img_size=&#8221;medium&#8221; qode_css_animation=&#8221;&#8221;][\/vc_column_inner][vc_column_inner width=&#8221;1\/3&#8243;][vc_column_text]<a href=\"https:\/\/www.mecadrum.com\/wp-content\/uploads\/2017\/09\/drumo_type_a_face_1.pdf\" target=\"_blank\" rel=\"noopener noreferrer\"><span data-type=\"normal\"  class=\"qode_icon_shortcode  q_font_awsome_icon   \" style=\" \"><i class=\"qode_icon_font_awesome fa fa-download qode_icon_element\" style=\"\" ><\/i><\/span>EXPLODED VIEW Type DA face 1<\/a><\/p>\n<p><a href=\"https:\/\/www.mecadrum.com\/wp-content\/uploads\/2017\/09\/drumo_type_a_face_2.pdf\" target=\"_blank\" rel=\"noopener noreferrer\"><span data-type=\"normal\"  class=\"qode_icon_shortcode  q_font_awsome_icon   \" style=\" \"><i class=\"qode_icon_font_awesome fa fa-download qode_icon_element\" style=\"\" ><\/i><\/span>EXPLODED VIEW Type DA face 2<\/a><\/p>\n<p><a href=\"https:\/\/www.mecadrum.com\/wp-content\/uploads\/2017\/09\/drumo_type_b_face_1.pdf\" target=\"_blank\" rel=\"noopener noreferrer\">\u00a0<span data-type=\"normal\"  class=\"qode_icon_shortcode  q_font_awsome_icon   \" style=\" \"><i class=\"qode_icon_font_awesome fa fa-download qode_icon_element\" style=\"\" ><\/i><\/span>EXPLODED VIEW Type DB face 1<\/a><\/p>\n<p><a href=\"https:\/\/www.mecadrum.com\/wp-content\/uploads\/2017\/09\/drumo_type_b_face_2.pdf\" target=\"_blank\" rel=\"noopener noreferrer\"><span data-type=\"normal\"  class=\"qode_icon_shortcode  q_font_awsome_icon   \" style=\" \"><i class=\"qode_icon_font_awesome fa fa-download qode_icon_element\" style=\"\" ><\/i><\/span>EXPLODED VIEW Type DB face 2<\/a>[\/vc_column_text][\/vc_column_inner][\/vc_row_inner][\/vc_accordion_tab][vc_accordion_tab title=&#8221;DRUMO\u00ae \u00d8320 Typ CA et CB&#8221;][vc_row_inner row_type=&#8221;row&#8221; type=&#8221;full_width&#8221; text_align=&#8221;left&#8221; css_animation=&#8221;&#8221;][vc_column_inner width=&#8221;2\/3&#8243;][vc_column_text]<a href=\"https:\/\/www.mecadrum.com\/wp-content\/uploads\/2017\/09\/type320cacb.gif\" target=\"_blank\" rel=\"noopener\"><img loading=\"lazy\" decoding=\"async\" class=\"alignnone wp-image-16097 size-medium\" src=\"https:\/\/www.mecadrum.com\/wp-content\/uploads\/2017\/09\/type500-191x300.gif\" alt=\"\" width=\"191\" height=\"300\" \/><\/a>[\/vc_column_text][\/vc_column_inner][vc_column_inner width=&#8221;1\/3&#8243;][vc_column_text]<a href=\"https:\/\/www.mecadrum.com\/wp-content\/uploads\/2017\/09\/drumo_type_a_face_1.pdf\" target=\"_blank\" rel=\"noopener noreferrer\"><span data-type=\"normal\"  class=\"qode_icon_shortcode  q_font_awsome_icon   \" style=\" \"><i class=\"qode_icon_font_awesome fa fa-download qode_icon_element\" style=\"\" ><\/i><\/span>EXPLODED VIEW Type CA face 1<\/a><\/p>\n<p><a href=\"https:\/\/www.mecadrum.com\/wp-content\/uploads\/2017\/09\/drumo_type_a_face_2.pdf\" target=\"_blank\" rel=\"noopener noreferrer\"><span data-type=\"normal\"  class=\"qode_icon_shortcode  q_font_awsome_icon   \" style=\" \"><i class=\"qode_icon_font_awesome fa fa-download qode_icon_element\" style=\"\" ><\/i><\/span>EXPLODED VIEW Type CA face 2<\/a><\/p>\n<p><a href=\"https:\/\/www.mecadrum.com\/wp-content\/uploads\/2017\/09\/drumo_type_b_face_1.pdf\" target=\"_blank\" rel=\"noopener noreferrer\"><span data-type=\"normal\"  class=\"qode_icon_shortcode  q_font_awsome_icon   \" style=\" \"><i class=\"qode_icon_font_awesome fa fa-download qode_icon_element\" style=\"\" ><\/i><\/span>EXPLODED VIEW Type CB face 1<\/a><\/p>\n<p><a href=\"https:\/\/www.mecadrum.com\/wp-content\/uploads\/2017\/09\/drumo_type_b_face_2.pdf\" target=\"_blank\" rel=\"noopener noreferrer\"><span data-type=\"normal\"  class=\"qode_icon_shortcode  q_font_awsome_icon   \" style=\" \"><i class=\"qode_icon_font_awesome fa fa-download qode_icon_element\" style=\"\" ><\/i><\/span>EXPLODED VIEW Type CB face 2<\/a>[\/vc_column_text][\/vc_column_inner][\/vc_row_inner][\/vc_accordion_tab][vc_accordion_tab title=&#8221;DRUMO\u00ae \u00d8320 Typ E&#8221;][vc_row_inner row_type=&#8221;row&#8221; type=&#8221;full_width&#8221; text_align=&#8221;left&#8221; css_animation=&#8221;&#8221;][vc_column_inner width=&#8221;2\/3&#8243;][vc_column_text]<a href=\"https:\/\/www.mecadrum.com\/wp-content\/uploads\/2017\/09\/type320cacb.gif\" target=\"_blank\" rel=\"noopener noreferrer\"><img loading=\"lazy\" decoding=\"async\" class=\"alignnone wp-image-16091\" src=\"https:\/\/www.mecadrum.com\/wp-content\/uploads\/2017\/09\/type320e-263x300.gif\" alt=\"\" width=\"200\" height=\"228\" \/><\/a>[\/vc_column_text][\/vc_column_inner][vc_column_inner width=&#8221;1\/3&#8243;][vc_column_text]<a href=\"https:\/\/www.mecadrum.com\/wp-content\/uploads\/2017\/09\/drumo_type_e.pdf\" target=\"_blank\" rel=\"noopener noreferrer\"><span data-type=\"normal\"  class=\"qode_icon_shortcode  q_font_awsome_icon   \" style=\" \"><i class=\"qode_icon_font_awesome fa fa-download qode_icon_element\" style=\"\" ><\/i><\/span>EXPLODED VIEW Type E<\/a>[\/vc_column_text][\/vc_column_inner][\/vc_row_inner][\/vc_accordion_tab][vc_accordion_tab title=&#8221;DRUMO\u00ae \u00d8417 Typ GA et GB&#8221;][vc_row_inner row_type=&#8221;row&#8221; type=&#8221;full_width&#8221; text_align=&#8221;left&#8221; css_animation=&#8221;&#8221;][vc_column_inner width=&#8221;2\/3&#8243;][vc_column_text]<a href=\"https:\/\/www.mecadrum.com\/wp-content\/uploads\/2017\/09\/type320cacb.gif\" target=\"_blank\" rel=\"noopener noreferrer\"><img loading=\"lazy\" decoding=\"async\" class=\"alignnone wp-image-16094 size-medium\" src=\"https:\/\/www.mecadrum.com\/wp-content\/uploads\/2017\/09\/type417gagb-191x300.gif\" alt=\"\" width=\"191\" height=\"300\" \/><\/a>[\/vc_column_text]<\/p>\n<p>[\/vc_column_inner][vc_column_inner width=&#8221;1\/3&#8243;][vc_column_text]<a href=\"https:\/\/www.mecadrum.com\/wp-content\/uploads\/2017\/09\/drumo_type_ga_nomenclature.pdf\" target=\"_blank\" rel=\"noopener noreferrer\"><span data-type=\"normal\"  class=\"qode_icon_shortcode  q_font_awsome_icon   \" style=\" \"><i class=\"qode_icon_font_awesome fa fa-download qode_icon_element\" style=\"\" ><\/i><\/span>EXPLODED VIEW Type GA<\/a><\/p>\n<p><a href=\"https:\/\/www.mecadrum.com\/wp-content\/uploads\/2017\/09\/drumo_type_gb.pdf\" target=\"_blank\" rel=\"noopener noreferrer\"><span data-type=\"normal\"  class=\"qode_icon_shortcode  q_font_awsome_icon   \" style=\" \"><i class=\"qode_icon_font_awesome fa fa-download qode_icon_element\" style=\"\" ><\/i><\/span>EXPLODED VIEW Type GB<br \/>\n<\/a>(pour impression, ajuster \u00e0 30% paysage)[\/vc_column_text][\/vc_column_inner][\/vc_row_inner][\/vc_accordion_tab][vc_accordion_tab title=&#8221;DRUMO\u00ae \u00d8500 Typ KA et KB&#8221;][vc_row_inner row_type=&#8221;row&#8221; type=&#8221;full_width&#8221; text_align=&#8221;left&#8221; css_animation=&#8221;&#8221;][vc_column_inner width=&#8221;2\/3&#8243;][vc_column_text]<a href=\"https:\/\/www.mecadrum.com\/wp-content\/uploads\/2017\/09\/type320cacb.gif\" target=\"_blank\" rel=\"noopener noreferrer\"><img loading=\"lazy\" decoding=\"async\" class=\"alignnone wp-image-16097 size-medium\" src=\"https:\/\/www.mecadrum.com\/wp-content\/uploads\/2017\/09\/type500-191x300.gif\" alt=\"\" width=\"191\" height=\"300\" \/><\/a>[\/vc_column_text][\/vc_column_inner][vc_column_inner width=&#8221;1\/3&#8243;][vc_column_text]<a class=\"lien4\" href=\"https:\/\/www.mecadrum.com\/wp-content\/uploads\/2017\/09\/drumo_type_ka.pdf\" target=\"_blank\" rel=\"noopener noreferrer\"><span data-type=\"normal\"  class=\"qode_icon_shortcode  q_font_awsome_icon   \" style=\" \"><i class=\"qode_icon_font_awesome fa fa-download qode_icon_element\" style=\"\" ><\/i><\/span>EXPLODED VIEW Type KA<br \/>\n<\/a>(pour impression, ajuster \u00e0 30% paysage)<\/p>\n<p><a href=\"https:\/\/www.mecadrum.com\/wp-content\/uploads\/2017\/09\/drumo_type_kb_nomenclature.pdf\"><span data-type=\"normal\"  class=\"qode_icon_shortcode  q_font_awsome_icon   \" style=\" \"><i class=\"qode_icon_font_awesome fa fa-download qode_icon_element\" style=\"\" ><\/i><\/span>EXPLODED VIEW Type KB\u00a0<\/a>[\/vc_column_text][\/vc_column_inner][\/vc_row_inner][\/vc_accordion_tab][vc_accordion_tab title=&#8221;DRUMO\u00ae \u00d8630 Typ LA\/LB\/&#8221;][vc_row_inner row_type=&#8221;row&#8221; type=&#8221;full_width&#8221; text_align=&#8221;left&#8221; css_animation=&#8221;&#8221;][vc_column_inner width=&#8221;2\/3&#8243;][vc_column_text]<a href=\"https:\/\/www.mecadrum.com\/wp-content\/uploads\/2017\/09\/type320cacb.gif\" target=\"_blank\" rel=\"noopener noreferrer\"><img loading=\"lazy\" decoding=\"async\" class=\"alignnone wp-image-16100 size-medium\" src=\"https:\/\/www.mecadrum.com\/wp-content\/uploads\/2017\/09\/type630_la__lb_lr-160x300.gif\" alt=\"\" width=\"160\" height=\"300\" \/><\/a>[\/vc_column_text][\/vc_column_inner][vc_column_inner width=&#8221;1\/3&#8243;][vc_column_text][\/vc_column_text][\/vc_column_inner][\/vc_row_inner][\/vc_accordion_tab][vc_accordion_tab title=&#8221;Maintenance&#8221;][vc_row_inner row_type=&#8221;row&#8221; type=&#8221;full_width&#8221; text_align=&#8221;left&#8221; css_animation=&#8221;&#8221;][vc_column_inner width=&#8221;2\/3&#8243;][vc_column_text]After one month in service or 500 operating hours, the drum motor must be drained and the oil changed.<br \/>\nFrom then onwards this must be done every 2000 hours.<\/p>\n<p>The following quantities of oil are necessary:<\/p>\n<ul>\n<li>1\/4litre\u00a0\u00a0\u00a0\u00a0\u00a0\u00a0\u00a0 for \u00d8 160 mm<\/li>\n<li>1\/2 litre\u00a0\u00a0\u00a0\u00a0\u00a0\u00a0 for \u00d8 215. \u00d8 250 and \u00d8 315 mm<\/li>\n<li>1 litre\u00a0\u00a0\u00a0\u00a0\u00a0\u00a0\u00a0\u00a0\u00a0 for \u00d8 315 mm type E<\/li>\n<li>2 litres\u00a0\u00a0\u00a0\u00a0\u00a0\u00a0\u00a0 for \u00d8 400, \u00d8 500 and \u00d8 630 mm<\/li>\n<\/ul>\n<p>Do not exceed the quantities indicated.<br \/>\nIt is important to use only extreme pressure oil.<\/p>\n<p>If you wish to carry out oil changes for DRUMO\u00ae drum motors in-house, we can supply a maintenance kit comprising the following items:<\/p>\n<ul>\n<li>Key to remove the oil drain plug<\/li>\n<li>1 Litre oil container, with oil suitable for drum motors<\/li>\n<li>Oil drain plug<\/li>\n<\/ul>\n<p>[\/vc_column_text][\/vc_column_inner][vc_column_inner width=&#8221;1\/3&#8243;][vc_column_text]<a href=\"https:\/\/www.mecadrum.com\/wp-content\/uploads\/2017\/09\/notice_de_montage_fr.pdf\" target=\"_blank\" rel=\"noopener noreferrer\"><span data-type=\"normal\"  class=\"qode_icon_shortcode  q_font_awsome_icon   \" style=\" \"><i class=\"qode_icon_font_awesome fa fa-download qode_icon_element\" style=\"\" ><\/i><\/span>Installation Instructions Pulley Motor<\/a>[\/vc_column_text][\/vc_column_inner][\/vc_row_inner][\/vc_accordion_tab][\/vc_accordion][\/vc_column][\/vc_row][vc_row css_animation=&#8221;&#8221; row_type=&#8221;row&#8221; use_row_as_full_screen_section=&#8221;no&#8221; type=&#8221;full_width&#8221; angled_section=&#8221;no&#8221; text_align=&#8221;left&#8221; background_image_as_pattern=&#8221;without_pattern&#8221;][vc_column width=&#8221;2\/3&#8243;][vc_column_text]<\/p>\n<p>[\/vc_column_text][\/vc_column][\/vc_row]<\/p>\n","protected":false},"excerpt":{"rendered":"<p>[vc_row css_animation=&#8221;&#8221; row_type=&#8221;row&#8221; use_row_as_full_screen_section=&#8221;yes&#8221; type=&#8221;full_width&#8221; angled_section=&#8221;no&#8221; text_align=&#8221;left&#8221; background_image_as_pattern=&#8221;without_pattern&#8221;][vc_column width=&#8221;2\/3&#8243;][vc_column_text] Mecadrum offers a complete range of DRUMO\u00ae motor drums from diameter 166 to diameter 630 and from 0.37 kW to 18 kW. Our range of DRUMO\u00ae motor drums The DRUMO range of drum motors is an&#8230;<\/p>\n","protected":false},"author":1,"featured_media":0,"parent":0,"menu_order":0,"comment_status":"closed","ping_status":"open","template":"","meta":{"_et_pb_use_builder":"","_et_pb_old_content":"","_et_gb_content_width":"","inline_featured_image":false,"footnotes":""},"class_list":["post-15863","page","type-page","status-publish","hentry"],"_links":{"self":[{"href":"https:\/\/www.mecadrum.com\/en\/wp-json\/wp\/v2\/pages\/15863"}],"collection":[{"href":"https:\/\/www.mecadrum.com\/en\/wp-json\/wp\/v2\/pages"}],"about":[{"href":"https:\/\/www.mecadrum.com\/en\/wp-json\/wp\/v2\/types\/page"}],"author":[{"embeddable":true,"href":"https:\/\/www.mecadrum.com\/en\/wp-json\/wp\/v2\/users\/1"}],"replies":[{"embeddable":true,"href":"https:\/\/www.mecadrum.com\/en\/wp-json\/wp\/v2\/comments?post=15863"}],"version-history":[{"count":62,"href":"https:\/\/www.mecadrum.com\/en\/wp-json\/wp\/v2\/pages\/15863\/revisions"}],"predecessor-version":[{"id":20599,"href":"https:\/\/www.mecadrum.com\/en\/wp-json\/wp\/v2\/pages\/15863\/revisions\/20599"}],"wp:attachment":[{"href":"https:\/\/www.mecadrum.com\/en\/wp-json\/wp\/v2\/media?parent=15863"}],"curies":[{"name":"wp","href":"https:\/\/api.w.org\/{rel}","templated":true}]}}