{"id":17742,"date":"2017-11-29T02:05:34","date_gmt":"2017-11-29T01:05:34","guid":{"rendered":"http:\/\/165.227.105.105\/drumo-trommelmotoren\/"},"modified":"2022-03-11T15:30:12","modified_gmt":"2022-03-11T14:30:12","slug":"drumo-trommelmotoren","status":"publish","type":"page","link":"https:\/\/www.mecadrum.com\/de\/drumo-trommelmotoren\/","title":{"rendered":"Drumo\u00ae Trommelmotoren"},"content":{"rendered":"<p>[vc_row css_animation=&#8221;&#8221; row_type=&#8221;row&#8221; use_row_as_full_screen_section=&#8221;yes&#8221; type=&#8221;full_width&#8221; angled_section=&#8221;no&#8221; text_align=&#8221;left&#8221; background_image_as_pattern=&#8221;without_pattern&#8221;][vc_column width=&#8221;2\/3&#8243;][vc_column_text]<br \/>\nMecadrum bietet eine vollst\u00e4ndige Palette von DRUMO\u00ae Trommelmotoren mit Durchmessern von 166 bis 630 und 0,37 kW bis 18 kW an.<br \/>\n[\/vc_column_text][\/vc_column][vc_column width=&#8221;1\/3&#8243;][vc_column_text css=&#8221;.vc_custom_1511822900253{padding-top: 10px !important;padding-right: 10px !important;padding-bottom: 10px !important;padding-left: 10px !important;background-color: #b22222 !important;}&#8221;]<\/p>\n<h5 class=\"blockquote-text\">F\u00fcr jede Preisangebot, bitte speichern, f\u00fcllen und schicken Sie uns die Datenbl\u00e4tter f\u00fcr eine schneller Antwort.<\/h5>\n<p>[\/vc_column_text][vc_separator type=&#8221;transparent&#8221; down=&#8221;10&#8243;]<\/p>\n<p>[vc_column_text]<\/p>\n<p><a href=\"https:\/\/www.mecadrum.com\/wp-content\/uploads\/2017\/09\/cotes_d__encombrement_tm_et_tq.pdf\" target=\"_blank\" rel=\"noopener noreferrer\"><span data-type=\"normal\"  class=\"qode_icon_shortcode  q_font_awsome_icon   \" style=\" \"><i class=\"qode_icon_font_awesome fa fa-download qode_icon_element\" style=\"\" ><\/i><\/span>Cote d&#8217;encombrement des tambours moteurs et tambours libres <\/a><\/p>\n<p><a href=\"https:\/\/www.mecadrum.com\/wp-content\/uploads\/2017\/09\/tambour_moteur_fr.pdf\" target=\"_blank\" rel=\"noopener noreferrer\"><span data-type=\"normal\"  class=\"qode_icon_shortcode  q_font_awsome_icon   \" style=\" \"><i class=\"qode_icon_font_awesome fa fa-download qode_icon_element\" style=\"\" ><\/i><\/span> DRUMO\u00ae Trommelmotor-Plakette, <\/a>[\/vc_column_text]<\/p>\n<p>[vc_separator type=&#8221;transparent&#8221; down=&#8221;10&#8243;]<\/p>\n<p>[vc_column_text][vc_column_inner]<a id=\"Demande de devis\" itemprop=\"url\" href=\"\/de\/kontakt\/\" target=\"_self\"  class=\"qbutton  large default\" style=\"\">Angebot anfordern<i class=\"qode_icon_font_awesome fa fa-arrow-right qode_button_icon_element\" style=\"\" ><\/i><\/a>[\/vc_column_inner][\/vc_column_text]<\/p>\n<p>[\/vc_column][\/vc_row][vc_row css_animation=&#8221;&#8221; row_type=&#8221;row&#8221; use_row_as_full_screen_section=&#8221;no&#8221; type=&#8221;full_width&#8221; angled_section=&#8221;no&#8221; text_align=&#8221;left&#8221; background_image_as_pattern=&#8221;without_pattern&#8221;][vc_column][vc_accordion active_tab=&#8221;false&#8221; collapsible=&#8221;yes&#8221; style=&#8221;accordion&#8221;][vc_accordion_tab title=&#8221;DRUMO\u00ae \u00f8166 Type RA&#8221; el_id=&#8221;tambour-DRUMO-166-type-RA&#8221;][vc_row_inner row_type=&#8221;row&#8221; type=&#8221;full_width&#8221; text_align=&#8221;left&#8221; css_animation=&#8221;&#8221;][vc_column_inner width=&#8221;2\/3&#8243;][vc_single_image image=&#8221;16038&#8243; img_size=&#8221;medium&#8221; qode_css_animation=&#8221;&#8221;][\/vc_column_inner][vc_column_inner width=&#8221;1\/3&#8243;][vc_column_text]<a href=\"https:\/\/www.mecadrum.com\/wp-content\/uploads\/2017\/09\/drumo_type_ra_diam_160.pdf\" target=\"_blank\" rel=\"noopener noreferrer\"><span data-type=\"normal\"  class=\"qode_icon_shortcode  q_font_awsome_icon   \" style=\" \"><i class=\"qode_icon_font_awesome fa fa-download qode_icon_element\" style=\"\" ><\/i><\/span>VUE ECLATEE TYPE RA<\/a><br \/>\n(Zum Drucken anpassen an 30%)[\/vc_column_text][\/vc_column_inner][\/vc_row_inner][\/vc_accordion_tab][vc_accordion_tab title=&#8221;DRUMO\u00ae \u00d8217 Typ A und B&#8221;][vc_row_inner row_type=&#8221;row&#8221; type=&#8221;full_width&#8221; text_align=&#8221;left&#8221; css_animation=&#8221;&#8221;][vc_column_inner width=&#8221;2\/3&#8243;][vc_single_image image=&#8221;16083&#8243; img_size=&#8221;medium&#8221; qode_css_animation=&#8221;&#8221;][\/vc_column_inner][vc_column_inner width=&#8221;1\/3&#8243;][vc_column_text]<a href=\"https:\/\/www.mecadrum.com\/wp-content\/uploads\/2017\/09\/drumo_type_a_face_1.pdf\" target=\"_blank\" rel=\"noopener noreferrer\"><span data-type=\"normal\"  class=\"qode_icon_shortcode  q_font_awsome_icon   \" style=\" \"><i class=\"qode_icon_font_awesome fa fa-download qode_icon_element\" style=\"\" ><\/i><\/span>Explosionszeichnung Typ A face 1<\/a><\/p>\n<p><a href=\"https:\/\/www.mecadrum.com\/wp-content\/uploads\/2017\/09\/drumo_type_a_face_2.pdf\" target=\"_blank\" rel=\"noopener noreferrer\"><span data-type=\"normal\"  class=\"qode_icon_shortcode  q_font_awsome_icon   \" style=\" \"><i class=\"qode_icon_font_awesome fa fa-download qode_icon_element\" style=\"\" ><\/i><\/span>Explosionszeichnung Typ A face 2<\/a><\/p>\n<p><a href=\"https:\/\/www.mecadrum.com\/wp-content\/uploads\/2017\/09\/drumo_type_b_face_1.pdf\"><span data-type=\"normal\"  class=\"qode_icon_shortcode  q_font_awsome_icon   \" style=\" \"><i class=\"qode_icon_font_awesome fa fa-download qode_icon_element\" style=\"\" ><\/i><\/span>Explosionszeichnung Typ B face 1<\/a><\/p>\n<p><a href=\"https:\/\/www.mecadrum.com\/wp-content\/uploads\/2017\/09\/drumo_type_b_face_2.pdf\"><span data-type=\"normal\"  class=\"qode_icon_shortcode  q_font_awsome_icon   \" style=\" \"><i class=\"qode_icon_font_awesome fa fa-download qode_icon_element\" style=\"\" ><\/i><\/span>Explosionszeichnung Typ B face 2<\/a>[\/vc_column_text][\/vc_column_inner][\/vc_row_inner][\/vc_accordion_tab][vc_accordion_tab title=&#8221;DRUMO\u00ae \u00d8244 Typ DA und DB&#8221;][vc_row_inner row_type=&#8221;row&#8221; type=&#8221;full_width&#8221; text_align=&#8221;left&#8221; css_animation=&#8221;&#8221;][vc_column_inner width=&#8221;2\/3&#8243;][vc_single_image image=&#8221;16086&#8243; img_size=&#8221;medium&#8221; qode_css_animation=&#8221;&#8221;][\/vc_column_inner][vc_column_inner width=&#8221;1\/3&#8243;][vc_column_text]<a href=\"https:\/\/www.mecadrum.com\/wp-content\/uploads\/2017\/09\/drumo_type_a_face_1.pdf\" target=\"_blank\" rel=\"noopener noreferrer\"><span data-type=\"normal\"  class=\"qode_icon_shortcode  q_font_awsome_icon   \" style=\" \"><i class=\"qode_icon_font_awesome fa fa-download qode_icon_element\" style=\"\" ><\/i><\/span>Explosionszeichnung Typ DA face 1<\/a><\/p>\n<p><a href=\"https:\/\/www.mecadrum.com\/wp-content\/uploads\/2017\/09\/drumo_type_a_face_2.pdf\" target=\"_blank\" rel=\"noopener noreferrer\"><span data-type=\"normal\"  class=\"qode_icon_shortcode  q_font_awsome_icon   \" style=\" \"><i class=\"qode_icon_font_awesome fa fa-download qode_icon_element\" style=\"\" ><\/i><\/span>Explosionszeichnung Typ DA face 2<\/a><\/p>\n<p><a href=\"https:\/\/www.mecadrum.com\/wp-content\/uploads\/2017\/09\/drumo_type_b_face_1.pdf\" target=\"_blank\" rel=\"noopener noreferrer\">\u00a0<span data-type=\"normal\"  class=\"qode_icon_shortcode  q_font_awsome_icon   \" style=\" \"><i class=\"qode_icon_font_awesome fa fa-download qode_icon_element\" style=\"\" ><\/i><\/span>Explosionszeichnung Typ DB face 1<\/a><\/p>\n<p><a href=\"https:\/\/www.mecadrum.com\/wp-content\/uploads\/2017\/09\/drumo_type_b_face_2.pdf\" target=\"_blank\" rel=\"noopener noreferrer\"><span data-type=\"normal\"  class=\"qode_icon_shortcode  q_font_awsome_icon   \" style=\" \"><i class=\"qode_icon_font_awesome fa fa-download qode_icon_element\" style=\"\" ><\/i><\/span>Explosionszeichnung Typ DB face 2<\/a>[\/vc_column_text][\/vc_column_inner][\/vc_row_inner][\/vc_accordion_tab][vc_accordion_tab title=&#8221;DRUMO\u00ae \u00d8320 Typ CA und CB&#8221;][vc_row_inner row_type=&#8221;row&#8221; type=&#8221;full_width&#8221; text_align=&#8221;left&#8221; css_animation=&#8221;&#8221;][vc_column_inner width=&#8221;2\/3&#8243;][vc_column_text]<a href=\"https:\/\/www.mecadrum.com\/wp-content\/uploads\/2017\/09\/type320cacb.gif\" target=\"_blank\" rel=\"noopener\"><img loading=\"lazy\" decoding=\"async\" class=\"alignnone wp-image-16098 size-medium\" src=\"https:\/\/www.mecadrum.com\/wp-content\/uploads\/2017\/09\/type500-191x300.gif\" alt=\"\" width=\"191\" height=\"300\" \/><\/a>[\/vc_column_text][\/vc_column_inner][vc_column_inner width=&#8221;1\/3&#8243;][vc_column_text]<a href=\"https:\/\/www.mecadrum.com\/wp-content\/uploads\/2017\/09\/drumo_type_a_face_1.pdf\" target=\"_blank\" rel=\"noopener noreferrer\"><span data-type=\"normal\"  class=\"qode_icon_shortcode  q_font_awsome_icon   \" style=\" \"><i class=\"qode_icon_font_awesome fa fa-download qode_icon_element\" style=\"\" ><\/i><\/span>Explosionszeichnung Typ CA face 1<\/a><\/p>\n<p><a href=\"https:\/\/www.mecadrum.com\/wp-content\/uploads\/2017\/09\/drumo_type_a_face_2.pdf\" target=\"_blank\" rel=\"noopener noreferrer\"><span data-type=\"normal\"  class=\"qode_icon_shortcode  q_font_awsome_icon   \" style=\" \"><i class=\"qode_icon_font_awesome fa fa-download qode_icon_element\" style=\"\" ><\/i><\/span>Explosionszeichnung Typ CA face 2<\/a><\/p>\n<p><a href=\"https:\/\/www.mecadrum.com\/wp-content\/uploads\/2017\/09\/drumo_type_b_face_1.pdf\" target=\"_blank\" rel=\"noopener noreferrer\"><span data-type=\"normal\"  class=\"qode_icon_shortcode  q_font_awsome_icon   \" style=\" \"><i class=\"qode_icon_font_awesome fa fa-download qode_icon_element\" style=\"\" ><\/i><\/span>Explosionszeichnung Typ CB face 1<\/a><\/p>\n<p><a href=\"https:\/\/www.mecadrum.com\/wp-content\/uploads\/2017\/09\/drumo_type_b_face_2.pdf\" target=\"_blank\" rel=\"noopener noreferrer\"><span data-type=\"normal\"  class=\"qode_icon_shortcode  q_font_awsome_icon   \" style=\" \"><i class=\"qode_icon_font_awesome fa fa-download qode_icon_element\" style=\"\" ><\/i><\/span>Explosionszeichnung Typ CB face 2<\/a>[\/vc_column_text][\/vc_column_inner][\/vc_row_inner][\/vc_accordion_tab][vc_accordion_tab title=&#8221;DRUMO\u00ae \u00d8320 Typ E&#8221;][vc_row_inner row_type=&#8221;row&#8221; type=&#8221;full_width&#8221; text_align=&#8221;left&#8221; css_animation=&#8221;&#8221;][vc_column_inner width=&#8221;2\/3&#8243;][vc_column_text]<a href=\"https:\/\/www.mecadrum.com\/wp-content\/uploads\/2017\/09\/type320cacb.gif\" target=\"_blank\" rel=\"noopener noreferrer\"><img loading=\"lazy\" decoding=\"async\" class=\"alignnone wp-image-16092\" src=\"https:\/\/www.mecadrum.com\/wp-content\/uploads\/2017\/09\/type320e-263x300.gif\" alt=\"\" width=\"200\" height=\"228\" \/><\/a>[\/vc_column_text][\/vc_column_inner][vc_column_inner width=&#8221;1\/3&#8243;][vc_column_text]<a href=\"https:\/\/www.mecadrum.com\/wp-content\/uploads\/2017\/09\/drumo_type_e.pdf\" target=\"_blank\" rel=\"noopener noreferrer\"><span data-type=\"normal\"  class=\"qode_icon_shortcode  q_font_awsome_icon   \" style=\" \"><i class=\"qode_icon_font_awesome fa fa-download qode_icon_element\" style=\"\" ><\/i><\/span>Explosionszeichnung Typ E<\/a>[\/vc_column_text][\/vc_column_inner][\/vc_row_inner][\/vc_accordion_tab][vc_accordion_tab title=&#8221;DRUMO\u00ae \u00d8417 Typ GA und GB&#8221;][vc_row_inner row_type=&#8221;row&#8221; type=&#8221;full_width&#8221; text_align=&#8221;left&#8221; css_animation=&#8221;&#8221;][vc_column_inner width=&#8221;2\/3&#8243;][vc_column_text]<a href=\"https:\/\/www.mecadrum.com\/wp-content\/uploads\/2017\/09\/type320cacb.gif\" target=\"_blank\" rel=\"noopener noreferrer\"><img loading=\"lazy\" decoding=\"async\" class=\"alignnone wp-image-16095 size-medium\" src=\"https:\/\/www.mecadrum.com\/wp-content\/uploads\/2017\/09\/type417gagb-191x300.gif\" alt=\"\" width=\"191\" height=\"300\" \/><\/a>[\/vc_column_text]<\/p>\n<p>[\/vc_column_inner][vc_column_inner width=&#8221;1\/3&#8243;][vc_column_text]<a href=\"https:\/\/www.mecadrum.com\/wp-content\/uploads\/2017\/09\/drumo_type_ga_nomenclature.pdf\" target=\"_blank\" rel=\"noopener noreferrer\"><span data-type=\"normal\"  class=\"qode_icon_shortcode  q_font_awsome_icon   \" style=\" \"><i class=\"qode_icon_font_awesome fa fa-download qode_icon_element\" style=\"\" ><\/i><\/span>Explosionszeichnung Typ GA<\/a><\/p>\n<p><a href=\"https:\/\/www.mecadrum.com\/wp-content\/uploads\/2017\/09\/drumo_type_gb.pdf\" target=\"_blank\" rel=\"noopener noreferrer\"><span data-type=\"normal\"  class=\"qode_icon_shortcode  q_font_awsome_icon   \" style=\" \"><i class=\"qode_icon_font_awesome fa fa-download qode_icon_element\" style=\"\" ><\/i><\/span>Explosionszeichnung Typ GB<br \/>\n<\/a>(pour impression, ajuster \u00e0 30% paysage)[\/vc_column_text][\/vc_column_inner][\/vc_row_inner][\/vc_accordion_tab][vc_accordion_tab title=&#8221;DRUMO\u00ae \u00d8500 Typ KA und KB&#8221;][vc_row_inner row_type=&#8221;row&#8221; type=&#8221;full_width&#8221; text_align=&#8221;left&#8221; css_animation=&#8221;&#8221;][vc_column_inner width=&#8221;2\/3&#8243;][vc_column_text]<a href=\"https:\/\/www.mecadrum.com\/wp-content\/uploads\/2017\/09\/type320cacb.gif\" target=\"_blank\" rel=\"noopener noreferrer\"><img loading=\"lazy\" decoding=\"async\" class=\"alignnone wp-image-16098 size-medium\" src=\"https:\/\/www.mecadrum.com\/wp-content\/uploads\/2017\/09\/type500-191x300.gif\" alt=\"\" width=\"191\" height=\"300\" \/><\/a>[\/vc_column_text][\/vc_column_inner][vc_column_inner width=&#8221;1\/3&#8243;][vc_column_text]<a class=\"lien4\" href=\"https:\/\/www.mecadrum.com\/wp-content\/uploads\/2017\/09\/drumo_type_ka.pdf\" target=\"_blank\" rel=\"noopener noreferrer\"><span data-type=\"normal\"  class=\"qode_icon_shortcode  q_font_awsome_icon   \" style=\" \"><i class=\"qode_icon_font_awesome fa fa-download qode_icon_element\" style=\"\" ><\/i><\/span>Explosionszeichnung Type KA<br \/>\n<\/a>(pour impression, ajuster \u00e0 30% paysage)<\/p>\n<p><a href=\"https:\/\/www.mecadrum.com\/wp-content\/uploads\/2017\/09\/drumo_type_kb_nomenclature.pdf\"><span data-type=\"normal\"  class=\"qode_icon_shortcode  q_font_awsome_icon   \" style=\" \"><i class=\"qode_icon_font_awesome fa fa-download qode_icon_element\" style=\"\" ><\/i><\/span>Explosionszeichnung Typ KB\u00a0<\/a>[\/vc_column_text][\/vc_column_inner][\/vc_row_inner][\/vc_accordion_tab][vc_accordion_tab title=&#8221;DRUMO\u00ae \u00d8630 Typ LA\/LB&#8221;][vc_row_inner row_type=&#8221;row&#8221; type=&#8221;full_width&#8221; text_align=&#8221;left&#8221; css_animation=&#8221;&#8221;][vc_column_inner width=&#8221;2\/3&#8243;][vc_column_text]Nach einem Monat in betrieb oder 500 Betriebsstunden ist ein \u00d6lwechsel an der antriebstrommel durchzuf\u00fchren.<br \/>\nDanach muss alle 2.000 Stunden ein \u00d6lwechsel erfolgen.<\/p>\n<p>Ben\u00f6tigte \u00d6lmenge:<\/p>\n<p>1\/4 Liter\u00a0\u00a0\u00a0\u00a0 f\u00fcr \u00d8 160mm<br \/>\n1\/2 Liter\u00a0\u00a0\u00a0\u00a0 f\u00fcr \u00d8 215.\u00d8 250 und \u00d8 315 mm<br \/>\n1 Liter\u00a0\u00a0\u00a0\u00a0\u00a0\u00a0\u00a0 f\u00fcr \u00d8 315 mm type E<br \/>\n2 Liter\u00a0\u00a0\u00a0\u00a0\u00a0\u00a0\u00a0 f\u00fcr \u00d8400, \u00d8 500 und \u00d8630 mm<br \/>\nDie angegebenen Mengen d\u00fcrfen nicht \u00fcberschritten werden.<br \/>\nEs d\u00fcrfen nur f\u00fcr h\u00f6chsten Druck ausgelegte \u00d6le verwendet werden.<\/p>\n<p>Wenn Sie den \u00d6lwechsel bei DRUMO\u00ae-Antriebstrommeln selbst durchf\u00fchren m\u00f6chten, k\u00f6nnen wir Ihnen ein Wartungs-Set bereitstellen, das Folgendes enth\u00e4lt:<br \/>\n&#8211; Schl\u00fcssel zum Abschrauben des Ablass-Stopfens<br \/>\n&#8211; 1-Liter-\u00d6lkanister passend zu den Antriebstrommeln<br \/>\n&#8211; Ablass-Stopfen[\/vc_column_text][\/vc_column_inner][vc_column_inner width=&#8221;1\/3&#8243;][vc_column_text][\/vc_column_text][\/vc_column_inner][\/vc_row_inner][\/vc_accordion_tab][vc_accordion_tab title=&#8221;Wartung&#8221;][vc_row_inner row_type=&#8221;row&#8221; type=&#8221;full_width&#8221; text_align=&#8221;left&#8221; css_animation=&#8221;&#8221;][vc_column_inner width=&#8221;2\/3&#8243;][vc_column_text]Nach einem Monat Betrieb oder 500 Betriebsstunden muss der Trommelmotor entleert werden. Danach muss der \u00d6lwechsel alle 2000 Stunden durchgef\u00fchrt werden.<\/p>\n<p>Die ben\u00f6tigte \u00d6lmenge ist :<\/p>\n<ul>\n<li>1\/4 Liter f\u00fcr \u00d8 160mm<\/li>\n<li>1\/2 Liter f\u00fcr \u00d8 215, \u00d8 250 und \u00d8 315 mm.<\/li>\n<li>1 Liter f\u00fcr \u00d8 315 mm Typ E<\/li>\n<li>2 Liter f\u00fcr \u00d8 400mm, \u00d8 500mm und \u00d8 630 mm.<\/li>\n<\/ul>\n<p>Die angegebenen Mengen sollten nicht \u00fcberschritten werden.<br \/>\nEs ist wichtig, dass Sie nur Extremdruck\u00f6l verwenden.<\/p>\n<p>Wenn Sie den \u00d6lwechsel Ihrer DRUMO\u00ae Trommelmotoren selbst durchf\u00fchren m\u00f6chten, k\u00f6nnen wir Ihnen ein Wartungsset zur Verf\u00fcgung stellen, das aus folgenden Teilen besteht:<\/p>\n<ul>\n<li>Schl\u00fcssel zum Entfernen der \u00d6lablassschraube<\/li>\n<li>1-Liter-Kanister mit \u00d6l, das f\u00fcr Trommelmotoren geeignet ist<\/li>\n<li>\u00d6lablassschraube<\/li>\n<\/ul>\n<p>\u00dcbersetzt mit www.DeepL.com\/Translator (kostenlose Version)<br \/>\n[\/vc_column_text][\/vc_column_inner][vc_column_inner width=&#8221;1\/3&#8243;][vc_column_text]<a href=\"https:\/\/www.mecadrum.com\/wp-content\/uploads\/2017\/09\/notice_de_montage_fr.pdf\" target=\"_blank\" rel=\"noopener noreferrer\"><span data-type=\"normal\"  class=\"qode_icon_shortcode  q_font_awsome_icon   \" style=\" \"><i class=\"qode_icon_font_awesome fa fa-download qode_icon_element\" style=\"\" ><\/i><\/span>Montageanleitung Trommelmotor<\/a>[\/vc_column_text][\/vc_column_inner][\/vc_row_inner][\/vc_accordion_tab][\/vc_accordion][\/vc_column][\/vc_row][vc_row css_animation=&#8221;&#8221; row_type=&#8221;row&#8221; use_row_as_full_screen_section=&#8221;no&#8221; type=&#8221;full_width&#8221; angled_section=&#8221;no&#8221; text_align=&#8221;left&#8221; background_image_as_pattern=&#8221;without_pattern&#8221;][vc_column width=&#8221;2\/3&#8243;][vc_column_text]<\/p>\n<p>[\/vc_column_text][\/vc_column][\/vc_row]<\/p>\n","protected":false},"excerpt":{"rendered":"<p>[vc_row css_animation=&#8221;&#8221; row_type=&#8221;row&#8221; use_row_as_full_screen_section=&#8221;yes&#8221; type=&#8221;full_width&#8221; angled_section=&#8221;no&#8221; text_align=&#8221;left&#8221; background_image_as_pattern=&#8221;without_pattern&#8221;][vc_column width=&#8221;2\/3&#8243;][vc_column_text] Mecadrum bietet eine vollst\u00e4ndige Palette von DRUMO\u00ae Trommelmotoren mit Durchmessern von 166 bis 630 und 0,37 kW bis 18 kW an. [\/vc_column_text][\/vc_column][vc_column width=&#8221;1\/3&#8243;][vc_column_text css=&#8221;.vc_custom_1511822900253{padding-top: 10px !important;padding-right: 10px !important;padding-bottom: 10px !important;padding-left: 10px !important;background-color: #b22222 !important;}&#8221;] F\u00fcr jede&#8230;<\/p>\n","protected":false},"author":1,"featured_media":0,"parent":0,"menu_order":0,"comment_status":"closed","ping_status":"open","template":"","meta":{"_et_pb_use_builder":"","_et_pb_old_content":"","_et_gb_content_width":"","inline_featured_image":false,"footnotes":""},"class_list":["post-17742","page","type-page","status-publish","hentry"],"_links":{"self":[{"href":"https:\/\/www.mecadrum.com\/de\/wp-json\/wp\/v2\/pages\/17742"}],"collection":[{"href":"https:\/\/www.mecadrum.com\/de\/wp-json\/wp\/v2\/pages"}],"about":[{"href":"https:\/\/www.mecadrum.com\/de\/wp-json\/wp\/v2\/types\/page"}],"author":[{"embeddable":true,"href":"https:\/\/www.mecadrum.com\/de\/wp-json\/wp\/v2\/users\/1"}],"replies":[{"embeddable":true,"href":"https:\/\/www.mecadrum.com\/de\/wp-json\/wp\/v2\/comments?post=17742"}],"version-history":[{"count":54,"href":"https:\/\/www.mecadrum.com\/de\/wp-json\/wp\/v2\/pages\/17742\/revisions"}],"predecessor-version":[{"id":20595,"href":"https:\/\/www.mecadrum.com\/de\/wp-json\/wp\/v2\/pages\/17742\/revisions\/20595"}],"wp:attachment":[{"href":"https:\/\/www.mecadrum.com\/de\/wp-json\/wp\/v2\/media?parent=17742"}],"curies":[{"name":"wp","href":"https:\/\/api.w.org\/{rel}","templated":true}]}}