{"id":17697,"date":"2017-11-29T01:57:04","date_gmt":"2017-11-29T00:57:04","guid":{"rendered":"http:\/\/165.227.105.105\/trommeln\/"},"modified":"2020-07-21T11:37:04","modified_gmt":"2020-07-21T09:37:04","slug":"trommeln","status":"publish","type":"page","link":"https:\/\/www.mecadrum.com\/de\/trommeln\/","title":{"rendered":"Trommeln"},"content":{"rendered":"<p>[vc_row css_animation=&#8221;&#8221; row_type=&#8221;row&#8221; use_row_as_full_screen_section=&#8221;yes&#8221; type=&#8221;full_width&#8221; angled_section=&#8221;no&#8221; text_align=&#8221;left&#8221; background_image_as_pattern=&#8221;without_pattern&#8221;][vc_column width=&#8221;2\/3&#8243;][vc_column_text]<br \/>\nMecadruM entwickelt und fertigt alle Arten von Trommeln, Riemenscheiben, Rillentrommeln, Windentrommeln\u2026 aus verschiedenen Materialien (Stahl, Edelstahl, beschichtet&#8230;) und bis zu sehr gro\u00dfen Dimensionen (H\u00f6chstgewicht 10 Tonnen).<\/p>\n<p>Wir haben Trommeln entwickelt und hergestellt, die gro\u00dfe Beanspruchungen aushalten (1.500 kN).<br \/>\n[\/vc_column_text][vc_separator type=&#8221;transparent&#8221;][vc_raw_html]PGlmcmFtZSBzcmM9Imh0dHBzOi8vd3d3LnlvdXR1YmUuY29tL2VtYmVkLy01Y3lQcmJRbUVRP3JlbD0wJmFtcDtzaG93aW5mbz0wIiB3aWR0aD0iNTYwIiBoZWlnaHQ9IjMxNSIgZnJhbWVib3JkZXI9IjAiIGFsbG93ZnVsbHNjcmVlbj0iYWxsb3dmdWxsc2NyZWVuIj48L2lmcmFtZT4=[\/vc_raw_html][vc_separator type=&#8221;transparent&#8221;][vc_accordion active_tab=&#8221;FALSE&#8221; collapsible=&#8221;yes&#8221; style=&#8221;accordion&#8221;][vc_accordion_tab title=&#8221;Technische studie&#8221; el_id=&#8221;tambour-DRUMO-166-type-RA&#8221;][vc_column_text]<br \/>\nStudie gem\u00e4\u00df Ihrem Lastenheft:<\/p>\n<ul>\n<li>Berechnung der Beanspruchungen<\/li>\n<li>Vollst\u00e4ndige Dimensionierung der Trommel mit unserer Rechensoftware.<\/li>\n<li>Berechnung der Lebensdauer der Rollenlager<\/li>\n<\/ul>\n<p><img loading=\"lazy\" decoding=\"async\" class=\"alignnone size-full wp-image-20370\" src=\"https:\/\/www.mecadrum.com\/wp-content\/uploads\/2020\/07\/plan_type.png\" alt=\"\" width=\"693\" height=\"490\" srcset=\"https:\/\/www.mecadrum.com\/wp-content\/uploads\/2020\/07\/plan_type.png 693w, https:\/\/www.mecadrum.com\/wp-content\/uploads\/2020\/07\/plan_type-300x212.png 300w\" sizes=\"(max-width: 693px) 100vw, 693px\" \/>[\/vc_column_text][\/vc_accordion_tab][vc_accordion_tab title=&#8221;Herstellung&#8221;][vc_row_inner row_type=&#8221;row&#8221; type=&#8221;full_width&#8221; text_align=&#8221;left&#8221; css_animation=&#8221;&#8221;][vc_column_inner][vc_column_text]Unsere Fabrik stellt nach unserer Studie oder nach den Kundenpl\u00e4nen her.<\/p>\n<p>Unsere Werkst\u00e4tten haben gro\u00dfe Bearbeitungskapazit\u00e4ten mit Durchmessern von bis zu 1.600 mm, L\u00e4ngen von 5 m und einem Gewicht von 10 Tonnen.[\/vc_column_text][vc_column_text]<strong>M\u00f6gliche Ausf\u00fchrungen:<\/strong><\/p>\n<ul>\n<li>Trommel mit geschwei\u00dfter Welle f\u00fcr geringe Lasten<\/li>\n<li>Trommel mit nicht abnehmbarer Welle mit Schrumpfbandage<\/li>\n<li>Trommel mit demontierbarer Welle mit Schrumpfscheiben<\/li>\n<li>Trommel mit eingebautem W\u00e4lzlager und Rollenlager<\/li>\n<li>Spezialtrommeln<\/li>\n<\/ul>\n<p><img loading=\"lazy\" decoding=\"async\" class=\"alignnone size-full wp-image-20277\" src=\"https:\/\/www.mecadrum.com\/wp-content\/uploads\/2020\/07\/tambour-commande-elevateur-fabrication.png\" alt=\"\" width=\"780\" height=\"490\" srcset=\"https:\/\/www.mecadrum.com\/wp-content\/uploads\/2020\/07\/tambour-commande-elevateur-fabrication.png 780w, https:\/\/www.mecadrum.com\/wp-content\/uploads\/2020\/07\/tambour-commande-elevateur-fabrication-300x188.png 300w, https:\/\/www.mecadrum.com\/wp-content\/uploads\/2020\/07\/tambour-commande-elevateur-fabrication-768x482.png 768w, https:\/\/www.mecadrum.com\/wp-content\/uploads\/2020\/07\/tambour-commande-elevateur-fabrication-700x440.png 700w\" sizes=\"(max-width: 780px) 100vw, 780px\" \/><img loading=\"lazy\" decoding=\"async\" class=\"alignnone size-full wp-image-20261\" src=\"https:\/\/www.mecadrum.com\/wp-content\/uploads\/2020\/07\/fabrication-tambour-convoyage.png\" alt=\"\" width=\"780\" height=\"490\" srcset=\"https:\/\/www.mecadrum.com\/wp-content\/uploads\/2020\/07\/fabrication-tambour-convoyage.png 780w, https:\/\/www.mecadrum.com\/wp-content\/uploads\/2020\/07\/fabrication-tambour-convoyage-300x188.png 300w, https:\/\/www.mecadrum.com\/wp-content\/uploads\/2020\/07\/fabrication-tambour-convoyage-768x482.png 768w, https:\/\/www.mecadrum.com\/wp-content\/uploads\/2020\/07\/fabrication-tambour-convoyage-700x440.png 700w\" sizes=\"(max-width: 780px) 100vw, 780px\" \/>[\/vc_column_text][\/vc_column_inner][\/vc_row_inner][\/vc_accordion_tab][vc_accordion_tab title=&#8221;Beschichtungen&#8221;][vc_row_inner row_type=&#8221;row&#8221; type=&#8221;full_width&#8221; text_align=&#8221;left&#8221; css_animation=&#8221;&#8221;][vc_column_inner][vc_column_text]Wir bieten verschiedene Arten von kalt oder warm vulkanisiertem Kautschuk an.<\/p>\n<p>Kautschuk, ISO 284-340, Lebensmittelqualit\u00e4t, nicht fettend, Keramik.<\/p>\n<p>Alle diese Beschichtungen k\u00f6nnen auf demontierbare M\u00e4ntel aufgetragen werden, um die Wartung zu erleichtern.<\/p>\n<p><img loading=\"lazy\" decoding=\"async\" class=\"alignnone size-full wp-image-20269\" src=\"https:\/\/www.mecadrum.com\/wp-content\/uploads\/2020\/07\/revetement-tambour-commande.png\" alt=\"\" width=\"780\" height=\"490\" srcset=\"https:\/\/www.mecadrum.com\/wp-content\/uploads\/2020\/07\/revetement-tambour-commande.png 780w, https:\/\/www.mecadrum.com\/wp-content\/uploads\/2020\/07\/revetement-tambour-commande-300x188.png 300w, https:\/\/www.mecadrum.com\/wp-content\/uploads\/2020\/07\/revetement-tambour-commande-768x482.png 768w, https:\/\/www.mecadrum.com\/wp-content\/uploads\/2020\/07\/revetement-tambour-commande-700x440.png 700w\" sizes=\"(max-width: 780px) 100vw, 780px\" \/><img loading=\"lazy\" decoding=\"async\" class=\"alignnone size-medium wp-image-16733\" src=\"https:\/\/www.mecadrum.com\/wp-content\/uploads\/2017\/09\/Capture-d\u2019e\u0301cran-2017-11-21-a\u0300-00.33.41-300x105.png\" alt=\"\" width=\"300\" height=\"105\" \/>[\/vc_column_text][\/vc_column_inner][\/vc_row_inner][\/vc_accordion_tab][\/vc_accordion][\/vc_column][vc_column width=&#8221;1\/3&#8243;][vc_column_text css=&#8221;.vc_custom_1512051931534{padding-top: 10px !important;padding-right: 10px !important;padding-bottom: 10px !important;padding-left: 10px !important;background-color: #bb2222 !important;}&#8221;]<\/p>\n<h5>F\u00fcr jede Preisangebot, bitte speichern, f\u00fcllen und schicken Sie uns die Datenbl\u00e4tter f\u00fcr eine schneller antwort.<\/h5>\n<p>[\/vc_column_text][vc_separator type=&#8221;normal&#8221; color=&#8221;#f2f2f2&#8243; transparency=&#8221;0&#8243; up=&#8221;10&#8243; down=&#8221;10&#8243;][vc_column_text]<\/p>\n<p style=\"text-align: left;\"><span data-type=\"normal\"  class=\"qode_icon_shortcode  q_font_awsome_icon   \" style=\" \"><i class=\"qode_icon_font_awesome fa fa-download qode_icon_element\" style=\"\" ><\/i><\/span><a href=\"https:\/\/www.mecadrum.com\/wp-content\/uploads\/2017\/10\/Tambour-mene-Devis-Franca-is-Anglais-rev-052015.pdf\" target=\"_blank\" rel=\"noopener noreferrer\">Tambour de renvoi (fiche technique)<\/a><\/p>\n<p style=\"text-align: left;\"><span data-type=\"normal\"  class=\"qode_icon_shortcode  q_font_awsome_icon   \" style=\" \"><i class=\"qode_icon_font_awesome fa fa-download qode_icon_element\" style=\"\" ><\/i><\/span><a href=\"https:\/\/www.mecadrum.com\/wp-content\/uploads\/2017\/10\/Tambour-double-commande-Devis-F-ranc\u0327ais-Anglais-rev-052015.pdf\" target=\"_blank\" rel=\"noopener noreferrer\">Tambour double commande (fiche technique)<\/a><\/p>\n<p style=\"text-align: left;\"><span data-type=\"normal\"  class=\"qode_icon_shortcode  q_font_awsome_icon   \" style=\" \"><i class=\"qode_icon_font_awesome fa fa-download qode_icon_element\" style=\"\" ><\/i><\/span><a href=\"https:\/\/www.mecadrum.com\/wp-content\/uploads\/2017\/10\/Tambour-de-commande-Devis-FrAnglais-re\u0301v-05.2015.pdf\" target=\"_blank\" rel=\"noopener noreferrer\">Tambour de commande (fiche technique)<\/a><\/p>\n<p>[\/vc_column_text][vc_separator type=&#8221;normal&#8221; color=&#8221;#f2f2f2&#8243; transparency=&#8221;0&#8243; up=&#8221;10&#8243; down=&#8221;10&#8243;][vc_row_inner row_type=&#8221;row&#8221; type=&#8221;full_width&#8221; text_align=&#8221;center&#8221; css_animation=&#8221;&#8221;][vc_column_inner]<a id=\"Preisangebot\" itemprop=\"url\" href=\"\/de\/kontakt\/\" target=\"_self\"  class=\"qbutton  large default\" style=\"\">Preisangebot<i class=\"qode_icon_font_awesome fa fa-arrow-right qode_button_icon_element\" style=\"\" ><\/i><\/a>[\/vc_column_inner][\/vc_row_inner][\/vc_column][\/vc_row][vc_row css_animation=&#8221;&#8221; row_type=&#8221;row&#8221; use_row_as_full_screen_section=&#8221;no&#8221; type=&#8221;full_width&#8221; angled_section=&#8221;no&#8221; text_align=&#8221;left&#8221; background_image_as_pattern=&#8221;without_pattern&#8221;][vc_column][vc_separator type=&#8221;normal&#8221; color=&#8221;#ffffff&#8221;][vc_gallery type=&#8221;image_grid&#8221; images=&#8221;16281,16285,16289,16293,16297,16301&#8243; img_size=&#8221;200&#215;100 &#8221; css_animation=&#8221;zoomIn&#8221; column_number=&#8221;6&#8243; grayscale=&#8221;no&#8221; images_space=&#8221;gallery_with_space&#8221;][\/vc_column][\/vc_row]<\/p>\n","protected":false},"excerpt":{"rendered":"<p>[vc_row css_animation=&#8221;&#8221; row_type=&#8221;row&#8221; use_row_as_full_screen_section=&#8221;yes&#8221; type=&#8221;full_width&#8221; angled_section=&#8221;no&#8221; text_align=&#8221;left&#8221; background_image_as_pattern=&#8221;without_pattern&#8221;][vc_column width=&#8221;2\/3&#8243;][vc_column_text] MecadruM entwickelt und fertigt alle Arten von Trommeln, Riemenscheiben, Rillentrommeln, Windentrommeln\u2026 aus verschiedenen Materialien (Stahl, Edelstahl, beschichtet&#8230;) und bis zu sehr gro\u00dfen Dimensionen (H\u00f6chstgewicht 10 Tonnen). Wir haben Trommeln entwickelt und hergestellt, die gro\u00dfe Beanspruchungen aushalten&#8230;<\/p>\n","protected":false},"author":1,"featured_media":0,"parent":0,"menu_order":0,"comment_status":"closed","ping_status":"open","template":"","meta":{"_et_pb_use_builder":"","_et_pb_old_content":"","_et_gb_content_width":"","inline_featured_image":false,"footnotes":""},"class_list":["post-17697","page","type-page","status-publish","hentry"],"_links":{"self":[{"href":"https:\/\/www.mecadrum.com\/de\/wp-json\/wp\/v2\/pages\/17697"}],"collection":[{"href":"https:\/\/www.mecadrum.com\/de\/wp-json\/wp\/v2\/pages"}],"about":[{"href":"https:\/\/www.mecadrum.com\/de\/wp-json\/wp\/v2\/types\/page"}],"author":[{"embeddable":true,"href":"https:\/\/www.mecadrum.com\/de\/wp-json\/wp\/v2\/users\/1"}],"replies":[{"embeddable":true,"href":"https:\/\/www.mecadrum.com\/de\/wp-json\/wp\/v2\/comments?post=17697"}],"version-history":[{"count":31,"href":"https:\/\/www.mecadrum.com\/de\/wp-json\/wp\/v2\/pages\/17697\/revisions"}],"predecessor-version":[{"id":20401,"href":"https:\/\/www.mecadrum.com\/de\/wp-json\/wp\/v2\/pages\/17697\/revisions\/20401"}],"wp:attachment":[{"href":"https:\/\/www.mecadrum.com\/de\/wp-json\/wp\/v2\/media?parent=17697"}],"curies":[{"name":"wp","href":"https:\/\/api.w.org\/{rel}","templated":true}]}}