{"id":17549,"date":"2017-11-28T17:24:22","date_gmt":"2017-11-28T16:24:22","guid":{"rendered":"http:\/\/165.227.105.105\/gehause\/"},"modified":"2019-11-06T14:18:28","modified_gmt":"2019-11-06T13:18:28","slug":"gehause","status":"publish","type":"page","link":"https:\/\/www.mecadrum.com\/de\/andere-produkte\/gehause\/","title":{"rendered":"Geha\u00fcse"},"content":{"rendered":"<p>[vc_row css_animation=&#8221;&#8221; row_type=&#8221;row&#8221; use_row_as_full_screen_section=&#8221;yes&#8221; type=&#8221;full_width&#8221; angled_section=&#8221;no&#8221; text_align=&#8221;center&#8221; background_image_as_pattern=&#8221;without_pattern&#8221;][vc_column width=&#8221;2\/3&#8243;][vc_column_text]Wir verkaufen alle Arten von Standard- und Spezialgeh\u00e4usen und montieren auf unsere Trommeln[\/vc_column_text][vc_separator type=&#8221;transparent&#8221;][\/vc_column][vc_column width=&#8221;1\/3&#8243;][vc_column_text css=&#8221;.vc_custom_1512051986245{padding-top: 10px !important;padding-right: 10px !important;padding-bottom: 10px !important;padding-left: 10px !important;background-color: #b22222 !important;}&#8221;]<\/p>\n<h5>F\u00fcr jede Preisangebot, bitte speichern, f\u00fcllen und schicken Sie uns die Datenbl\u00e4tter f\u00fcr eine schneller Antwort.<\/h5>\n<p>[\/vc_column_text][vc_separator type=&#8221;transparent&#8221; up=&#8221;10&#8243; down=&#8221;10&#8243;][\/vc_column][\/vc_row][vc_row css_animation=&#8221;&#8221; row_type=&#8221;row&#8221; use_row_as_full_screen_section=&#8221;no&#8221; type=&#8221;full_width&#8221; angled_section=&#8221;no&#8221; text_align=&#8221;left&#8221; background_image_as_pattern=&#8221;without_pattern&#8221;][vc_column][vc_accordion active_tab=&#8221;false&#8221; collapsible=&#8221;yes&#8221; style=&#8221;accordion&#8221;][vc_accordion_tab title=&#8221;GEH\u00c4USE TYP SN&#8221;][vc_row_inner row_type=&#8221;row&#8221; type=&#8221;full_width&#8221; text_align=&#8221;left&#8221; css_animation=&#8221;&#8221;][vc_column_inner width=&#8221;2\/3&#8243;][vc_column_text]<img loading=\"lazy\" decoding=\"async\" class=\"alignnone wp-image-16574 size-medium\" src=\"https:\/\/www.mecadrum.com\/wp-content\/uploads\/2017\/11\/snl-300x253.jpg\" alt=\"\" width=\"300\" height=\"253\" srcset=\"https:\/\/www.mecadrum.com\/wp-content\/uploads\/2017\/11\/snl-300x253.jpg 300w, https:\/\/www.mecadrum.com\/wp-content\/uploads\/2017\/11\/snl-768x648.jpg 768w, https:\/\/www.mecadrum.com\/wp-content\/uploads\/2017\/11\/snl-1024x864.jpg 1024w, https:\/\/www.mecadrum.com\/wp-content\/uploads\/2017\/11\/snl-700x591.jpg 700w\" sizes=\"(max-width: 300px) 100vw, 300px\" \/>[\/vc_column_text][\/vc_column_inner][vc_column_inner width=&#8221;1\/3&#8243;][vc_column_text]<a href=\"https:\/\/www.mecadrum.com\/wp-content\/uploads\/2017\/11\/FICHE-TECHNIQUE-PALIER-SN-FR.pdf\" target=\"_blank\" rel=\"noopener noreferrer\"><span data-type=\"normal\"  class=\"qode_icon_shortcode  q_font_awsome_icon   \" style=\" \"><i class=\"qode_icon_font_awesome fa fa-download qode_icon_element\" style=\"\" ><\/i><\/span>Fiche \u00e0 remplir type SN<\/a>[\/vc_column_text][\/vc_column_inner][\/vc_row_inner][\/vc_accordion_tab][vc_accordion_tab title=&#8221;GEH\u00c4USE TYP HBND&#8221; el_id=&#8221;tambour-DRUMO-166-type-RA&#8221;][vc_row_inner row_type=&#8221;row&#8221; type=&#8221;full_width&#8221; text_align=&#8221;left&#8221; css_animation=&#8221;&#8221;][vc_column_inner width=&#8221;2\/3&#8243;][vc_column_text]<img loading=\"lazy\" decoding=\"async\" class=\"alignnone wp-image-16562 size-medium\" src=\"https:\/\/www.mecadrum.com\/wp-content\/uploads\/2017\/11\/10___hbnd_flame-285x300.jpg\" alt=\"\" width=\"285\" height=\"300\" srcset=\"https:\/\/www.mecadrum.com\/wp-content\/uploads\/2017\/11\/10___hbnd_flame-285x300.jpg 285w, https:\/\/www.mecadrum.com\/wp-content\/uploads\/2017\/11\/10___hbnd_flame.jpg 570w\" sizes=\"(max-width: 285px) 100vw, 285px\" \/>[\/vc_column_text][\/vc_column_inner][vc_column_inner width=&#8221;1\/3&#8243;][vc_column_text]<a href=\"https:\/\/www.mecadrum.com\/wp-content\/uploads\/2017\/11\/fiche_hbnd.pdf\" target=\"_blank\" rel=\"noopener noreferrer\"><span data-type=\"normal\"  class=\"qode_icon_shortcode  q_font_awsome_icon   \" style=\" \"><i class=\"qode_icon_font_awesome fa fa-download qode_icon_element\" style=\"\" ><\/i><\/span>Fiche \u00e0 remplir HBND<\/a>[\/vc_column_text][\/vc_column_inner][\/vc_row_inner][\/vc_accordion_tab][vc_accordion_tab title=&#8221;GEH\u00c4USE TYP HF (Stahlindustrie)&#8221;][vc_row_inner row_type=&#8221;row&#8221; type=&#8221;full_width&#8221; text_align=&#8221;left&#8221; css_animation=&#8221;&#8221;][vc_column_inner width=&#8221;2\/3&#8243;][vc_column_text]<img loading=\"lazy\" decoding=\"async\" class=\"alignnone wp-image-16570 size-medium\" src=\"https:\/\/www.mecadrum.com\/wp-content\/uploads\/2017\/11\/palier_hf-300x133.jpg\" alt=\"\" width=\"300\" height=\"133\" srcset=\"https:\/\/www.mecadrum.com\/wp-content\/uploads\/2017\/11\/palier_hf-300x133.jpg 300w, https:\/\/www.mecadrum.com\/wp-content\/uploads\/2017\/11\/palier_hf-768x341.jpg 768w, https:\/\/www.mecadrum.com\/wp-content\/uploads\/2017\/11\/palier_hf-1024x455.jpg 1024w, https:\/\/www.mecadrum.com\/wp-content\/uploads\/2017\/11\/palier_hf-700x311.jpg 700w\" sizes=\"(max-width: 300px) 100vw, 300px\" \/>[\/vc_column_text][\/vc_column_inner][vc_column_inner width=&#8221;1\/3&#8243;][vc_column_text]<a href=\"https:\/\/www.mecadrum.com\/wp-content\/uploads\/2017\/11\/FICHE-TECHNIQUE-PALIER-SN-FR.pdf\" target=\"_blank\" rel=\"noopener noreferrer\"><span data-type=\"normal\"  class=\"qode_icon_shortcode  q_font_awsome_icon   \" style=\" \"><i class=\"qode_icon_font_awesome fa fa-download qode_icon_element\" style=\"\" ><\/i><\/span>Fiche \u00e0 remplir type SN<\/a>[\/vc_column_text][\/vc_column_inner][\/vc_row_inner][\/vc_accordion_tab][vc_accordion_tab title=&#8221;GEH\u00c4USE TYP THDS (Spanner)&#8221;][vc_row_inner row_type=&#8221;row&#8221; type=&#8221;full_width&#8221; text_align=&#8221;left&#8221; css_animation=&#8221;&#8221;][vc_column_inner width=&#8221;2\/3&#8243;][vc_column_text]<img loading=\"lazy\" decoding=\"async\" class=\"alignnone wp-image-16578 size-medium\" src=\"https:\/\/www.mecadrum.com\/wp-content\/uploads\/2017\/11\/thds1-258x300.jpg\" alt=\"\" width=\"258\" height=\"300\" srcset=\"https:\/\/www.mecadrum.com\/wp-content\/uploads\/2017\/11\/thds1-258x300.jpg 258w, https:\/\/www.mecadrum.com\/wp-content\/uploads\/2017\/11\/thds1-768x893.jpg 768w, https:\/\/www.mecadrum.com\/wp-content\/uploads\/2017\/11\/thds1-880x1024.jpg 880w, https:\/\/www.mecadrum.com\/wp-content\/uploads\/2017\/11\/thds1-700x814.jpg 700w\" sizes=\"(max-width: 258px) 100vw, 258px\" \/>[\/vc_column_text][\/vc_column_inner][vc_column_inner width=&#8221;1\/3&#8243;][vc_column_text]<a href=\"https:\/\/www.mecadrum.com\/wp-content\/uploads\/2017\/11\/fiche_thds.pdf\" target=\"_blank\" rel=\"noopener noreferrer\"><span data-type=\"normal\"  class=\"qode_icon_shortcode  q_font_awsome_icon   \" style=\" \"><i class=\"qode_icon_font_awesome fa fa-download qode_icon_element\" style=\"\" ><\/i><\/span>Fiche \u00e0 remplir THDS<\/a>[\/vc_column_text][\/vc_column_inner][\/vc_row_inner][\/vc_accordion_tab][vc_accordion_tab title=&#8221;GEH\u00c4USE TYP ALIBOST&#8221;][vc_row_inner row_type=&#8221;row&#8221; type=&#8221;full_width&#8221; text_align=&#8221;left&#8221; css_animation=&#8221;&#8221;][vc_column_inner width=&#8221;2\/3&#8243;][vc_column_text]<img loading=\"lazy\" decoding=\"async\" class=\"alignnone size-medium wp-image-16566\" src=\"https:\/\/www.mecadrum.com\/wp-content\/uploads\/2017\/11\/alibost1-300x243.jpg\" alt=\"\" width=\"300\" height=\"243\" srcset=\"https:\/\/www.mecadrum.com\/wp-content\/uploads\/2017\/11\/alibost1-300x243.jpg 300w, https:\/\/www.mecadrum.com\/wp-content\/uploads\/2017\/11\/alibost1-700x566.jpg 700w, https:\/\/www.mecadrum.com\/wp-content\/uploads\/2017\/11\/alibost1.jpg 705w\" sizes=\"(max-width: 300px) 100vw, 300px\" \/>[\/vc_column_text][\/vc_column_inner][vc_column_inner width=&#8221;1\/3&#8243;][vc_column_text][\/vc_column_text][\/vc_column_inner][\/vc_row_inner][\/vc_accordion_tab][vc_accordion_tab title=&#8221;ANDERE nach Pl\u00e4nen&#8221;][\/vc_accordion_tab][vc_accordion_tab title=&#8221;HYDRAULISCHES MONTAGESYSTEM&#8221;][vc_row_inner row_type=&#8221;row&#8221; type=&#8221;full_width&#8221; text_align=&#8221;left&#8221; css_animation=&#8221;&#8221;][vc_column_inner width=&#8221;2\/3&#8243;][vc_column_text]<br \/>\nThe set hydraulic pump and hydraulic nut is designed for the assembly and the dismantling of bearings.<\/p>\n<p>The pump is supplied with a flexible hose 1500 mm in length, a set join with fast coupling and a manometer.<\/p>\n<p>The pump is performed with fluid of assembly and is delivered with additional liter of fluid.<\/p>\n<p>For more information please download our documentation.<br \/>\n[\/vc_column_text][\/vc_column_inner][vc_column_inner width=&#8221;1\/3&#8243;][vc_column_text]<a href=\"https:\/\/www.mecadrum.com\/wp-content\/uploads\/2017\/11\/systeme_hydraulique_de_montage_des_roulements.pdf\"><span data-type=\"normal\"  class=\"qode_icon_shortcode  q_font_awsome_icon   \" style=\" \"><i class=\"qode_icon_font_awesome fa fa-download qode_icon_element\" style=\"\" ><\/i><\/span>Syst\u00e8me hydraulique de montage des roulements<\/a>[\/vc_column_text][\/vc_column_inner][\/vc_row_inner][\/vc_accordion_tab][\/vc_accordion][vc_separator type=&#8221;transparent&#8221; up=&#8221;20&#8243;][\/vc_column][\/vc_row][vc_row css_animation=&#8221;&#8221; row_type=&#8221;row&#8221; use_row_as_full_screen_section=&#8221;no&#8221; type=&#8221;full_width&#8221; angled_section=&#8221;no&#8221; text_align=&#8221;center&#8221; background_image_as_pattern=&#8221;without_pattern&#8221;][vc_column width=&#8221;2\/3&#8243;][vc_column_text]<br \/>\nDie Rollenlager werden in unseren Werkst\u00e4tten mit hydraulischen Montagewerkzeugen montiert, so dass die konischen Rollenlager sicher festgezogen sind.<\/p>\n<p>HYDRAULISCHES MONTAGESYSTEM<br \/>\n[\/vc_column_text][\/vc_column][vc_column width=&#8221;1\/3&#8243;]<a  itemprop=\"url\" href=\"\/de\/kontakt\/\" target=\"_self\"  class=\"qbutton  default\" style=\"\">Preisangebot<i class=\"qode_icon_font_awesome fa fa-arrow-right qode_button_icon_element\" style=\"\" ><\/i><\/a>[\/vc_column][\/vc_row]<\/p>\n","protected":false},"excerpt":{"rendered":"<p>[vc_row css_animation=&#8221;&#8221; row_type=&#8221;row&#8221; use_row_as_full_screen_section=&#8221;yes&#8221; type=&#8221;full_width&#8221; angled_section=&#8221;no&#8221; text_align=&#8221;center&#8221; background_image_as_pattern=&#8221;without_pattern&#8221;][vc_column width=&#8221;2\/3&#8243;][vc_column_text]Wir verkaufen alle Arten von Standard- und Spezialgeh\u00e4usen und montieren auf unsere Trommeln[\/vc_column_text][vc_separator type=&#8221;transparent&#8221;][\/vc_column][vc_column width=&#8221;1\/3&#8243;][vc_column_text css=&#8221;.vc_custom_1512051986245{padding-top: 10px !important;padding-right: 10px !important;padding-bottom: 10px !important;padding-left: 10px !important;background-color: #b22222 !important;}&#8221;] F\u00fcr jede Preisangebot, bitte speichern, f\u00fcllen und schicken Sie uns die&#8230;<\/p>\n","protected":false},"author":1,"featured_media":0,"parent":17402,"menu_order":0,"comment_status":"closed","ping_status":"open","template":"","meta":{"_et_pb_use_builder":"","_et_pb_old_content":"","_et_gb_content_width":"","inline_featured_image":false,"footnotes":""},"class_list":["post-17549","page","type-page","status-publish","hentry"],"_links":{"self":[{"href":"https:\/\/www.mecadrum.com\/de\/wp-json\/wp\/v2\/pages\/17549"}],"collection":[{"href":"https:\/\/www.mecadrum.com\/de\/wp-json\/wp\/v2\/pages"}],"about":[{"href":"https:\/\/www.mecadrum.com\/de\/wp-json\/wp\/v2\/types\/page"}],"author":[{"embeddable":true,"href":"https:\/\/www.mecadrum.com\/de\/wp-json\/wp\/v2\/users\/1"}],"replies":[{"embeddable":true,"href":"https:\/\/www.mecadrum.com\/de\/wp-json\/wp\/v2\/comments?post=17549"}],"version-history":[{"count":72,"href":"https:\/\/www.mecadrum.com\/de\/wp-json\/wp\/v2\/pages\/17549\/revisions"}],"predecessor-version":[{"id":19621,"href":"https:\/\/www.mecadrum.com\/de\/wp-json\/wp\/v2\/pages\/17549\/revisions\/19621"}],"up":[{"embeddable":true,"href":"https:\/\/www.mecadrum.com\/de\/wp-json\/wp\/v2\/pages\/17402"}],"wp:attachment":[{"href":"https:\/\/www.mecadrum.com\/de\/wp-json\/wp\/v2\/media?parent=17549"}],"curies":[{"name":"wp","href":"https:\/\/api.w.org\/{rel}","templated":true}]}}