{"id":17497,"date":"2017-11-28T15:56:05","date_gmt":"2017-11-28T14:56:05","guid":{"rendered":"http:\/\/165.227.105.105\/mecadrum\/"},"modified":"2025-01-29T11:16:38","modified_gmt":"2025-01-29T10:16:38","slug":"mecadrum","status":"publish","type":"page","link":"https:\/\/www.mecadrum.com\/de\/mecadrum\/","title":{"rendered":"Mecadrum"},"content":{"rendered":"<p>[et_pb_section fb_built=&#8221;1&#8243; _builder_version=&#8221;4.16&#8243; global_colors_info=&#8221;{}&#8221;][et_pb_row disabled_on=&#8221;on|on|on&#8221; _builder_version=&#8221;4.16&#8243; background_size=&#8221;initial&#8221; background_position=&#8221;top_left&#8221; background_repeat=&#8221;repeat&#8221; disabled=&#8221;on&#8221; collapsed=&#8221;on&#8221; global_colors_info=&#8221;{}&#8221;][et_pb_column type=&#8221;4_4&#8243; _builder_version=&#8221;4.16&#8243; custom_padding=&#8221;|||&#8221; global_colors_info=&#8221;{}&#8221; custom_padding__hover=&#8221;|||&#8221;][et_pb_text _builder_version=&#8221;4.27.0&#8243; background_size=&#8221;initial&#8221; background_position=&#8221;top_left&#8221; background_repeat=&#8221;repeat&#8221; global_colors_info=&#8221;{}&#8221;]<\/p>\n<p>[vc_row row_type=&#8221;parallax&#8221; parallax_content_width=&#8221;in_grid&#8221; text_align=&#8221;left&#8221; full_screen_section_height=&#8221;yes&#8221; vertically_align_content_in_middle=&#8221;yes&#8221;][vc_column width=&#8221;1\/2&#8243;][vc_column_text]<\/p>\n<h3>Mecadrum Erfahrung und Innovation<\/h3>\n<p>[\/vc_column_text][vc_separator type=&#8221;small&#8221; position=&#8221;left&#8221; up=&#8221;26&#8243; down=&#8221;26&#8243;][vc_column_text]<\/p>\n<p&gt;Das aus der Fusion der Unternehmen ORMETRA und AMV (Ateliers de M\u00e9canique de Valenciennes) hervorgegangene Unternehmen Mecadrum vereint ein doppeltes Know-how und ist in allen Industriezweigen, die F\u00f6rdertrommeln verwenden, anerkannt, in denen die Kosten f\u00fcr Betriebsverluste hoch sind und Zuverl\u00e4ssigkeit gefragt ist (Bergbau, Stahlindustrie, Hafengebiete, Zementwerke, Lebensmittelindustrie, Automobilindustrie ...). Mecadrum entwirft, fertigt und vermarktet Trommeln, Trommelmotoren, Lager, Rollen und Abstreifer f\u00fcr F\u00f6rderanlagen und Aufz\u00fcge. Mecadrum entwickelt seit mehr als 20 Jahren seine eigene Berechnungssoftware, die speziell auf Trommelantriebe zugeschnitten ist, und investiert st\u00e4ndig in sehr leistungsf\u00e4hige Produktionsmittel (Roboter, CNC-Maschinen...). Dank dieser modernen Werkzeuge exportiert Mecadrum in die ganze Welt. <\/p>\n<p&gt;Mecadrum ist Teil der <a href=\"https:\/\/www.fideip.fr\" target=\"_blank\" rel=\"noopener\">FIDEIP-Gruppe<\/a>, die aus einem Dutzend Industrieunternehmen in den Bereichen Metallurgie und Mechanik besteht. Die Unternehmen sind haupts\u00e4chlich in Westfrankreich angesiedelt:<\/p>\n<ul>\n<li><a href=\"https:\/\/www.aivee.fr\/fr\/\" target=\"_blank\" rel=\"noopener\">Aivee<\/a> : Naben und Fahrradkomponenten Made in France<\/li>\n<li><a href=\"https:\/\/www.lf-technologies.de\/\" target=\"_blank\" rel=\"noopener\">LF Technologies<\/a> : Hersteller von Pr\u00fcfst\u00e4nden<\/li>\n<li><a href=\"https:\/\/www.mecaspin.com\/\" target=\"_blank\" rel=\"noopener\">Mecaspin<\/a> : Konstrukteur\/in einer Maschine zum Vorfiltern von elektrischen Leitungen<\/li>\n<li><a href=\"https:\/\/www.rolldrum.fr\/\" target=\"_blank\" rel=\"noopener\">Mecadrum<\/a> : F\u00f6rderrolle, St\u00fctze und Girlande f\u00fcr Bandf\u00f6rderer<\/li>\n<li><a href=\"https:\/\/www.fidemeca.com\/\" target=\"_blank\" rel=\"noopener\">Fidemeca<\/a> : Unternehmen f\u00fcr Pr\u00e4zisionsdrehteile<\/li>\n<li><a href=\"https:\/\/www.jyga.fr\/\" target=\"_blank\" rel=\"noopener\">Jyga<\/a> : Hersteller von Kistenpack- und Palettiermaschinen<\/li>\n<li><a href=\"https:\/\/www.palamaticprocess.de\/\" target=\"_blank\" rel=\"noopener\">Palamatic Prosse<\/a> : Prozessl\u00f6sungen f\u00fcr die Automatisierung von Produktionslinien, die auch eine Einheit in den USA und Kanada umfasst<\/li>\n<li><a href=\"https:\/\/www.epsilon-tolerie.fr\/\" target=\"_blank\" rel=\"noopener\">Epsilon<\/a> : Ma\u00dfgeschneiderte Feinblecharbeiten<\/li>\n<li><a href=\"https:\/\/www.plix-design.fr\/\" target=\"_blank\" rel=\"noopener\">Plix<\/a> : Stadtmobiliar f\u00fcr sanfte Mobilit\u00e4t<\/li>\n<p>\u2026<\/li>\n<\/ul>\n<p>Die FIDEIP-Gruppe f\u00f6rdert die Entfaltung von Frauen und M\u00e4nnern innerhalb von Organisationen durch die Vielfalt der Teams, das Engagement der Mitarbeiter und die Entwicklung von Talenten.<\/p>\n<\/p>\n<p>[\/vc_column_text][\/vc_column][vc_column width=&#8221;1\/2&#8243;][vc_separator type=&#8221;transparent&#8221; up=&#8221;50&#8243;][vc_single_image image=&#8221;20471&#8243; img_size=&#8221;full&#8221; alignment=&#8221;center&#8221; qode_css_animation=&#8221;element_from_fade&#8221; transition_delay=&#8221;0.2&#8243;][\/vc_column][\/vc_row][vc_row row_type=&#8221;parallax&#8221; parallax_content_width=&#8221;in_grid&#8221; text_align=&#8221;left&#8221; full_screen_section_height=&#8221;no&#8221; css=&#8221;.vc_custom_1511529223203{background-color: #f7f7f7 !important;}&#8221;][vc_column width=&#8221;1\/2&#8243;][vc_single_image image=&#8221;20480&#8243; img_size=&#8221;full&#8221; alignment=&#8221;center&#8221; qode_css_animation=&#8221;element_from_fade&#8221; transition_delay=&#8221;0.4&#8243;][\/vc_column][vc_column width=&#8221;1\/2&#8243;][vc_column_text]<\/p>\n<h3>Unser Konstruktionsb\u00fcro<\/h3>\n<p>[\/vc_column_text][vc_separator type=&#8221;small&#8221; position=&#8221;left&#8221; down=&#8221;26&#8243;][vc_column_text]Wir k\u00f6nnen Sie von der Erstellung des Lastenhefts bis zur Herstellung der Komponenten f\u00fcr Ihre F\u00f6rderb\u00e4nder begleiten.<\/p>\n<p>Dank unserer 50j\u00e4hrigen Erfahrung und unserer starken Innovationsf\u00e4higkeit k\u00f6nnen wir Ihre Trommeln optimieren, um die Kosten zu reduzieren und dabei ihre Zuverl\u00e4ssigkeit zu verbessern.<br \/>\nDie Reduktion der Zahl Ihrer Ersatzteile aufgrund unserer Standardisierungsf\u00e4higkeit erleichtert Ihnen die Wartung Ihrer F\u00f6rderb\u00e4nder<br \/>\nWir berechnen infolgedessen:<\/p>\n<ul>\n<li>die Beanspruchung der Trommeln<\/li>\n<li>die verschiedenen Belastungen der Trommeln<\/li>\n<li>die Lebensdauer der Geh\u00e4userollenlager<\/li>\n<\/ul>\n<p>[\/vc_column_text][\/vc_column][\/vc_row][vc_row row_type=&#8221;parallax&#8221; parallax_content_width=&#8221;in_grid&#8221; text_align=&#8221;left&#8221; full_screen_section_height=&#8221;yes&#8221; vertically_align_content_in_middle=&#8221;yes&#8221;][vc_column width=&#8221;1\/2&#8243;][vc_separator type=&#8221;transparent&#8221; up=&#8221;44&#8243; down=&#8221;0&#8243;][vc_column_text]<\/p>\n<h3>\u00a0High Tech-Produktionsapparat<\/h3>\n<p>[\/vc_column_text][vc_separator type=&#8221;small&#8221; position=&#8221;left&#8221; down=&#8221;26&#8243;][vc_column_text]Mecadrum verstand es, sich dank einer seit vielen Jahren intensiven Investitionspolitik mit einem \u00e4u\u00dferst leistungsf\u00e4higen Produktionsapparat auszustatten.<br \/>\nUnsere maximalen Herstellungskapazit\u00e4ten betragen ein Gewicht von maximal 10 t pro Teil.<br \/>\nMecadrum stellt mehrere tausend Trommeln pro Jahr her.[\/vc_column_text][\/vc_column][vc_column width=&#8221;1\/2&#8243;][vc_separator type=&#8221;transparent&#8221; up=&#8221;44&#8243; down=&#8221;0&#8243;][vc_single_image image=&#8221;20997&#8243; img_size=&#8221;full&#8221; alignment=&#8221;center&#8221; qode_css_animation=&#8221;element_from_fade&#8221; transition_delay=&#8221;0.4&#8243;][vc_separator type=&#8221;transparent&#8221; up=&#8221;44&#8243; down=&#8221;0&#8243;][\/vc_column][\/vc_row][vc_row css_animation=&#8221;&#8221; row_type=&#8221;row&#8221; use_row_as_full_screen_section=&#8221;no&#8221; type=&#8221;full_width&#8221; angled_section=&#8221;no&#8221; text_align=&#8221;left&#8221; background_image_as_pattern=&#8221;without_pattern&#8221;][vc_column width=&#8221;1\/2&#8243;][vc_single_image image=&#8221;16029&#8243; img_size=&#8221;200*200&#8243; alignment=&#8221;center&#8221; qode_css_animation=&#8221;element_from_fade&#8221; transition_delay=&#8221;0.4&#8243;][vc_single_image image=&#8221;16202&#8243; img_size=&#8221;200*100&#8243; alignment=&#8221;center&#8221; qode_css_animation=&#8221;&#8221;][\/vc_column][vc_column width=&#8221;1\/2&#8243;][vc_column_text]<\/p>\n<h3><span lang=\"DE\" style=\"margin: 0px; color: #354256; font-family: 'Open Sans',sans-serif; font-size: 15pt;\">Qualit\u00e4tssicherung<\/span><\/h3>\n<p>[\/vc_column_text][vc_separator type=&#8221;small&#8221; position=&#8221;left&#8221; down=&#8221;26&#8243;][vc_column_text]Dank seines seit \u00fcber 25 Jahren andauernden Qualit\u00e4tsansatzes ist Mecadrum nach ISO 9001:2015 zertifiziert. Mecadrum hat den Status eines vom franz\u00f6sischen Zoll zugelassenen Wirtschaftsbeteiligten (Op\u00e9rateur Economique Agr\u00e9\u00e9, OEA) erhalten. Dieser Status bescheinigt die Qualit\u00e4t unserer Logistikkette sowie die finanzielle Solidit\u00e4t von Mecadrum. Diese beiden Zertifizierungen erleichtern die Exportabwicklung : <span data-type=\"normal\"  class=\"qode_icon_shortcode  q_font_awsome_icon   \" style=\" \"><i class=\"qode_icon_font_awesome fa fa-download qode_icon_element\" style=\"\" ><\/i><\/span><a href=\"https:\/\/www.mecadrum.com\/wp-content\/uploads\/CERTIFICAT-17865535-MECADRUM-9001.pdf\">Certificat_ISO_9001:2015<\/a> <span data-type=\"normal\"  class=\"qode_icon_shortcode  q_font_awsome_icon   \" style=\" \"><i class=\"qode_icon_font_awesome fa fa-download qode_icon_element\" style=\"\" ><\/i><\/span><a href=\"https:\/\/www.mecadrum.com\/wp-content\/uploads\/2018\/03\/Certificat-OEA-n\u00b0-FRAEOF00164661.pdf\" target=\"_blank\" rel=\"noopener\">AEO_Zertifikat<\/a> Finden Sie auch unsere Allgemeinen Gesch\u00e4ftsbedingungen (AGB) und Allgemeinen Einkaufsbedingungen (AEB) : <span data-type=\"normal\"  class=\"qode_icon_shortcode  q_font_awsome_icon   \" style=\" \"><i class=\"qode_icon_font_awesome fa fa-download qode_icon_element\" style=\"\" ><\/i><\/span><a href=\"https:\/\/www.mecadrum.com\/wp-content\/uploads\/2021\/07\/Conditions-Generales-de-Vente.pdf\" target=\"_blank\" rel=\"noopener\">Allgemeine Gesch\u00e4ftsbedingungen<\/a> <span data-type=\"normal\"  class=\"qode_icon_shortcode  q_font_awsome_icon   \" style=\" \"><i class=\"qode_icon_font_awesome fa fa-download qode_icon_element\" style=\"\" ><\/i><\/span><a href=\"https:\/\/www.mecadrum.com\/wp-content\/uploads\/2021\/07\/CONDITIONS-GENERALES-DACHAT.pdf\" target=\"_blank\" rel=\"noopener\">Allgemeine Einkaufsbedingungen<\/a> [\/vc_column_text][vc_separator type=&#8221;large&#8221; up=&#8221;26&#8243; down=&#8221;26&#8243;][\/vc_column][\/vc_row][vc_row css_animation=&#8221;&#8221; row_type=&#8221;row&#8221; use_row_as_full_screen_section=&#8221;no&#8221; type=&#8221;full_width&#8221; angled_section=&#8221;no&#8221; text_align=&#8221;left&#8221; background_image_as_pattern=&#8221;without_pattern&#8221;][vc_column][vc_column_text] [\/vc_column_text][\/vc_column][\/vc_row]<\/p>\n<p>[vc_row css_animation=&#8221;&#8221; row_type=&#8221;row&#8221; use_row_as_full_screen_section=&#8221;no&#8221; type=&#8221;full_width&#8221; angled_section=&#8221;no&#8221; text_align=&#8221;left&#8221; background_image_as_pattern=&#8221;without_pattern&#8221;][vc_column][vc_column_text]<\/p>\n<p>[\/vc_column_text][\/vc_column][\/vc_row]<\/p>\n<p>[\/et_pb_text][\/et_pb_column][\/et_pb_row][et_pb_row column_structure=&#8221;1_2,1_2&#8243; _builder_version=&#8221;4.27.0&#8243; _module_preset=&#8221;default&#8221; global_colors_info=&#8221;{}&#8221;][et_pb_column type=&#8221;1_2&#8243; _builder_version=&#8221;4.27.0&#8243; _module_preset=&#8221;default&#8221; global_colors_info=&#8221;{}&#8221;][et_pb_text _builder_version=&#8221;4.27.0&#8243; _module_preset=&#8221;default&#8221; global_colors_info=&#8221;{}&#8221;]<\/p>\n<h3>Mecadrum, Erfahrung und Innovation<\/h3>\n<p>Mecadrum entstand aus der Fusion der Unternehmen ORMETRA und AMV (Ateliers de M\u00e9canique de Valenciennes). Das Unternehmen vereint ein doppeltes Know-how und ist in allen Industriezweigen anerkannt, die F\u00f6rdertrommeln verwenden, in denen die Kosten f\u00fcr Betriebsverluste hoch sind und Zuverl\u00e4ssigkeit gefragt ist (Bergbau, Stahlindustrie, Hafengebiete, Zementwerke, Lebensmittelindustrie, Automobilindustrie &#8230;). Mecadrum entwirft, fertigt und vermarktet Trommeln, Trommelmotoren, Lager, Rollen und Abstreifer f\u00fcr F\u00f6rderanlagen und Aufz\u00fcge. Mecadrum entwickelt seit mehr als 20 Jahren seine eigene Berechnungssoftware, die speziell auf Trommelantriebe zugeschnitten ist, und investiert st\u00e4ndig in sehr leistungsf\u00e4hige Produktionsmittel (Roboter, CNC-Maschinen&#8230;). Dank dieser modernen Werkzeuge exportiert Mecadrum in die ganze Welt. <\/p>\n<p>[\/et_pb_text][\/et_pb_column][et_pb_column type=&#8221;1_2&#8243; _builder_version=&#8221;4.27.0&#8243; _module_preset=&#8221;default&#8221; global_colors_info=&#8221;{}&#8221;][et_pb_image src=&#8221;https:\/\/www.mecadrum.com\/wp-content\/uploads\/2021\/07\/Enseigne-Mecadrum.jpg&#8221; alt=&#8221;Soci\u00e9t\u00e9 Mecadrum&#8221; title_text=&#8221;Enseigne Mecadrum&#8221; _builder_version=&#8221;4.27.0&#8243; _module_preset=&#8221;default&#8221; global_colors_info=&#8221;{}&#8221;][\/et_pb_image][\/et_pb_column][\/et_pb_row][et_pb_row _builder_version=&#8221;4.27.0&#8243; _module_preset=&#8221;default&#8221; global_colors_info=&#8221;{}&#8221;][et_pb_column type=&#8221;4_4&#8243; _builder_version=&#8221;4.27.0&#8243; _module_preset=&#8221;default&#8221; global_colors_info=&#8221;{}&#8221;][et_pb_text _builder_version=&#8221;4.27.0&#8243; _module_preset=&#8221;default&#8221; hover_enabled=&#8221;0&#8243; global_colors_info=&#8221;{}&#8221; sticky_enabled=&#8221;0&#8243;]<\/p>\n<h3>Das Fachwissen einer Gruppe<\/h3>\n<p>Mecadrum ist Teil der <a href=\"https:\/\/www.fideip.fr\" target=\"_blank\" rel=\"noopener\">FIDEIP-Gruppe<\/a>, die aus einem Dutzend Industrieunternehmen in den Bereichen Metallurgie und Mechanik besteht. Die Unternehmen sind haupts\u00e4chlich in Westfrankreich angesiedelt und umfassen folgende Firmen:<\/p>\n<ul>\n<li><a href=\"https:\/\/www.aivee.fr\/fr\/\" target=\"_blank\" rel=\"noopener\">Aivee<\/a>: Fahrradnaben und -komponenten Made in France<\/li>\n<li><a href=\"https:\/\/www.lftechnologies.fr\/\" target=\"_blank\" rel=\"noopener\">LF Technologies<\/a>: Hersteller von Pr\u00fcfst\u00e4nden<\/li>\n<li><a href=\"https:\/\/www.mecaspin.fr\/\" target=\"_blank\" rel=\"noopener\">Mecaspin<\/a>: Entwickler von Maschinen zum Vorspinnen von elektrischen Leitungen<\/li>\n<li><a href=\"https:\/\/www.rolldrum.fr\/\" target=\"_blank\" rel=\"noopener\">Rolldrum<\/a> : Rodillo transportador, soporte y guirnalda para cintas transportadoras<\/li>\n<li><a href=\"https:\/\/www.fidemeca.com\/\" target=\"_blank\" rel=\"noopener\">Fidemeca<\/a>: Unternehmen f\u00fcr Pr\u00e4zisionsdrehteile<\/li>\n<li> Jyga : Hersteller von Einpack- und Palettiermaschinen<\/li>\n<li><a href=\"https:\/\/www.palamaticprocess.fr\/\" target=\"_blank\" rel=\"noopener\">Palamatic Prosse<\/a>: Prozessl\u00f6sungen f\u00fcr die Automatisierung von Produktionslinien, die auch eine Einheit in den USA und Kanada umfasst<\/li>\n<li><a href=\"https:\/\/www.epsilon-tolerie.fr\/\" target=\"_blank\" rel=\"noopener\">Epsilon<\/a>: Ma\u00dfgeschneiderte Feinblechbearbeitung<\/li>\n<li> Plix : Stadtmobiliar f\u00fcr sanfte Mobilit\u00e4t<\/li>\n<p>.<\/p>\n<p>..<\/ul>\n<p>Die FIDEIP-Gruppe f\u00f6rdert die Entfaltung von Frauen und M\u00e4nnern innerhalb von Organisationen durch die Vielfalt der Teams, das Engagement der Mitarbeiter und die Entwicklung von Talenten.<\/p>\n<\/p>\n<p>[\/et_pb_text][\/et_pb_column][\/et_pb_row][et_pb_row column_structure=&#8221;2_5,3_5&#8243; _builder_version=&#8221;4.27.0&#8243; _module_preset=&#8221;default&#8221; global_colors_info=&#8221;{}&#8221;][et_pb_column type=&#8221;2_5&#8243; _builder_version=&#8221;4.27.0&#8243; _module_preset=&#8221;default&#8221; global_colors_info=&#8221;{}&#8221;][et_pb_image src=&#8221;https:\/\/www.mecadrum.com\/wp-content\/uploads\/2021\/07\/tambour-convoyage-etude.jpg&#8221; alt=&#8221;tambour-convoyage-etude&#8221; title_text=&#8221;tambour-convoyage-etude&#8221; _builder_version=&#8221;4.27.0&#8243; _module_preset=&#8221;default&#8221; global_colors_info=&#8221;{}&#8221;][\/et_pb_image][\/et_pb_column][et_pb_column type=&#8221;3_5&#8243; _builder_version=&#8221;4.27.0&#8243; _module_preset=&#8221;default&#8221; global_colors_info=&#8221;{}&#8221;][et_pb_text _builder_version=&#8221;4.27.0&#8243; _module_preset=&#8221;default&#8221; global_colors_info=&#8221;{}&#8221;]<\/p>\n<h3>Unser Planungsb\u00fcro<\/h3>\n<p>Wir k\u00f6nnen Sie von der Erstellung des Lastenhefts bis zur Herstellung der Komponenten f\u00fcr Ihre F\u00f6rderb\u00e4nder begleiten: F\u00f6rdertrommel, Antriebstrommel, <strong>gummierte<\/strong> Trommel Unsere 50-j\u00e4hrige Erfahrung und unsere starke Innovationsf\u00e4higkeit erm\u00f6glichen es uns, Ihre Trommeln zu optimieren, um die Kosten zu senken und gleichzeitig ihre Zuverl\u00e4ssigkeit zu verbessern. Die Reduzierung der Anzahl Ihrer Ersatzteile dank unseres Fachwissens in der Standardisierung erm\u00f6glicht es Ihnen, die Wartung Ihrer F\u00f6rderb\u00e4nder zu vereinfachen. Wir k\u00f6nnen somit Folgendes berechnen:<\/p>\n<ul>\n<li>die Kr\u00e4fte auf die Trommeln<\/li>\n<li>die verschiedenen Beanspruchungen der Trommeln<\/li>\n<li>die Lebensdauer der Lager der Lager<\/li>\n<\/ul>\n<\/li>\n<\/ul>\n<p>[\/et_pb_text][\/et_pb_column][\/et_pb_row][et_pb_row column_structure=&#8221;1_2,1_2&#8243; _builder_version=&#8221;4.27.0&#8243; _module_preset=&#8221;default&#8221; global_colors_info=&#8221;{}&#8221;][et_pb_column type=&#8221;1_2&#8243; _builder_version=&#8221;4.27.0&#8243; _module_preset=&#8221;default&#8221; global_colors_info=&#8221;{}&#8221;][et_pb_text _builder_version=&#8221;4.27.0&#8243; _module_preset=&#8221;default&#8221; global_colors_info=&#8221;{}&#8221;]<\/p>\n<h3>Ein Produktionswerkzeug, das den F\u00f6rdertrommeln gew<\/h3>\n<p>idmet ist<\/p>\n<p>Mecadrum hat sich dank einer seit vielen Jahren anhaltenden Investitionspolitik ein hochleistungsf\u00e4higes Produktionswerkzeug zugelegt, das der Herstellung von F\u00f6rdertrommeln gewidmet ist. Unsere maximalen Fertigungskapazit\u00e4ten liegen bei 10 Tonnen H\u00f6chstgewicht pro St\u00fcck. Mecadrum fertigt mehrere tausend Trommeln pro Jahr.<\/p>\n<p>[\/et_pb_text][\/et_pb_column][et_pb_column type=&#8221;1_2&#8243; _builder_version=&#8221;4.27.0&#8243; _module_preset=&#8221;default&#8221; global_colors_info=&#8221;{}&#8221;][et_pb_image src=&#8221;https:\/\/www.mecadrum.com\/wp-content\/uploads\/renovation-tambour-min.jpg&#8221; alt=&#8221;Tambour de convoyeur en cours d&apos;usinage&#8221; title_text=&#8221;renovation-tambour-min&#8221; _builder_version=&#8221;4.27.0&#8243; _module_preset=&#8221;default&#8221; global_colors_info=&#8221;{}&#8221;][\/et_pb_image][\/et_pb_column][\/et_pb_row][et_pb_row column_structure=&#8221;2_5,3_5&#8243; _builder_version=&#8221;4.27.0&#8243; _module_preset=&#8221;default&#8221; global_colors_info=&#8221;{}&#8221;][et_pb_column type=&#8221;2_5&#8243; _builder_version=&#8221;4.27.0&#8243; _module_preset=&#8221;default&#8221; global_colors_info=&#8221;{}&#8221;][et_pb_image src=&#8221;https:\/\/www.mecadrum.com\/wp-content\/uploads\/2014\/05\/AEO-1.png&#8221; alt=&#8221;Certif AEO&#8221; title_text=&#8221;AEO&#8221; _builder_version=&#8221;4.27.0&#8243; _module_preset=&#8221;default&#8221; global_colors_info=&#8221;{}&#8221;][\/et_pb_image][et_pb_image src=&#8221;https:\/\/www.mecadrum.com\/wp-content\/uploads\/2014\/05\/veritas-iso-9001-2015-300&#215;168.png&#8221; alt=&#8221;Certif AEO&#8221; title_text=&#8221;veritas-iso-9001-2015&#8243; _builder_version=&#8221;4.27.0&#8243; _module_preset=&#8221;default&#8221; global_colors_info=&#8221;{}&#8221;][\/et_pb_image][\/et_pb_column][et_pb_column type=&#8221;3_5&#8243; _builder_version=&#8221;4.27.0&#8243; _module_preset=&#8221;default&#8221; global_colors_info=&#8221;{}&#8221;][et_pb_text _builder_version=&#8221;4.27.0&#8243; _module_preset=&#8221;default&#8221; global_colors_info=&#8221;{}&#8221;]<\/p>\n<h3>Ein Qualit\u00e4tsansatz<\/h3>\n<p>Dank seines Qualit\u00e4tsansatzes seit \u00fcber 25 Jahren ist Mecadrum nach ISO 9001:2015 zertifiziert. Mecadrum hat den Status eines vom franz\u00f6sischen Zoll zugelassenen Wirtschaftsbeteiligten (Op\u00e9rateur Economique Agr\u00e9\u00e9, OEA) erhalten. Dieser Status bescheinigt die Qualit\u00e4t unserer Logistikkette sowie die finanzielle Solidit\u00e4t von Mecadrum. Diese beiden Zertifizierungen erleichtern die Exportabwicklung : <\/p>\n<p> <span data-type=\"normal\"  class=\"qode_icon_shortcode  q_font_awsome_icon   \" style=\" \"><i class=\"qode_icon_font_awesome fa fa-download qode_icon_element\" style=\"\" ><\/i><\/span><a href=\"https:\/\/www.mecadrum.com\/wp-content\/uploads\/CERTIFICAT-17865535-MECADRUM-9001.pdf\">Certificat_ISO_9001:2015<\/a> <span data-type=\"normal\"  class=\"qode_icon_shortcode  q_font_awsome_icon   \" style=\" \"><i class=\"qode_icon_font_awesome fa fa-download qode_icon_element\" style=\"\" ><\/i><\/span><a href=\"https:\/\/www.mecadrum.com\/wp-content\/uploads\/2018\/03\/Certificat-OEA-n\u00b0-FRAEOF00164661.pdf\" target=\"_blank\" rel=\"noopener\">AEO_Zertifikat<\/a> Finden Sie auch unsere Allgemeinen Gesch\u00e4ftsbedingungen (AGB) und Allgemeinen Einkaufsbedingungen (AEB) : <span data-type=\"normal\"  class=\"qode_icon_shortcode  q_font_awsome_icon   \" style=\" \"><i class=\"qode_icon_font_awesome fa fa-download qode_icon_element\" style=\"\" ><\/i><\/span><a href=\"https:\/\/www.mecadrum.com\/wp-content\/uploads\/2021\/07\/Conditions-Generales-de-Vente.pdf\" target=\"_blank\" rel=\"noopener\">Allgemeine Gesch\u00e4ftsbedingungen<\/a> <span data-type=\"normal\"  class=\"qode_icon_shortcode  q_font_awsome_icon   \" style=\" \"><i class=\"qode_icon_font_awesome fa fa-download qode_icon_element\" style=\"\" ><\/i><\/span><a href=\"https:\/\/www.mecadrum.com\/wp-content\/uploads\/2021\/07\/CONDITIONS-GENERALES-DACHAT.pdf\" target=\"_blank\" rel=\"noopener\">Allgemeine Einkaufsbedingungen<\/a> <\/p>\n<p>[\/et_pb_text][\/et_pb_column][\/et_pb_row][\/et_pb_section]<\/p>\n","protected":false},"excerpt":{"rendered":"<p>Mecadrum, Erfahrung und Innovation Mecadrum&#8230;<\/p>\n","protected":false},"author":1,"featured_media":0,"parent":0,"menu_order":0,"comment_status":"open","ping_status":"open","template":"full_width.php","meta":{"_et_pb_use_builder":"on","_et_pb_old_content":"","_et_gb_content_width":"","inline_featured_image":false,"footnotes":""},"class_list":["post-17497","page","type-page","status-publish","hentry"],"_links":{"self":[{"href":"https:\/\/www.mecadrum.com\/de\/wp-json\/wp\/v2\/pages\/17497"}],"collection":[{"href":"https:\/\/www.mecadrum.com\/de\/wp-json\/wp\/v2\/pages"}],"about":[{"href":"https:\/\/www.mecadrum.com\/de\/wp-json\/wp\/v2\/types\/page"}],"author":[{"embeddable":true,"href":"https:\/\/www.mecadrum.com\/de\/wp-json\/wp\/v2\/users\/1"}],"replies":[{"embeddable":true,"href":"https:\/\/www.mecadrum.com\/de\/wp-json\/wp\/v2\/comments?post=17497"}],"version-history":[{"count":39,"href":"https:\/\/www.mecadrum.com\/de\/wp-json\/wp\/v2\/pages\/17497\/revisions"}],"predecessor-version":[{"id":21111,"href":"https:\/\/www.mecadrum.com\/de\/wp-json\/wp\/v2\/pages\/17497\/revisions\/21111"}],"wp:attachment":[{"href":"https:\/\/www.mecadrum.com\/de\/wp-json\/wp\/v2\/media?parent=17497"}],"curies":[{"name":"wp","href":"https:\/\/api.w.org\/{rel}","templated":true}]}}