{"id":17379,"date":"2017-11-28T13:02:44","date_gmt":"2017-11-28T12:02:44","guid":{"rendered":"http:\/\/165.227.105.105\/abstreifer\/"},"modified":"2019-11-06T09:17:25","modified_gmt":"2019-11-06T08:17:25","slug":"abstreifer","status":"publish","type":"page","link":"https:\/\/www.mecadrum.com\/de\/andere-produkte\/abstreifer\/","title":{"rendered":"Abstreifer"},"content":{"rendered":"<p>[vc_row css_animation=&#8221;&#8221; row_type=&#8221;row&#8221; use_row_as_full_screen_section=&#8221;yes&#8221; type=&#8221;full_width&#8221; angled_section=&#8221;no&#8221; text_align=&#8221;left&#8221; background_image_as_pattern=&#8221;without_pattern&#8221;][vc_column width=&#8221;1\/2&#8243;][vc_column_text]Die Firma Mecadrum besitzt eine Partnerschaft mit der Firma Schulte Strathaus f\u00fcr alles, was Abstreifer, Flugabstreifer, Dichtlippen und selbstzentrierende Stationen anbelangt.<\/p>\n<p>Dieser sehr leistungsf\u00e4hige Abstreifer hat den Vorteil, auch abgenutzte B\u00e4nder weiterhin abzustreifen, ohne sie zu besch\u00e4digen dank seiner Abstreifelemente mit mehreren Freiheitsgraden (System STARCLEAN Twist Swing).<\/p>\n<p>Diese Abstreifer k\u00f6nnen optional auch mit einem sehr einfach einzustellenden automatischen Spannsystem, das die Wartung erleichtert, ausgestattet werden.<\/p>\n<p>Au\u00dferdem lassen sich die Abstreifelemente sehr leicht ohne Werkzeuge abnehmen.<\/p>\n<p><img loading=\"lazy\" decoding=\"async\" class=\"alignnone size-medium wp-image-16902\" src=\"https:\/\/www.mecadrum.com\/wp-content\/uploads\/2017\/10\/racleur-convoyeur-a-bande-1-300x300.png\" alt=\"\" width=\"300\" height=\"135\">[\/vc_column_text][vc_separator type=&#8221;transparent&#8221; up=&#8221;50&#8243;][\/vc_column][vc_column width=&#8221;1\/2&#8243;][vc_raw_html]PGlmcmFtZSBzcmM9Imh0dHBzOi8vd3d3LnlvdXR1YmUuY29tL2VtYmVkL0I0YnBKc2F1dmQ4P3JlbD0wJmFtcDtzaG93aW5mbz0wIiB3aWR0aD0iNTYwIiBoZWlnaHQ9IjMxNSIgZnJhbWVib3JkZXI9IjAiIGFsbG93ZnVsbHNjcmVlbj0iYWxsb3dmdWxsc2NyZWVuIj48L2lmcmFtZT4=[\/vc_raw_html][vc_separator type=&#8221;normal&#8221;][vc_column_text]<a href=\"https:\/\/www.mecadrum.com\/wp-content\/uploads\/2018\/02\/DTM-Fiche-produit-racleur-GB.pdf\"><span data-type=\"normal\"  class=\"qode_icon_shortcode  q_font_awsome_icon   \" style=\" \"><i class=\"qode_icon_font_awesome fa fa-download qode_icon_element\" style=\"\" ><\/i><\/span>Scraper range<\/a><\/p>\n<p><a href=\"https:\/\/www.mecadrum.com\/wp-content\/uploads\/2018\/02\/DTM-Technical-index-to-be-completed.pdf\"><span data-type=\"normal\"  class=\"qode_icon_shortcode  q_font_awsome_icon   \" style=\" \"><i class=\"qode_icon_font_awesome fa fa-download qode_icon_element\" style=\"\" ><\/i><\/span>Quotation Support &#8211; Technical Form<\/a>[\/vc_column_text][\/vc_column][\/vc_row][vc_row css_animation=&#8221;&#8221; row_type=&#8221;row&#8221; use_row_as_full_screen_section=&#8221;no&#8221; type=&#8221;full_width&#8221; angled_section=&#8221;no&#8221; text_align=&#8221;left&#8221; background_image_as_pattern=&#8221;without_pattern&#8221;][vc_column width=&#8221;2\/3&#8243;][\/vc_column][vc_column width=&#8221;1\/3&#8243;]<a id=\"Preisangebot\" itemprop=\"url\" href=\"\/de\/kontakt\/\" target=\"_self\"  class=\"qbutton  large default\" style=\"\">Preisangebot<i class=\"qode_icon_font_awesome fa fa-arrow-right qode_button_icon_element\" style=\"\" ><\/i><\/a>[\/vc_column][\/vc_row]<\/p>\n","protected":false},"excerpt":{"rendered":"<p>[vc_row css_animation=&#8221;&#8221; row_type=&#8221;row&#8221; use_row_as_full_screen_section=&#8221;yes&#8221; type=&#8221;full_width&#8221; angled_section=&#8221;no&#8221; text_align=&#8221;left&#8221; background_image_as_pattern=&#8221;without_pattern&#8221;][vc_column width=&#8221;1\/2&#8243;][vc_column_text]Die Firma Mecadrum besitzt eine Partnerschaft mit der Firma Schulte Strathaus f\u00fcr alles, was Abstreifer, Flugabstreifer, Dichtlippen und selbstzentrierende Stationen anbelangt. Dieser sehr leistungsf\u00e4hige Abstreifer hat den Vorteil, auch abgenutzte B\u00e4nder weiterhin abzustreifen, ohne sie zu besch\u00e4digen&#8230;<\/p>\n","protected":false},"author":1,"featured_media":0,"parent":17402,"menu_order":0,"comment_status":"closed","ping_status":"open","template":"","meta":{"_et_pb_use_builder":"","_et_pb_old_content":"","_et_gb_content_width":"","inline_featured_image":false,"footnotes":""},"class_list":["post-17379","page","type-page","status-publish","hentry"],"_links":{"self":[{"href":"https:\/\/www.mecadrum.com\/de\/wp-json\/wp\/v2\/pages\/17379"}],"collection":[{"href":"https:\/\/www.mecadrum.com\/de\/wp-json\/wp\/v2\/pages"}],"about":[{"href":"https:\/\/www.mecadrum.com\/de\/wp-json\/wp\/v2\/types\/page"}],"author":[{"embeddable":true,"href":"https:\/\/www.mecadrum.com\/de\/wp-json\/wp\/v2\/users\/1"}],"replies":[{"embeddable":true,"href":"https:\/\/www.mecadrum.com\/de\/wp-json\/wp\/v2\/comments?post=17379"}],"version-history":[{"count":8,"href":"https:\/\/www.mecadrum.com\/de\/wp-json\/wp\/v2\/pages\/17379\/revisions"}],"predecessor-version":[{"id":19574,"href":"https:\/\/www.mecadrum.com\/de\/wp-json\/wp\/v2\/pages\/17379\/revisions\/19574"}],"up":[{"embeddable":true,"href":"https:\/\/www.mecadrum.com\/de\/wp-json\/wp\/v2\/pages\/17402"}],"wp:attachment":[{"href":"https:\/\/www.mecadrum.com\/de\/wp-json\/wp\/v2\/media?parent=17379"}],"curies":[{"name":"wp","href":"https:\/\/api.w.org\/{rel}","templated":true}]}}