{"id":17154,"date":"2017-11-28T12:06:02","date_gmt":"2017-11-28T11:06:02","guid":{"rendered":"http:\/\/165.227.105.105\/startseite\/"},"modified":"2025-11-24T17:38:20","modified_gmt":"2025-11-24T16:38:20","slug":"startseite","status":"publish","type":"page","link":"https:\/\/www.mecadrum.com\/de\/","title":{"rendered":"Home"},"content":{"rendered":"<p>[vc_row row_type=&#8221;parallax&#8221; parallax_content_width=&#8221;in_grid&#8221; anchor=&#8221;Sp\u00e9cialiste&#8221; text_align=&#8221;center&#8221; full_screen_section_height=&#8221;no&#8221;][vc_column][vc_separator type=&#8221;small&#8221; position=&#8221;center&#8221;][vc_column_text]<\/p>\n<h1 style=\"text-align: center; font-size: 30px;\">Internationaler Spezialist f\u00fcr Trommeln und Komponenten f\u00fcr F\u00f6rderb\u00e4nder<\/h1>\n<p>[\/vc_column_text][vc_separator type=&#8221;small&#8221; position=&#8221;center&#8221;][vc_row_inner row_type=&#8221;row&#8221; type=&#8221;full_width&#8221; text_align=&#8221;left&#8221; css_animation=&#8221;&#8221;][vc_column_inner][vc_column_text]<\/p>\n<p style=\"text-align: center;\"><strong><a href=\"https:\/\/www.mecadrum.com\/\">Mit mehr als 50 Jahren Erfahrung verbindet Mecadrum h\u00f6chstes Engineeringniveau mit moderner Produktionstechnik<\/a>.<\/strong><\/p>\n<p>[\/vc_column_text][vc_separator type=&#8221;transparent&#8221;][\/vc_column_inner][\/vc_row_inner][\/vc_column][\/vc_row][vc_row css_animation=&#8221;&#8221; row_type=&#8221;row&#8221; use_row_as_full_screen_section=&#8221;no&#8221; type=&#8221;grid&#8221; angled_section=&#8221;no&#8221; text_align=&#8221;center&#8221; background_image_as_pattern=&#8221;without_pattern&#8221;][vc_column width=&#8221;1\/6&#8243;][vc_single_image image=&#8221;17001&#8243; alignment=&#8221;center&#8221; style=&#8221;vc_box_border_circle_2&#8243; qode_css_animation=&#8221;element_from_fade&#8221; transition_delay=&#8221;0.2&#8243;][vc_separator type=&#8221;transparent&#8221; up=&#8221;39&#8243; down=&#8221;0&#8243;][vc_column_text]<\/p>\n<h3>Trommeln<\/h3>\n<p>[\/vc_column_text][vc_separator type=&#8221;transparent&#8221; up=&#8221;17&#8243; down=&#8221;0&#8243;][vc_column_text]Verstellung von Trommeln f\u00fcr F\u00f6rderb\u00e4nder nach Ihrem Lastenheft bis zu Beanspruchungen von 1500 kN[\/vc_column_text][vc_separator type=&#8221;transparent&#8221; up=&#8221;30&#8243; down=&#8221;0&#8243;][\/vc_column][vc_column width=&#8221;1\/6&#8243;][vc_single_image image=&#8221;17097&#8243; img_size=&#8221;full&#8221; alignment=&#8221;center&#8221; style=&#8221;vc_box_border_circle_2&#8243; qode_css_animation=&#8221;element_from_fade&#8221; transition_delay=&#8221;0.3&#8243;][vc_separator type=&#8221;transparent&#8221; up=&#8221;39&#8243; down=&#8221;0&#8243;][vc_column_text]<\/p>\n<h3>Trommelmotoren<\/h3>\n<p>[\/vc_column_text][vc_separator type=&#8221;transparent&#8221; up=&#8221;17&#8243; down=&#8221;0&#8243;][vc_column_text]Trommelmotoren DRUMO\u00ae: von Durchmesser 166 bis 630 &#8211; von 0,37 kW bis 18 kW[\/vc_column_text][vc_separator type=&#8221;transparent&#8221; up=&#8221;30&#8243; down=&#8221;0&#8243;][\/vc_column][vc_column width=&#8221;1\/6&#8243;][vc_single_image image=&#8221;17008&#8243; alignment=&#8221;center&#8221; style=&#8221;vc_box_border_circle_2&#8243; qode_css_animation=&#8221;element_from_fade&#8221; transition_delay=&#8221;0.4&#8243;][vc_separator type=&#8221;transparent&#8221; up=&#8221;39&#8243; down=&#8221;0&#8243;][vc_column_text]<\/p>\n<h3>Geh\u00e4use<\/h3>\n<p>[\/vc_column_text][vc_separator type=&#8221;transparent&#8221; up=&#8221;17&#8243; down=&#8221;0&#8243;][vc_column_text]Standardgeh\u00e4use und Spezialgeh\u00e4use.[\/vc_column_text][vc_separator type=&#8221;transparent&#8221; up=&#8221;30&#8243; down=&#8221;0&#8243;][\/vc_column][vc_column width=&#8221;1\/6&#8243;][vc_single_image image=&#8221;16994&#8243; alignment=&#8221;center&#8221; style=&#8221;vc_box_border_circle_2&#8243; qode_css_animation=&#8221;element_from_fade&#8221; transition_delay=&#8221;0.5&#8243;][vc_separator type=&#8221;transparent&#8221; up=&#8221;39&#8243; down=&#8221;0&#8243;][vc_column_text]<\/p>\n<h3>Rollen<\/h3>\n<p>[\/vc_column_text][vc_separator type=&#8221;transparent&#8221; up=&#8221;17&#8243; down=&#8221;0&#8243;][vc_column_text]Standardrollen f\u00fcr F\u00f6rderb\u00e4nder und Spezialrollen[\/vc_column_text][vc_separator type=&#8221;transparent&#8221; up=&#8221;30&#8243; down=&#8221;0&#8243;][\/vc_column][vc_column width=&#8221;1\/6&#8243;][vc_single_image image=&#8221;16904&#8243; img_size=&#8221;full&#8221; alignment=&#8221;center&#8221; style=&#8221;vc_box_border_circle_2&#8243; qode_css_animation=&#8221;element_from_fade&#8221; transition_delay=&#8221;0.5&#8243;][vc_separator type=&#8221;transparent&#8221; up=&#8221;39&#8243; down=&#8221;0&#8243;][vc_column_text]<\/p>\n<h3>Abstreifer<\/h3>\n<p>[\/vc_column_text][vc_separator type=&#8221;transparent&#8221; up=&#8221;17&#8243; down=&#8221;0&#8243;][vc_column_text]Prim\u00e4rabstreifer, Sekund\u00e4rabstreifer, Flugabstreifer[\/vc_column_text][vc_separator type=&#8221;transparent&#8221; up=&#8221;39&#8243; down=&#8221;0&#8243;][\/vc_column][vc_column width=&#8221;1\/6&#8243;][vc_single_image image=&#8221;17068&#8243; img_size=&#8221;medium&#8221; alignment=&#8221;center&#8221; style=&#8221;vc_box_border_circle_2&#8243; qode_css_animation=&#8221;element_from_fade&#8221; transition_delay=&#8221;0.5&#8243;][vc_separator type=&#8221;transparent&#8221; up=&#8221;39&#8243; down=&#8221;0&#8243;][vc_column_text]<\/p>\n<h3>Kugeldruckmaschine<\/h3>\n<p>[\/vc_column_text][vc_separator type=&#8221;transparent&#8221; up=&#8221;17&#8243; down=&#8221;0&#8243;][vc_column_text]Brinella\u00ae erm\u00f6glicht die Durchf\u00fchrung von Brinell-Pr\u00fcfungen[\/vc_column_text][vc_separator type=&#8221;transparent&#8221; up=&#8221;39&#8243; down=&#8221;0&#8243;][\/vc_column][\/vc_row][vc_row css_animation=&#8221;&#8221; row_type=&#8221;row&#8221; use_row_as_full_screen_section=&#8221;no&#8221; type=&#8221;full_width&#8221; anchor=&#8221;export&#8221; angled_section=&#8221;no&#8221; text_align=&#8221;center&#8221; background_image_as_pattern=&#8221;without_pattern&#8221; padding_top=&#8221;30&#8243; padding_bottom=&#8221;30&#8243; css=&#8221;.vc_custom_1510937858356{padding-top: 30px !important;padding-bottom: 30px !important;}&#8221;][vc_column][vc_separator type=&#8221;small&#8221; position=&#8221;center&#8221;][vc_column_text]<\/p>\n<h2 style=\"text-align: center;\" align=\"left\">Mecadrum exportiert in die ganze Welt.<\/h2>\n<p>[\/vc_column_text][vc_separator type=&#8221;small&#8221; position=&#8221;center&#8221;][vc_raw_html]PGRpdiBzdHlsZT0id2lkdGg6IDEyMDA7IG92ZXJmbG93OiBoaWRkZW47IGhlaWdodDogNDUwOyI+PGlmcmFtZSBzdHlsZT0icG9pbnRlci1ldmVudHM6IG5vbmU7IGJvcmRlcjogMDsgbWFyZ2luLXRvcDogLTgwcHg7IiBzcmM9Imh0dHBzOi8vd3d3Lmdvb2dsZS5jb20vbWFwcy9kL3UvMC9lbWJlZD9taWQ9MUdiQ0NUaEY4ajNhNWM2eDJiNDFZbWNjNHV4VSIgd2lkdGg9IjEwMCUiIGhlaWdodD0iNDUwIiBmcmFtZWJvcmRlcj0iMCIgc2Nyb2xsaW5nPSJubyI+DQo8L2lmcmFtZT48L2Rpdj4=[\/vc_raw_html][vc_separator type=&#8221;transparent&#8221;][vc_column_text]<\/p>\n<h3>Ein internationaler Player<\/h3>\n<p>Mecadrum exportiert Trommeln und Komponenten f\u00fcr F\u00f6rderb\u00e4nder (von einigen kW bis zu mehr als 1.000 kW)&nbsp;in die meisten Kontinente.<\/p>\n<h4>Europa<\/h4>\n<p>England, Italien, Deutschland, Luxemburg, Belgien, Norwegen, Spanien, Polen, Griechenland, Schweiz, Niederlande, Finnland, Slowakei, Tschechische Republik, Portugal, Rum\u00e4nien, Ukraine.<\/p>\n<h4>Afrika<\/h4>\n<p>Algerien, Tunesien, Marokko, Mauretanien, \u00c4gypten, S\u00fcdafrika, Kamerun, Elfenbeink\u00fcste, Senegal, Republik Guinea, Madagaskar.<\/p>\n<h4>Asien<\/h4>\n<p>China, Iran, Korea.<\/p>\n<h4>Amerika<\/h4>\n<p>Chile, Kolumbien, Peru.<\/p>\n<h4>Ozeanien<\/h4>\n<p>Seit mehr als 10 Jahren exportieren wir mehr als 60% unserer Produkte.<br \/>\n[\/vc_column_text]<div class='testimonials_c_holder clearfix '><div class=\"testimonials_c testimonials_c_carousel\" data-show-navigation=\"no\" data-animation-speed=\"\" data-auto-rotate-slides=\"3\" data-number-per-slide=\"3\"><ul class=\"slides\"><li id=\"testimonials-c-17263\" class=\"testimonial_content\"><div class=\"testimonial_content_inner\"><div class=\"testimonial_text_holder\"><div class=\"testimonial_text_inner\" style=\"\"><p style='font-size:36px;'><\/p><p class=\"testimonial_author\" style=\"font-weight: 700;color: #b22222;\">Tereos<\/p><\/div><\/div><\/div><\/li><li id=\"testimonials-c-17270\" class=\"testimonial_content\"><div class=\"testimonial_content_inner\"><div class=\"testimonial_text_holder\"><div class=\"testimonial_text_inner\" style=\"\"><p style='font-size:36px;'><\/p><p class=\"testimonial_author\" style=\"font-weight: 700;color: #b22222;\">FLSmidth<\/p><\/div><\/div><\/div><\/li><li id=\"testimonials-c-17277\" class=\"testimonial_content\"><div class=\"testimonial_content_inner\"><div class=\"testimonial_text_holder\"><div class=\"testimonial_text_inner\" style=\"\"><p style='font-size:36px;'><\/p><p class=\"testimonial_author\" style=\"font-weight: 700;color: #b22222;\">Rio Tinto<\/p><\/div><\/div><\/div><\/li><li id=\"testimonials-c-17284\" class=\"testimonial_content\"><div class=\"testimonial_content_inner\"><div class=\"testimonial_text_holder\"><div class=\"testimonial_text_inner\" style=\"\"><p style='font-size:36px;'><\/p><p class=\"testimonial_author\" style=\"font-weight: 700;color: #b22222;\">Areva<\/p><\/div><\/div><\/div><\/li><li id=\"testimonials-c-17285\" class=\"testimonial_content\"><div class=\"testimonial_content_inner\"><div class=\"testimonial_text_holder\"><div class=\"testimonial_text_inner\" style=\"\"><p style='font-size:36px;'><\/p><p class=\"testimonial_author\" style=\"font-weight: 700;color: #b22222;\">Cargill<\/p><\/div><\/div><\/div><\/li><li id=\"testimonials-c-17293\" class=\"testimonial_content\"><div class=\"testimonial_content_inner\"><div class=\"testimonial_text_holder\"><div class=\"testimonial_text_inner\" style=\"\"><p style='font-size:36px;'><\/p><p class=\"testimonial_author\" style=\"font-weight: 700;color: #b22222;\">Beumer<\/p><\/div><\/div><\/div><\/li><li id=\"testimonials-c-17300\" class=\"testimonial_content\"><div class=\"testimonial_content_inner\"><div class=\"testimonial_text_holder\"><div class=\"testimonial_text_inner\" style=\"\"><p style='font-size:36px;'><\/p><p class=\"testimonial_author\" style=\"font-weight: 700;color: #b22222;\">Thyssen Krupp<\/p><\/div><\/div><\/div><\/li><li id=\"testimonials-c-17307\" class=\"testimonial_content\"><div class=\"testimonial_content_inner\"><div class=\"testimonial_text_holder\"><div class=\"testimonial_text_inner\" style=\"\"><p style='font-size:36px;'><\/p><p class=\"testimonial_author\" style=\"font-weight: 700;color: #b22222;\">Fives<\/p><\/div><\/div><\/div><\/li><li id=\"testimonials-c-17314\" class=\"testimonial_content\"><div class=\"testimonial_content_inner\"><div class=\"testimonial_text_holder\"><div class=\"testimonial_text_inner\" style=\"\"><p style='font-size:36px;'><\/p><p class=\"testimonial_author\" style=\"font-weight: 700;color: #b22222;\">BMW<\/p><\/div><\/div><\/div><\/li><li id=\"testimonials-c-17315\" class=\"testimonial_content\"><div class=\"testimonial_content_inner\"><div class=\"testimonial_text_holder\"><div class=\"testimonial_text_inner\" style=\"\"><p style='font-size:36px;'><\/p><p class=\"testimonial_author\" style=\"font-weight: 700;color: #b22222;\">Jaguar<\/p><\/div><\/div><\/div><\/li><li id=\"testimonials-c-17323\" class=\"testimonial_content\"><div class=\"testimonial_content_inner\"><div class=\"testimonial_text_holder\"><div class=\"testimonial_text_inner\" style=\"\"><p style='font-size:36px;'><\/p><p class=\"testimonial_author\" style=\"font-weight: 700;color: #b22222;\">Renault<\/p><\/div><\/div><\/div><\/li><li id=\"testimonials-c-17331\" class=\"testimonial_content\"><div class=\"testimonial_content_inner\"><div class=\"testimonial_text_holder\"><div class=\"testimonial_text_inner\" style=\"\"><p style='font-size:36px;'><\/p><p class=\"testimonial_author\" style=\"font-weight: 700;color: #b22222;\">Peugeot<\/p><\/div><\/div><\/div><\/li><li id=\"testimonials-c-17340\" class=\"testimonial_content\"><div class=\"testimonial_content_inner\"><div class=\"testimonial_text_holder\"><div class=\"testimonial_text_inner\" style=\"\"><p style='font-size:36px;'><\/p><p class=\"testimonial_author\" style=\"font-weight: 700;color: #b22222;\">Sea Invest<\/p><\/div><\/div><\/div><\/li><li id=\"testimonials-c-17347\" class=\"testimonial_content\"><div class=\"testimonial_content_inner\"><div class=\"testimonial_text_holder\"><div class=\"testimonial_text_inner\" style=\"\"><p style='font-size:36px;'><\/p><p class=\"testimonial_author\" style=\"font-weight: 700;color: #b22222;\">Lafarge Holcim<\/p><\/div><\/div><\/div><\/li><li id=\"testimonials-c-17348\" class=\"testimonial_content\"><div class=\"testimonial_content_inner\"><div class=\"testimonial_text_holder\"><div class=\"testimonial_text_inner\" style=\"\"><p style='font-size:36px;'><\/p><p class=\"testimonial_author\" style=\"font-weight: 700;color: #b22222;\">OCP<\/p><\/div><\/div><\/div><\/li><li id=\"testimonials-c-17356\" class=\"testimonial_content\"><div class=\"testimonial_content_inner\"><div class=\"testimonial_text_holder\"><div class=\"testimonial_text_inner\" style=\"\"><p style='font-size:36px;'><\/p><p class=\"testimonial_author\" style=\"font-weight: 700;color: #b22222;\">Codelco<\/p><\/div><\/div><\/div><\/li><li id=\"testimonials-c-17363\" class=\"testimonial_content\"><div class=\"testimonial_content_inner\"><div class=\"testimonial_text_holder\"><div class=\"testimonial_text_inner\" style=\"\"><p style='font-size:36px;'><\/p><p class=\"testimonial_author\" style=\"font-weight: 700;color: #b22222;\">Eramet<\/p><\/div><\/div><\/div><\/li><li id=\"testimonials-c-17370\" class=\"testimonial_content\"><div class=\"testimonial_content_inner\"><div class=\"testimonial_text_holder\"><div class=\"testimonial_text_inner\" style=\"\"><p style='font-size:36px;'><\/p><p class=\"testimonial_author\" style=\"font-weight: 700;color: #b22222;\">Glencore<\/p><\/div><\/div><\/div><\/li><li id=\"testimonials-c-17377\" class=\"testimonial_content\"><div class=\"testimonial_content_inner\"><div class=\"testimonial_text_holder\"><div class=\"testimonial_text_inner\" style=\"\"><p style='font-size:36px;'><\/p><p class=\"testimonial_author\" style=\"font-weight: 700;color: #b22222;\">Vale<\/p><\/div><\/div><\/div><\/li><\/ul><\/div><\/div>[\/vc_column][\/vc_row][vc_row css_animation=&#8221;&#8221; row_type=&#8221;row&#8221; use_row_as_full_screen_section=&#8221;no&#8221; type=&#8221;full_width&#8221; angled_section=&#8221;no&#8221; text_align=&#8221;center&#8221; background_image_as_pattern=&#8221;without_pattern&#8221; background_color=&#8221;#f2f2f2&#8243;][vc_column][vc_separator type=&#8221;small&#8221; position=&#8221;center&#8221;][vc_column_text]<\/p>\n<h2>Zertifizierungen<\/h2>\n<p>[\/vc_column_text][vc_separator type=&#8221;small&#8221; position=&#8221;center&#8221;][vc_row_inner row_type=&#8221;row&#8221; type=&#8221;full_width&#8221; anchor=&#8221;certifications&#8221; text_align=&#8221;left&#8221; css_animation=&#8221;&#8221;][vc_column_inner width=&#8221;1\/2&#8243;][vc_column_text css=&#8221;.vc_custom_1510934881529{padding-right: 50px !important;padding-bottom: 0px !important;padding-left: 50px !important;}&#8221;]<\/p>\n<h3 style=\"text-align: center;\"><img loading=\"lazy\" decoding=\"async\" class=\"wp-image-16686 size-medium aligncenter\" src=\"https:\/\/www.mecadrum.com\/wp-content\/uploads\/2014\/05\/veritas-iso-9001-2015-300x168.png\" alt=\"\" width=\"300\" height=\"200\"><\/h3>\n<p>[\/vc_column_text][\/vc_column_inner][vc_column_inner width=&#8221;1\/2&#8243;][vc_column_text css=&#8221;.vc_custom_1510934606974{padding-right: 50px !important;padding-left: 50px !important;}&#8221;]<\/p>\n<h3 style=\"text-align: center;\"><img loading=\"lazy\" decoding=\"async\" class=\"aligncenter wp-image-16692\" src=\"https:\/\/www.mecadrum.com\/wp-content\/uploads\/2014\/05\/AEO-2-300x205.png\" alt=\"\" width=\"200\" height=\"136\" srcset=\"https:\/\/www.mecadrum.com\/wp-content\/uploads\/2014\/05\/AEO-2-300x205.png 300w, https:\/\/www.mecadrum.com\/wp-content\/uploads\/2014\/05\/AEO-2-768x524.png 768w, https:\/\/www.mecadrum.com\/wp-content\/uploads\/2014\/05\/AEO-2-700x478.png 700w, https:\/\/www.mecadrum.com\/wp-content\/uploads\/2014\/05\/AEO-2.png 793w\" sizes=\"(max-width: 200px) 100vw, 200px\" \/><\/h3>\n<h3 style=\"text-align: center;\"><\/h3>\n<p>[\/vc_column_text][\/vc_column_inner][\/vc_row_inner][vc_row_inner row_type=&#8221;row&#8221; type=&#8221;full_width&#8221; text_align=&#8221;left&#8221; css_animation=&#8221;&#8221;][vc_column_inner width=&#8221;1\/2&#8243;][vc_column_text]<\/p>\n<h4 style=\"text-align: center;\">Mecadrum ist ISO 9001:2015 zertifiziert<\/h4>\n<p>[\/vc_column_text][\/vc_column_inner][vc_column_inner width=&#8221;1\/2&#8243;][vc_column_text]<\/p>\n<h4 style=\"text-align: center;\">Mecadrum erhielt den Status Zugelassener Wirtschaftsbeteiligter beim franz\u00f6sischen Zoll (AEO)<\/h4>\n<p>[\/vc_column_text][\/vc_column_inner][\/vc_row_inner][vc_separator type=&#8221;transparent&#8221; down=&#8221;10&#8243;][\/vc_column][\/vc_row][vc_row css_animation=&#8221;&#8221; row_type=&#8221;row&#8221; use_row_as_full_screen_section=&#8221;no&#8221; type=&#8221;grid&#8221; angled_section=&#8221;no&#8221; text_align=&#8221;center&#8221; background_image_as_pattern=&#8221;without_pattern&#8221; padding_top=&#8221;30&#8243; padding_bottom=&#8221;30&#8243;][vc_column][vc_separator type=&#8221;small&#8221; position=&#8221;center&#8221;][vc_column_text]<\/p>\n<h2>Partnerschaften<\/h2>\n<p>[\/vc_column_text][vc_separator type=&#8221;small&#8221; position=&#8221;center&#8221;]<div class='qode_carousels_holder clearfix'><div class='qode_carousels' data-number-of-visible-items='5'><ul class='slides'><li class='item'><div class=\"carousel_item_holder\"><span class='first_image_holder has_hover_image'><img decoding=\"async\" itemprop=\"image\" src=\"https:\/\/www.mecadrum.com\/wp-content\/uploads\/2017\/11\/schulte-strathaus_GRIS.png\" alt=\"carousel image\" \/><\/span><span class='second_image_holder has_hover_image'><img decoding=\"async\" itemprop=\"image\" src=\"https:\/\/www.mecadrum.com\/wp-content\/uploads\/2017\/11\/schulte-strathaus_COULEUR.png\" alt=\"carousel image\" \/><\/span><\/div><\/li><li class='item'><div class=\"carousel_item_holder\"><span class='first_image_holder has_hover_image'><img decoding=\"async\" itemprop=\"image\" src=\"https:\/\/www.mecadrum.com\/wp-content\/uploads\/2017\/11\/Schaeffler_gris.png\" alt=\"carousel image\" \/><\/span><span class='second_image_holder has_hover_image'><img decoding=\"async\" itemprop=\"image\" src=\"https:\/\/www.mecadrum.com\/wp-content\/uploads\/2017\/11\/shaeffer-vert.png\" alt=\"carousel image\" \/><\/span><\/div><\/li><li class='item'><div class=\"carousel_item_holder\"><span class='first_image_holder has_hover_image'><img decoding=\"async\" itemprop=\"image\" src=\"https:\/\/www.mecadrum.com\/wp-content\/uploads\/2017\/11\/SKF-logo_GRIS.png\" alt=\"carousel image\" \/><\/span><span class='second_image_holder has_hover_image'><img decoding=\"async\" itemprop=\"image\" src=\"https:\/\/www.mecadrum.com\/wp-content\/uploads\/2017\/11\/SKF-logo-BLEU.png\" alt=\"carousel image\" \/><\/span><\/div><\/li><li class='item'><div class=\"carousel_item_holder\"><span class='first_image_holder has_hover_image'><img decoding=\"async\" itemprop=\"image\" src=\"https:\/\/www.mecadrum.com\/wp-content\/uploads\/2017\/11\/timken-gris.png\" alt=\"carousel image\" \/><\/span><span class='second_image_holder has_hover_image'><img decoding=\"async\" itemprop=\"image\" src=\"https:\/\/www.mecadrum.com\/wp-content\/uploads\/2017\/11\/timken-orange.png\" alt=\"carousel image\" \/><\/span><\/div><\/li><li class='item'><div class=\"carousel_item_holder\"><span class='first_image_holder has_hover_image'><img decoding=\"async\" itemprop=\"image\" src=\"https:\/\/www.mecadrum.com\/wp-content\/uploads\/2017\/11\/TTA-GRIS.png\" alt=\"carousel image\" \/><\/span><span class='second_image_holder has_hover_image'><img decoding=\"async\" itemprop=\"image\" src=\"https:\/\/www.mecadrum.com\/wp-content\/uploads\/2017\/11\/TTA-COULEUR.png\" alt=\"carousel image\" \/><\/span><\/div><\/li><\/ul><\/div><\/div>[\/vc_column][\/vc_row]<\/p>\n","protected":false},"excerpt":{"rendered":"<p>[vc_row row_type=&#8221;parallax&#8221; parallax_content_width=&#8221;in_grid&#8221; anchor=&#8221;Sp\u00e9cialiste&#8221; text_align=&#8221;center&#8221; full_screen_section_height=&#8221;no&#8221;][vc_column][vc_separator type=&#8221;small&#8221; position=&#8221;center&#8221;][vc_column_text] Internationaler Spezialist f\u00fcr Trommeln und Komponenten f\u00fcr F\u00f6rderb\u00e4nder [\/vc_column_text][vc_separator type=&#8221;small&#8221; position=&#8221;center&#8221;][vc_row_inner row_type=&#8221;row&#8221; type=&#8221;full_width&#8221; text_align=&#8221;left&#8221; css_animation=&#8221;&#8221;][vc_column_inner][vc_column_text] Mit mehr als 50 Jahren Erfahrung verbindet Mecadrum h\u00f6chstes Engineeringniveau mit moderner Produktionstechnik. [\/vc_column_text][vc_separator type=&#8221;transparent&#8221;][\/vc_column_inner][\/vc_row_inner][\/vc_column][\/vc_row][vc_row css_animation=&#8221;&#8221; row_type=&#8221;row&#8221; use_row_as_full_screen_section=&#8221;no&#8221; type=&#8221;grid&#8221; angled_section=&#8221;no&#8221; text_align=&#8221;center&#8221; background_image_as_pattern=&#8221;without_pattern&#8221;][vc_column&#8230;<\/p>\n","protected":false},"author":1,"featured_media":0,"parent":0,"menu_order":0,"comment_status":"open","ping_status":"open","template":"full_width.php","meta":{"_et_pb_use_builder":"off","_et_pb_old_content":"","_et_gb_content_width":"","inline_featured_image":false,"footnotes":""},"class_list":["post-17154","page","type-page","status-publish","hentry"],"_links":{"self":[{"href":"https:\/\/www.mecadrum.com\/de\/wp-json\/wp\/v2\/pages\/17154"}],"collection":[{"href":"https:\/\/www.mecadrum.com\/de\/wp-json\/wp\/v2\/pages"}],"about":[{"href":"https:\/\/www.mecadrum.com\/de\/wp-json\/wp\/v2\/types\/page"}],"author":[{"embeddable":true,"href":"https:\/\/www.mecadrum.com\/de\/wp-json\/wp\/v2\/users\/1"}],"replies":[{"embeddable":true,"href":"https:\/\/www.mecadrum.com\/de\/wp-json\/wp\/v2\/comments?post=17154"}],"version-history":[{"count":72,"href":"https:\/\/www.mecadrum.com\/de\/wp-json\/wp\/v2\/pages\/17154\/revisions"}],"predecessor-version":[{"id":21153,"href":"https:\/\/www.mecadrum.com\/de\/wp-json\/wp\/v2\/pages\/17154\/revisions\/21153"}],"wp:attachment":[{"href":"https:\/\/www.mecadrum.com\/de\/wp-json\/wp\/v2\/media?parent=17154"}],"curies":[{"name":"wp","href":"https:\/\/api.w.org\/{rel}","templated":true}]}}