{"id":17145,"date":"2017-11-28T11:29:16","date_gmt":"2017-11-28T10:29:16","guid":{"rendered":"http:\/\/165.227.105.105\/kugeldruckmaschine\/"},"modified":"2019-11-06T09:19:45","modified_gmt":"2019-11-06T08:19:45","slug":"kugeldruckmaschine","status":"publish","type":"page","link":"https:\/\/www.mecadrum.com\/de\/kugeldruckmaschine\/","title":{"rendered":"Kugeldruckmaschine BRINELLA\u00ae"},"content":{"rendered":"<p>[vc_row css_animation=&#8221;&#8221; row_type=&#8221;row&#8221; use_row_as_full_screen_section=&#8221;yes&#8221; type=&#8221;full_width&#8221; angled_section=&#8221;no&#8221; text_align=&#8221;left&#8221; background_image_as_pattern=&#8221;without_pattern&#8221;][vc_column width=&#8221;2\/3&#8243;][vc_column_text]Die Kugeldruckmaschine BRINELLA\u00ae ist eine eingetragene Handelsmarke von MecadruM.<br \/>\nSie erm\u00f6glicht die Durchf\u00fchrung von Brinell-Pr\u00fcfungen mit hoher Pr\u00e4zision an Werkst\u00fccken unterschiedlichster Formen und Abmessungen in jeder Position praktisch \u00fcberall, auch auf engstem Raum.<br \/>\nDas Standardger\u00e4t \u00fcbt einen Belastung von 3.000 kg auf eine Karbidkugel von 10 mm aus.<br \/>\nAuch andere Belastungen sind m\u00f6glich, z. B. 1.000 kg, 750 kg und die Verwendung von Kugeln mit einem Durchmesser von 5 mm und 2,5 mm.<br \/>\nDie Kugeldruckmaschine BRINELLA\u00ae ist ein leichtes, robustes und zuverl\u00e4ssiges Pr\u00e4zisionsinstrument.<br \/>\nSie ist tragbar und kann direkt in Ihrem Materialpark verwendet werden.<br \/>\nEs ist unn\u00f6tig, Pr\u00fcflinge zu entnehmen, die Funktionsweise ist sehr einfach.<br \/>\nDie Ablesung des Kugeleindrucks erfolgt direkt auf dem St\u00fcck mit einem Mikroskop mit 30facher Vergr\u00f6\u00dferung, das eine Vergr\u00f6\u00dferung mit h\u00f6herer Pr\u00e4zision erm\u00f6glicht.<br \/>\nEs ist keine Berechnung n\u00f6tig, denn man kann die entsprechende H\u00e4rte sofort auf der mitgelieferten Tabelle ablesen.[\/vc_column_text][vc_separator type=&#8221;transparent&#8221; down=&#8221;15&#8243;][\/vc_column][vc_column width=&#8221;1\/3&#8243;][vc_column_text]<a href=\"https:\/\/www.mecadrum.com\/wp-content\/uploads\/2018\/02\/table-750-durete-brinella-v2017-AL.pdf\"><span data-type=\"normal\"  class=\"qode_icon_shortcode  q_font_awsome_icon   \" style=\" \"><i class=\"qode_icon_font_awesome fa fa-download qode_icon_element\" style=\"\" ><\/i><\/span> Brinella Entsprechenden H\u00e4rte 750<\/a><\/p>\n<p><a href=\"https:\/\/www.mecadrum.com\/wp-content\/uploads\/2018\/02\/table-1000-durete-brinella-v2017-AL.pdf\"><span data-type=\"normal\"  class=\"qode_icon_shortcode  q_font_awsome_icon   \" style=\" \"><i class=\"qode_icon_font_awesome fa fa-download qode_icon_element\" style=\"\" ><\/i><\/span> Brinella Entsprechenden H\u00e4rte 1000<\/a><\/p>\n<p><a href=\"https:\/\/www.mecadrum.com\/wp-content\/uploads\/2018\/02\/table-3000-durete-brinella-v2017-AL.pdf\"><span data-type=\"normal\"  class=\"qode_icon_shortcode  q_font_awsome_icon   \" style=\" \"><i class=\"qode_icon_font_awesome fa fa-download qode_icon_element\" style=\"\" ><\/i><\/span> Brinella Entsprechenden H\u00e4rte 3000<\/a><br \/>\n<a href=\"https:\/\/www.mecadrum.com\/wp-content\/uploads\/2018\/02\/Plaquette-MAB.pdf\"><span data-type=\"normal\"  class=\"qode_icon_shortcode  q_font_awsome_icon   \" style=\" \"><i class=\"qode_icon_font_awesome fa fa-download qode_icon_element\" style=\"\" ><\/i><\/span>Brinella Dokumentation in Franz\u00f6sisch<\/a><br \/>\n<a href=\"https:\/\/www.mecadrum.com\/wp-content\/uploads\/2018\/02\/Brinella-operating-instructions.pdf\"><span data-type=\"normal\"  class=\"qode_icon_shortcode  q_font_awsome_icon   \" style=\" \"><i class=\"qode_icon_font_awesome fa fa-download qode_icon_element\" style=\"\" ><\/i><\/span>Brinella operating instructions<\/a><br \/>\n<a href=\"https:\/\/www.mecadrum.com\/wp-content\/uploads\/2018\/02\/Plaquette-Microscope-AL.pdf\"><span data-type=\"normal\"  class=\"qode_icon_shortcode  q_font_awsome_icon   \" style=\" \"><i class=\"qode_icon_font_awesome fa fa-download qode_icon_element\" style=\"\" ><\/i><\/span>Mikroskope Dokumentation<\/a>[\/vc_column_text][vc_separator type=&#8221;transparent&#8221; down=&#8221;15&#8243;][vc_single_image image=&#8221;17073&#8243; img_size=&#8221;medium&#8221; qode_css_animation=&#8221;&#8221;][vc_separator type=&#8221;transparent&#8221; down=&#8221;15&#8243;]<a id=\"Preisangebot\" itemprop=\"url\" href=\"\/de\/kontakt\/\" target=\"_self\"  class=\"qbutton  large default\" style=\"\">Preisangebot<i class=\"qode_icon_font_awesome fa fa-arrow-right qode_button_icon_element\" style=\"\" ><\/i><\/a>[\/vc_column][\/vc_row]<\/p>\n","protected":false},"excerpt":{"rendered":"<p>[vc_row css_animation=&#8221;&#8221; row_type=&#8221;row&#8221; use_row_as_full_screen_section=&#8221;yes&#8221; type=&#8221;full_width&#8221; angled_section=&#8221;no&#8221; text_align=&#8221;left&#8221; background_image_as_pattern=&#8221;without_pattern&#8221;][vc_column width=&#8221;2\/3&#8243;][vc_column_text]Die Kugeldruckmaschine BRINELLA\u00ae ist eine eingetragene Handelsmarke von MecadruM. Sie erm\u00f6glicht die Durchf\u00fchrung von Brinell-Pr\u00fcfungen mit hoher Pr\u00e4zision an Werkst\u00fccken unterschiedlichster Formen und Abmessungen in jeder Position praktisch \u00fcberall, auch auf engstem Raum. Das Standardger\u00e4t \u00fcbt einen&#8230;<\/p>\n","protected":false},"author":1,"featured_media":0,"parent":0,"menu_order":0,"comment_status":"closed","ping_status":"open","template":"","meta":{"_et_pb_use_builder":"","_et_pb_old_content":"","_et_gb_content_width":"","inline_featured_image":false,"footnotes":""},"class_list":["post-17145","page","type-page","status-publish","hentry"],"_links":{"self":[{"href":"https:\/\/www.mecadrum.com\/de\/wp-json\/wp\/v2\/pages\/17145"}],"collection":[{"href":"https:\/\/www.mecadrum.com\/de\/wp-json\/wp\/v2\/pages"}],"about":[{"href":"https:\/\/www.mecadrum.com\/de\/wp-json\/wp\/v2\/types\/page"}],"author":[{"embeddable":true,"href":"https:\/\/www.mecadrum.com\/de\/wp-json\/wp\/v2\/users\/1"}],"replies":[{"embeddable":true,"href":"https:\/\/www.mecadrum.com\/de\/wp-json\/wp\/v2\/comments?post=17145"}],"version-history":[{"count":10,"href":"https:\/\/www.mecadrum.com\/de\/wp-json\/wp\/v2\/pages\/17145\/revisions"}],"predecessor-version":[{"id":19001,"href":"https:\/\/www.mecadrum.com\/de\/wp-json\/wp\/v2\/pages\/17145\/revisions\/19001"}],"wp:attachment":[{"href":"https:\/\/www.mecadrum.com\/de\/wp-json\/wp\/v2\/media?parent=17145"}],"curies":[{"name":"wp","href":"https:\/\/api.w.org\/{rel}","templated":true}]}}